{"id":1935,"date":"2024-10-30T09:06:10","date_gmt":"2024-10-30T07:06:10","guid":{"rendered":"https:\/\/vikingsauna.eu\/omkring\/"},"modified":"2026-03-16T21:53:53","modified_gmt":"2026-03-16T19:53:53","slug":"omkring","status":"publish","type":"page","link":"https:\/\/vikingsauna.eu\/da\/omkring\/","title":{"rendered":"Omkring"},"content":{"rendered":"\n<div class=\"wp-block-uagb-container uagb-block-5ee2c2a3 alignfull uagb-is-root-container\"><div class=\"uagb-container-inner-blocks-wrap\">\n<div class=\"wp-block-uagb-info-box uagb-block-475f69c2 uagb-infobox__content-wrap  uagb-infobox-icon-above-title uagb-infobox-image-valign-top\"><div class=\"uagb-ifb-content\"><div class=\"uagb-ifb-title-wrap\"><h1 class=\"uagb-ifb-title\">Om os<\/h1><\/div><\/div><\/div>\n<\/div><\/div>\n\n<div class=\"wp-block-uagb-container uagb-block-6180d998 alignfull uagb-is-root-container\"><div class=\"uagb-container-inner-blocks-wrap\">\n<div class=\"wp-block-uagb-container uagb-block-a106220a\">\n<div class=\"wp-block-uagb-info-box uagb-block-c1796f0d uagb-infobox__content-wrap  uagb-infobox-icon-above-title uagb-infobox-image-valign-top\"><div class=\"uagb-ifb-content\"><div class=\"uagb-ifb-title-wrap\"><h2 class=\"uagb-ifb-title\"><strong>VikingSauna &#8211; hvor nordisk tradition m\u00f8der moderne wellness<\/strong><\/h2><\/div><div class=\"uagb-ifb-separator\"><\/div><\/div><\/div>\n\n\n\n<div class=\"wp-block-uagb-advanced-heading uagb-block-6df75469\"><p class=\"uagb-desc-text\">Hos VikingSauna videref\u00f8rer vi den stolte arv af nordisk h\u00e5ndv\u00e6rk og den tidl\u00f8se tradition for saunakultur. Inspireret af Nordens barske sk\u00f8nhed og vikingernes legendariske \u00e5nd designer og bygger vi saunahytter, der er lige s\u00e5 holdbare og autentiske, som de er luksuri\u00f8se. <\/p><\/div>\n<\/div>\n\n\n\n<div class=\"wp-block-uagb-container uagb-block-73803a7d\">\n<div class=\"wp-block-uagb-image alignleft uagb-block-f4eb2ae2 wp-block-uagb-image--layout-default wp-block-uagb-image--effect-static wp-block-uagb-image--align-left\"><figure class=\"wp-block-uagb-image__figure\"><img decoding=\"async\" srcset=\"https:\/\/vikingsauna.eu\/wp-content\/uploads\/2024\/11\/received_3279011269092994-1024x768-1.jpeg ,https:\/\/vikingsauna.eu\/wp-content\/uploads\/2024\/11\/received_3279011269092994-1024x768-1.jpeg 780w, https:\/\/vikingsauna.eu\/wp-content\/uploads\/2024\/11\/received_3279011269092994-1024x768-1.jpeg 360w\" sizes=\"auto, (max-width: 480px) 150px\" src=\"https:\/\/vikingsauna.eu\/wp-content\/uploads\/2024\/11\/received_3279011269092994-1024x768-1.jpeg\" alt=\"\" class=\"uag-image-1049\" width=\"550\" height=\"550\" title=\"received_3279011269092994-1024x768\" loading=\"lazy\" role=\"img\"><\/figure><\/div>\n<\/div>\n<\/div><\/div>\n\n<div class=\"wp-block-uagb-container uagb-block-4844c372 alignfull uagb-is-root-container\"><div class=\"uagb-container-inner-blocks-wrap\">\n<div class=\"wp-block-uagb-info-box uagb-block-10403128 uagb-infobox__content-wrap  uagb-infobox-icon-above-title uagb-infobox-image-valign-top\"><div class=\"uagb-ifb-content\"><div class=\"uagb-ifb-title-wrap\"><h2 class=\"uagb-ifb-title\">VikingSaunas mission og v\u00e6rdier<\/h2><\/div><div class=\"uagb-ifb-separator\"><\/div><\/div><\/div>\n\n\n\n<div class=\"wp-block-uagb-container uagb-block-cbeecd5d\">\n<div class=\"wp-block-uagb-info-box uagb-block-a485eae5 uagb-infobox__content-wrap  uagb-infobox-icon-above-title uagb-infobox-image-valign-top\"><div class=\"uagb-ifb-content\"><div class=\"uagb-ifb-title-wrap\"><h3 class=\"uagb-ifb-title\">Missionserkl\u00e6ring<\/h3><\/div><p class=\"uagb-ifb-desc\">Vores mission er enkel: at bringe hjertet af skandinavisk wellness ind i dit hjem eller tilflugtssted. Med dyb respekt for naturen bruger vi kun f\u00f8rsteklasses, b\u00e6redygtigt indk\u00f8bt tr\u00e6 og kombinerer traditionelle metoder med moderne innovationer for at levere saunaoplevelser, der er uden sidestykke. <\/p><\/div><\/div>\n\n\n\n<div class=\"wp-block-uagb-separator uagb-block-a1163d07\"><div class=\"wp-block-uagb-separator__inner\" style=\"--my-background-image:\"><\/div><\/div>\n\n\n\n<div class=\"wp-block-uagb-info-box uagb-block-619321b6 uagb-infobox__content-wrap  uagb-infobox-icon-above-title uagb-infobox-image-valign-top\"><div class=\"uagb-ifb-content\"><div class=\"uagb-ifb-title-wrap\"><h3 class=\"uagb-ifb-title\">Vores kernev\u00e6rdier<\/h3><\/div><p class=\"uagb-ifb-desc\">Det, der adskiller os fra andre, er vores dedikation til kvalitet, personlig tilpasning og kundetilfredshed. Hver sauna, vi skaber, er et unikt mesterv\u00e6rk, h\u00e5ndlavet med pr\u00e6cision og omhu af vores team af dygtige h\u00e5ndv\u00e6rkere. Uanset om du er p\u00e5 udkig efter et hyggeligt fristed i baghaven eller et skr\u00e6ddersyet saunahelligdom, arbejder vi sammen med dig for at g\u00f8re din vision til virkelighed.  <br\/><br\/>Hos VikingSauna mener vi, at en sauna er mere end bare et rum &#8211; det er en livsstil. Det er der, hvor tr\u00e6ets varme m\u00f8der sj\u00e6lens ro, og hvor hvert \u00f8jeblik bliver en investering i dit helbred og dit velbefindende. <\/p><\/div><\/div>\n<\/div>\n<\/div><\/div>\n\n<div class=\"wp-block-uagb-container uagb-block-4e509e03 alignfull uagb-is-root-container\"><div class=\"uagb-container-inner-blocks-wrap\">\n<div class=\"wp-block-uagb-container uagb-block-904262c0\">\n<div class=\"wp-block-uagb-image alignleft uagb-block-d71b66fb wp-block-uagb-image--layout-default wp-block-uagb-image--effect-static wp-block-uagb-image--align-left\"><figure class=\"wp-block-uagb-image__figure\"><img decoding=\"async\" srcset=\"https:\/\/vikingsauna.eu\/wp-content\/uploads\/2024\/11\/mxshgjnmsztryj65735-1024x577-1.jpg ,https:\/\/vikingsauna.eu\/wp-content\/uploads\/2024\/11\/mxshgjnmsztryj65735-1024x577-1.jpg 780w, https:\/\/vikingsauna.eu\/wp-content\/uploads\/2024\/11\/mxshgjnmsztryj65735-1024x577-1.jpg 360w\" sizes=\"auto, (max-width: 480px) 150px\" src=\"https:\/\/vikingsauna.eu\/wp-content\/uploads\/2024\/11\/mxshgjnmsztryj65735-1024x577-1.jpg\" alt=\"\" class=\"uag-image-1206\" width=\"550\" height=\"550\" title=\"mxshgjnmsztryj65735-1024x577\" loading=\"lazy\" role=\"img\"><\/figure><\/div>\n<\/div>\n\n\n\n<div class=\"wp-block-uagb-container uagb-block-b062fc06 alignfull uagb-is-root-container\"><div class=\"uagb-container-inner-blocks-wrap\">\n<div class=\"wp-block-uagb-advanced-heading uagb-block-650180e9\"><h2 class=\"uagb-heading-text\">Tag med os p\u00e5 denne rejse og oplev den uovertrufne komfort, elegance og tradition, som kun VikingSauna kan tilbyde.<\/h2><\/div>\n\n\n\n<div style=\"height:50px\" aria-hidden=\"true\" class=\"wp-block-spacer\"><\/div>\n\n\n\n<div class=\"wp-block-buttons is-layout-flex wp-block-buttons-is-layout-flex\">\n<div class=\"wp-block-button\"><a class=\"wp-block-button__link wp-element-button\" href=\"https:\/\/vikingsauna.eu\/da\/produkter\/\">Se produkter<\/a><\/div>\n<\/div>\n<\/div><\/div>\n<\/div><\/div>\n","protected":false},"excerpt":{"rendered":"<p>Hos VikingSauna videref\u00f8rer vi den stolte arv af nordisk h\u00e5ndv\u00e6rk og den tidl\u00f8se tradition for saunakultur. Inspireret af Nordens barske [&hellip;]<\/p>\n","protected":false},"author":1,"featured_media":0,"parent":0,"menu_order":0,"comment_status":"closed","ping_status":"closed","template":"","meta":{"_uag_custom_page_level_css":"","site-sidebar-layout":"default","site-content-layout":"","ast-site-content-layout":"default","site-content-style":"default","site-sidebar-style":"default","ast-global-header-display":"","ast-banner-title-visibility":"","ast-main-header-display":"","ast-hfb-above-header-display":"","ast-hfb-below-header-display":"","ast-hfb-mobile-header-display":"","site-post-title":"disabled","ast-breadcrumbs-content":"","ast-featured-img":"","footer-sml-layout":"","ast-disable-related-posts":"","theme-transparent-header-meta":"enabled","adv-header-id-meta":"","stick-header-meta":"","header-above-stick-meta":"","header-main-stick-meta":"","header-below-stick-meta":"","astra-migrate-meta-layouts":"default","ast-page-background-enabled":"default","ast-page-background-meta":{"desktop":{"background-color":"var(--ast-global-color-4)","background-image":"","background-repeat":"repeat","background-position":"center center","background-size":"auto","background-attachment":"scroll","background-type":"","background-media":"","overlay-type":"","overlay-color":"","overlay-opacity":"","overlay-gradient":""},"tablet":{"background-color":"","background-image":"","background-repeat":"repeat","background-position":"center center","background-size":"auto","background-attachment":"scroll","background-type":"","background-media":"","overlay-type":"","overlay-color":"","overlay-opacity":"","overlay-gradient":""},"mobile":{"background-color":"","background-image":"","background-repeat":"repeat","background-position":"center center","background-size":"auto","background-attachment":"scroll","background-type":"","background-media":"","overlay-type":"","overlay-color":"","overlay-opacity":"","overlay-gradient":""}},"ast-content-background-meta":{"desktop":{"background-color":"var(--ast-global-color-5)","background-image":"","background-repeat":"repeat","background-position":"center center","background-size":"auto","background-attachment":"scroll","background-type":"","background-media":"","overlay-type":"","overlay-color":"","overlay-opacity":"","overlay-gradient":""},"tablet":{"background-color":"var(--ast-global-color-5)","background-image":"","background-repeat":"repeat","background-position":"center center","background-size":"auto","background-attachment":"scroll","background-type":"","background-media":"","overlay-type":"","overlay-color":"","overlay-opacity":"","overlay-gradient":""},"mobile":{"background-color":"var(--ast-global-color-5)","background-image":"","background-repeat":"repeat","background-position":"center center","background-size":"auto","background-attachment":"scroll","background-type":"","background-media":"","overlay-type":"","overlay-color":"","overlay-opacity":"","overlay-gradient":""}},"footnotes":""},"class_list":["post-1935","page","type-page","status-publish","hentry"],"yoast_head":"<!-- This site is optimized with the Yoast SEO plugin v27.3 - https:\/\/yoast.com\/product\/yoast-seo-wordpress\/ -->\n<title>Omkring - VikingSauna<\/title>\n<meta name=\"robots\" content=\"index, follow, max-snippet:-1, max-image-preview:large, max-video-preview:-1\" \/>\n<link rel=\"canonical\" href=\"https:\/\/vikingsauna.eu\/da\/omkring\/\" \/>\n<meta property=\"og:locale\" content=\"da_DK\" \/>\n<meta property=\"og:type\" content=\"article\" \/>\n<meta property=\"og:title\" content=\"Omkring - VikingSauna\" \/>\n<meta property=\"og:description\" content=\"Hos VikingSauna videref\u00f8rer vi den stolte arv af nordisk h\u00e5ndv\u00e6rk og den tidl\u00f8se tradition for saunakultur. Inspireret af Nordens barske [&hellip;]\" \/>\n<meta property=\"og:url\" content=\"https:\/\/vikingsauna.eu\/da\/omkring\/\" \/>\n<meta property=\"og:site_name\" content=\"VikingSauna\" \/>\n<meta property=\"article:publisher\" content=\"https:\/\/www.facebook.com\/people\/VikingSauna\/61567916655491\/?_rdr\" \/>\n<meta property=\"article:modified_time\" content=\"2026-03-16T19:53:53+00:00\" \/>\n<meta property=\"og:image\" content=\"https:\/\/vikingsauna.eu\/wp-content\/uploads\/2024\/11\/received_3279011269092994-1024x768-1.jpeg\" \/>\n<meta name=\"twitter:card\" content=\"summary_large_image\" \/>\n<meta name=\"twitter:label1\" content=\"Estimeret l\u00e6setid\" \/>\n\t<meta name=\"twitter:data1\" content=\"1 minut\" \/>\n<script type=\"application\/ld+json\" class=\"yoast-schema-graph\">{\"@context\":\"https:\\\/\\\/schema.org\",\"@graph\":[{\"@type\":\"WebPage\",\"@id\":\"https:\\\/\\\/vikingsauna.eu\\\/da\\\/omkring\\\/\",\"url\":\"https:\\\/\\\/vikingsauna.eu\\\/da\\\/omkring\\\/\",\"name\":\"Omkring - VikingSauna\",\"isPartOf\":{\"@id\":\"https:\\\/\\\/vikingsauna.eu\\\/#website\"},\"primaryImageOfPage\":{\"@id\":\"https:\\\/\\\/vikingsauna.eu\\\/da\\\/omkring\\\/#primaryimage\"},\"image\":{\"@id\":\"https:\\\/\\\/vikingsauna.eu\\\/da\\\/omkring\\\/#primaryimage\"},\"thumbnailUrl\":\"https:\\\/\\\/vikingsauna.eu\\\/wp-content\\\/uploads\\\/2024\\\/11\\\/received_3279011269092994-1024x768-1.jpeg\",\"datePublished\":\"2024-10-30T07:06:10+00:00\",\"dateModified\":\"2026-03-16T19:53:53+00:00\",\"breadcrumb\":{\"@id\":\"https:\\\/\\\/vikingsauna.eu\\\/da\\\/omkring\\\/#breadcrumb\"},\"inLanguage\":\"da-DK\",\"potentialAction\":[{\"@type\":\"ReadAction\",\"target\":[\"https:\\\/\\\/vikingsauna.eu\\\/da\\\/omkring\\\/\"]}]},{\"@type\":\"ImageObject\",\"inLanguage\":\"da-DK\",\"@id\":\"https:\\\/\\\/vikingsauna.eu\\\/da\\\/omkring\\\/#primaryimage\",\"url\":\"https:\\\/\\\/vikingsauna.eu\\\/wp-content\\\/uploads\\\/2024\\\/11\\\/received_3279011269092994-1024x768-1.jpeg\",\"contentUrl\":\"https:\\\/\\\/vikingsauna.eu\\\/wp-content\\\/uploads\\\/2024\\\/11\\\/received_3279011269092994-1024x768-1.jpeg\"},{\"@type\":\"BreadcrumbList\",\"@id\":\"https:\\\/\\\/vikingsauna.eu\\\/da\\\/omkring\\\/#breadcrumb\",\"itemListElement\":[{\"@type\":\"ListItem\",\"position\":1,\"name\":\"Home\",\"item\":\"https:\\\/\\\/vikingsauna.eu\\\/da\\\/\"},{\"@type\":\"ListItem\",\"position\":2,\"name\":\"Omkring\"}]},{\"@type\":\"WebSite\",\"@id\":\"https:\\\/\\\/vikingsauna.eu\\\/#website\",\"url\":\"https:\\\/\\\/vikingsauna.eu\\\/\",\"name\":\"VikingSauna\",\"description\":\"\",\"publisher\":{\"@id\":\"https:\\\/\\\/vikingsauna.eu\\\/#organization\"},\"potentialAction\":[{\"@type\":\"SearchAction\",\"target\":{\"@type\":\"EntryPoint\",\"urlTemplate\":\"https:\\\/\\\/vikingsauna.eu\\\/?s={search_term_string}\"},\"query-input\":{\"@type\":\"PropertyValueSpecification\",\"valueRequired\":true,\"valueName\":\"search_term_string\"}}],\"inLanguage\":\"da-DK\"},{\"@type\":\"Organization\",\"@id\":\"https:\\\/\\\/vikingsauna.eu\\\/#organization\",\"name\":\"VikingSauna\",\"url\":\"https:\\\/\\\/vikingsauna.eu\\\/\",\"logo\":{\"@type\":\"ImageObject\",\"inLanguage\":\"da-DK\",\"@id\":\"https:\\\/\\\/vikingsauna.eu\\\/#\\\/schema\\\/logo\\\/image\\\/\",\"url\":\"https:\\\/\\\/vikingsauna.eu\\\/wp-content\\\/uploads\\\/2024\\\/10\\\/2.png\",\"contentUrl\":\"https:\\\/\\\/vikingsauna.eu\\\/wp-content\\\/uploads\\\/2024\\\/10\\\/2.png\",\"width\":500,\"height\":500,\"caption\":\"VikingSauna\"},\"image\":{\"@id\":\"https:\\\/\\\/vikingsauna.eu\\\/#\\\/schema\\\/logo\\\/image\\\/\"},\"sameAs\":[\"https:\\\/\\\/www.facebook.com\\\/people\\\/VikingSauna\\\/61567916655491\\\/?_rdr\"]}]}<\/script>\n<!-- \/ Yoast SEO plugin. -->","yoast_head_json":{"title":"Omkring - VikingSauna","robots":{"index":"index","follow":"follow","max-snippet":"max-snippet:-1","max-image-preview":"max-image-preview:large","max-video-preview":"max-video-preview:-1"},"canonical":"https:\/\/vikingsauna.eu\/da\/omkring\/","og_locale":"da_DK","og_type":"article","og_title":"Omkring - VikingSauna","og_description":"Hos VikingSauna videref\u00f8rer vi den stolte arv af nordisk h\u00e5ndv\u00e6rk og den tidl\u00f8se tradition for saunakultur. Inspireret af Nordens barske [&hellip;]","og_url":"https:\/\/vikingsauna.eu\/da\/omkring\/","og_site_name":"VikingSauna","article_publisher":"https:\/\/www.facebook.com\/people\/VikingSauna\/61567916655491\/?_rdr","article_modified_time":"2026-03-16T19:53:53+00:00","og_image":[{"url":"https:\/\/vikingsauna.eu\/wp-content\/uploads\/2024\/11\/received_3279011269092994-1024x768-1.jpeg","type":"","width":"","height":""}],"twitter_card":"summary_large_image","twitter_misc":{"Estimeret l\u00e6setid":"1 minut"},"schema":{"@context":"https:\/\/schema.org","@graph":[{"@type":"WebPage","@id":"https:\/\/vikingsauna.eu\/da\/omkring\/","url":"https:\/\/vikingsauna.eu\/da\/omkring\/","name":"Omkring - VikingSauna","isPartOf":{"@id":"https:\/\/vikingsauna.eu\/#website"},"primaryImageOfPage":{"@id":"https:\/\/vikingsauna.eu\/da\/omkring\/#primaryimage"},"image":{"@id":"https:\/\/vikingsauna.eu\/da\/omkring\/#primaryimage"},"thumbnailUrl":"https:\/\/vikingsauna.eu\/wp-content\/uploads\/2024\/11\/received_3279011269092994-1024x768-1.jpeg","datePublished":"2024-10-30T07:06:10+00:00","dateModified":"2026-03-16T19:53:53+00:00","breadcrumb":{"@id":"https:\/\/vikingsauna.eu\/da\/omkring\/#breadcrumb"},"inLanguage":"da-DK","potentialAction":[{"@type":"ReadAction","target":["https:\/\/vikingsauna.eu\/da\/omkring\/"]}]},{"@type":"ImageObject","inLanguage":"da-DK","@id":"https:\/\/vikingsauna.eu\/da\/omkring\/#primaryimage","url":"https:\/\/vikingsauna.eu\/wp-content\/uploads\/2024\/11\/received_3279011269092994-1024x768-1.jpeg","contentUrl":"https:\/\/vikingsauna.eu\/wp-content\/uploads\/2024\/11\/received_3279011269092994-1024x768-1.jpeg"},{"@type":"BreadcrumbList","@id":"https:\/\/vikingsauna.eu\/da\/omkring\/#breadcrumb","itemListElement":[{"@type":"ListItem","position":1,"name":"Home","item":"https:\/\/vikingsauna.eu\/da\/"},{"@type":"ListItem","position":2,"name":"Omkring"}]},{"@type":"WebSite","@id":"https:\/\/vikingsauna.eu\/#website","url":"https:\/\/vikingsauna.eu\/","name":"VikingSauna","description":"","publisher":{"@id":"https:\/\/vikingsauna.eu\/#organization"},"potentialAction":[{"@type":"SearchAction","target":{"@type":"EntryPoint","urlTemplate":"https:\/\/vikingsauna.eu\/?s={search_term_string}"},"query-input":{"@type":"PropertyValueSpecification","valueRequired":true,"valueName":"search_term_string"}}],"inLanguage":"da-DK"},{"@type":"Organization","@id":"https:\/\/vikingsauna.eu\/#organization","name":"VikingSauna","url":"https:\/\/vikingsauna.eu\/","logo":{"@type":"ImageObject","inLanguage":"da-DK","@id":"https:\/\/vikingsauna.eu\/#\/schema\/logo\/image\/","url":"https:\/\/vikingsauna.eu\/wp-content\/uploads\/2024\/10\/2.png","contentUrl":"https:\/\/vikingsauna.eu\/wp-content\/uploads\/2024\/10\/2.png","width":500,"height":500,"caption":"VikingSauna"},"image":{"@id":"https:\/\/vikingsauna.eu\/#\/schema\/logo\/image\/"},"sameAs":["https:\/\/www.facebook.com\/people\/VikingSauna\/61567916655491\/?_rdr"]}]}},"uagb_featured_image_src":{"full":false,"thumbnail":false,"medium":false,"medium_large":false,"large":false,"1536x1536":false,"2048x2048":false,"woocommerce_thumbnail":false,"woocommerce_single":false,"woocommerce_gallery_thumbnail":false},"uagb_author_info":{"display_name":"karinaloid","author_link":"https:\/\/vikingsauna.eu\/da\/author\/karinaloid\/"},"uagb_comment_info":0,"uagb_excerpt":"Hos VikingSauna videref\u00f8rer vi den stolte arv af nordisk h\u00e5ndv\u00e6rk og den tidl\u00f8se tradition for saunakultur. Inspireret af Nordens barske [&hellip;]","_links":{"self":[{"href":"https:\/\/vikingsauna.eu\/da\/wp-json\/wp\/v2\/pages\/1935","targetHints":{"allow":["GET"]}}],"collection":[{"href":"https:\/\/vikingsauna.eu\/da\/wp-json\/wp\/v2\/pages"}],"about":[{"href":"https:\/\/vikingsauna.eu\/da\/wp-json\/wp\/v2\/types\/page"}],"author":[{"embeddable":true,"href":"https:\/\/vikingsauna.eu\/da\/wp-json\/wp\/v2\/users\/1"}],"replies":[{"embeddable":true,"href":"https:\/\/vikingsauna.eu\/da\/wp-json\/wp\/v2\/comments?post=1935"}],"version-history":[{"count":2,"href":"https:\/\/vikingsauna.eu\/da\/wp-json\/wp\/v2\/pages\/1935\/revisions"}],"predecessor-version":[{"id":3224,"href":"https:\/\/vikingsauna.eu\/da\/wp-json\/wp\/v2\/pages\/1935\/revisions\/3224"}],"wp:attachment":[{"href":"https:\/\/vikingsauna.eu\/da\/wp-json\/wp\/v2\/media?parent=1935"}],"curies":[{"name":"wp","href":"https:\/\/api.w.org\/{rel}","templated":true}]}}