{"id":1971,"date":"2024-11-22T12:26:10","date_gmt":"2024-11-22T12:26:10","guid":{"rendered":"https:\/\/vikingsauna.eu\/product\/nord-qbe-200x200\/"},"modified":"2026-03-29T16:16:48","modified_gmt":"2026-03-29T14:16:48","slug":"nord-qbe-200x200","status":"publish","type":"product","link":"https:\/\/vikingsauna.eu\/da\/vare\/nord-qbe-200x200\/","title":{"rendered":"Nord Qbe 200\u00d7200"},"content":{"rendered":"<table style=\"width: 100%; table-layout: fixed;\">\n<tbody>\n<tr>\n<td style=\"width: 80px;\"><img loading=\"lazy\" decoding=\"async\" class=\"custom-icon alignnone size-full wp-image-1089\" src=\"https:\/\/vikingsauna.eu\/wp-content\/uploads\/2024\/11\/people-fill-1.svg\" alt=\"\" width=\"16\" height=\"16\"><\/td>\n<td>Omkring 3-5 personer<\/td>\n<\/tr>\n<tr>\n<td style=\"width: 80px;\"><img loading=\"lazy\" decoding=\"async\" class=\"custom-icon alignnone size-full wp-image-1088\" src=\"https:\/\/vikingsauna.eu\/wp-content\/uploads\/2024\/11\/tree-fill-1.svg\" alt=\"\" width=\"16\" height=\"16\"><\/td>\n<td>Gran 45 mm<\/td>\n<\/tr>\n<tr>\n<td style=\"width: 80px;\"><img loading=\"lazy\" decoding=\"async\" class=\"custom-icon alignnone size-full wp-image-1084\" src=\"https:\/\/vikingsauna.eu\/wp-content\/uploads\/2024\/11\/fire-1.svg\" alt=\"\" width=\"16\" height=\"16\"><\/td>\n<td>Harvia M3; Harvia Legend 150 eller Harvia Cilindro pc90<\/p>\n<p>Br\u00e6ndeovnen leveres med CE-godkendte plader og Harvia WHP1500, isoleret rustfri skorsten.<\/td>\n<\/tr>\n<tr>\n<td style=\"width: 80px;\"><img loading=\"lazy\" decoding=\"async\" class=\"custom-icon alignnone size-full wp-image-1085\" src=\"https:\/\/vikingsauna.eu\/wp-content\/uploads\/2024\/11\/rulers-1.svg\" alt=\"\" width=\"16\" height=\"16\"><\/td>\n<td>200\u00d7200 cm<\/td>\n<\/tr>\n<tr>\n<td style=\"width: 80px;\"><img loading=\"lazy\" decoding=\"async\" class=\"custom-icon alignnone size-full wp-image-1090\" src=\"https:\/\/vikingsauna.eu\/wp-content\/uploads\/2024\/11\/nut-fill-1.svg\" alt=\"\" width=\"16\" height=\"16\"><\/td>\n<td>800 kg<\/td>\n<\/tr>\n<tr>\n<td style=\"width: 80px;\"><img loading=\"lazy\" decoding=\"async\" class=\"custom-icon alignnone size-full wp-image-1086\" src=\"https:\/\/vikingsauna.eu\/wp-content\/uploads\/2024\/11\/info-circle-fill-1.svg\" alt=\"\" width=\"16\" height=\"16\"><\/td>\n<td><span style=\"font-weight: 400;\">Leveres som standard med et vindue p\u00e5 190\u00d7170 cm i 6 mm h\u00e6rdet glas.<\/span><\/p>\n<p><span style=\"font-weight: 400;\">Flere vinduer kan tilf\u00f8jes mod ekstra betaling (alle st\u00f8rre vinduer har isoleret glas med 6 mm h\u00e6rdet glas p\u00e5 hver side).<\/span><\/p>\n<p><span style=\"font-weight: 400;\">Gulv 28 mm gran, tag 45 mm gran.<\/span><\/p>\n<p><span style=\"font-weight: 400;\">Siddepladser i elletr\u00e6. Tagbekl\u00e6dning, sort overfladepap. <\/span><\/td>\n<\/tr>\n<tr>\n<td style=\"width: 80px;\"><img loading=\"lazy\" decoding=\"async\" class=\"custom-icon alignnone size-full wp-image-1087\" src=\"https:\/\/vikingsauna.eu\/wp-content\/uploads\/2024\/11\/plus-circle-fill-1.svg\" alt=\"\" width=\"16\" height=\"16\"><\/td>\n<td>Valgmuligheder:<\/p>\n<p>Der er flere muligheder for denne model. Vil du have et andet komfur, en anden d\u00f8r eller \u00e6ndre udseendet? S\u00e5 kontakt os!  <\/td>\n<\/tr>\n<\/tbody>\n<\/table>\n","protected":false},"excerpt":{"rendered":"<p><span style=\"font-weight: 400;\">Moderne funktionel sauna med et stilfuldt design til 3-5 personer. Saunaen leveres f\u00e6rdiglavet, hvilket betyder, at du kan nyde et afslappende saunabad samme dag, som saunaen leveres. Vi str\u00e6ber efter, at alle vores kunder skal f\u00e5 deres dr\u00f8mmesauna. Derfor tilbyder vi ogs\u00e5 skr\u00e6ddersyede l\u00f8sninger bygget efter kundens egne \u00f8nsker.   <\/span><\/p>\n<p>St\u00f8rrelse 200\u00d7200<\/p>\n","protected":false},"featured_media":1563,"template":"","meta":{"_uag_custom_page_level_css":"","site-sidebar-layout":"default","site-content-layout":"","ast-site-content-layout":"default","site-content-style":"default","site-sidebar-style":"default","ast-global-header-display":"","ast-banner-title-visibility":"","ast-main-header-display":"","ast-hfb-above-header-display":"","ast-hfb-below-header-display":"","ast-hfb-mobile-header-display":"","site-post-title":"","ast-breadcrumbs-content":"","ast-featured-img":"","footer-sml-layout":"","ast-disable-related-posts":"","theme-transparent-header-meta":"default","adv-header-id-meta":"","stick-header-meta":"","header-above-stick-meta":"","header-main-stick-meta":"","header-below-stick-meta":"","astra-migrate-meta-layouts":"default","ast-page-background-enabled":"default","ast-page-background-meta":{"desktop":{"background-color":"var(--ast-global-color-4)","background-image":"","background-repeat":"repeat","background-position":"center center","background-size":"auto","background-attachment":"scroll","background-type":"","background-media":"","overlay-type":"","overlay-color":"","overlay-opacity":"","overlay-gradient":""},"tablet":{"background-color":"","background-image":"","background-repeat":"repeat","background-position":"center center","background-size":"auto","background-attachment":"scroll","background-type":"","background-media":"","overlay-type":"","overlay-color":"","overlay-opacity":"","overlay-gradient":""},"mobile":{"background-color":"","background-image":"","background-repeat":"repeat","background-position":"center center","background-size":"auto","background-attachment":"scroll","background-type":"","background-media":"","overlay-type":"","overlay-color":"","overlay-opacity":"","overlay-gradient":""}},"ast-content-background-meta":{"desktop":{"background-color":"var(--ast-global-color-5)","background-image":"","background-repeat":"repeat","background-position":"center center","background-size":"auto","background-attachment":"scroll","background-type":"","background-media":"","overlay-type":"","overlay-color":"","overlay-opacity":"","overlay-gradient":""},"tablet":{"background-color":"var(--ast-global-color-5)","background-image":"","background-repeat":"repeat","background-position":"center center","background-size":"auto","background-attachment":"scroll","background-type":"","background-media":"","overlay-type":"","overlay-color":"","overlay-opacity":"","overlay-gradient":""},"mobile":{"background-color":"var(--ast-global-color-5)","background-image":"","background-repeat":"repeat","background-position":"center center","background-size":"auto","background-attachment":"scroll","background-type":"","background-media":"","overlay-type":"","overlay-color":"","overlay-opacity":"","overlay-gradient":""}}},"product_brand":[],"product_cat":[46,84,69],"product_tag":[],"class_list":{"0":"post-1971","1":"product","2":"type-product","3":"status-publish","4":"has-post-thumbnail","6":"product_cat-ikke-kategoriseret","7":"product_cat-nord-saunas","8":"product_cat-pf-category-danish","9":"desktop-align-left","10":"tablet-align-left","11":"mobile-align-left","13":"first","14":"instock","15":"shipping-taxable","16":"purchasable","17":"product-type-simple"},"yoast_head":"<!-- This site is optimized with the Yoast SEO plugin v27.3 - https:\/\/yoast.com\/product\/yoast-seo-wordpress\/ -->\n<title>Nord Qbe 200\u00d7200 - VikingSauna<\/title>\n<meta name=\"robots\" content=\"index, follow, max-snippet:-1, max-image-preview:large, max-video-preview:-1\" \/>\n<link rel=\"canonical\" href=\"https:\/\/vikingsauna.eu\/da\/vare\/nord-qbe-200x200\/\" \/>\n<meta property=\"og:locale\" content=\"da_DK\" \/>\n<meta property=\"og:type\" content=\"article\" \/>\n<meta property=\"og:title\" content=\"Nord Qbe 200\u00d7200 - VikingSauna\" \/>\n<meta property=\"og:description\" content=\"Moderne funktionel sauna med et stilfuldt design til 3-5 personer. Saunaen leveres f\u00e6rdiglavet, hvilket betyder, at du kan nyde et afslappende saunabad samme dag, som saunaen leveres. Vi str\u00e6ber efter, at alle vores kunder skal f\u00e5 deres dr\u00f8mmesauna. Derfor tilbyder vi ogs\u00e5 skr\u00e6ddersyede l\u00f8sninger bygget efter kundens egne \u00f8nsker.   St\u00f8rrelse 200\u00d7200\" \/>\n<meta property=\"og:url\" content=\"https:\/\/vikingsauna.eu\/da\/vare\/nord-qbe-200x200\/\" \/>\n<meta property=\"og:site_name\" content=\"VikingSauna\" \/>\n<meta property=\"article:publisher\" content=\"https:\/\/www.facebook.com\/people\/VikingSauna\/61567916655491\/?_rdr\" \/>\n<meta property=\"article:modified_time\" content=\"2026-03-29T14:16:48+00:00\" \/>\n<meta property=\"og:image\" content=\"https:\/\/vikingsauna.eu\/wp-content\/uploads\/2024\/11\/Screenshot_20211020-192137_Instagram-1.jpg\" \/>\n\t<meta property=\"og:image:width\" content=\"1080\" \/>\n\t<meta property=\"og:image:height\" content=\"965\" \/>\n\t<meta property=\"og:image:type\" content=\"image\/jpeg\" \/>\n<meta name=\"twitter:card\" content=\"summary_large_image\" \/>\n<meta name=\"twitter:label1\" content=\"Estimeret l\u00e6setid\" \/>\n\t<meta name=\"twitter:data1\" content=\"1 minut\" \/>\n<script type=\"application\/ld+json\" class=\"yoast-schema-graph\">{\"@context\":\"https:\\\/\\\/schema.org\",\"@graph\":[{\"@type\":\"WebPage\",\"@id\":\"https:\\\/\\\/vikingsauna.eu\\\/da\\\/vare\\\/nord-qbe-200x200\\\/\",\"url\":\"https:\\\/\\\/vikingsauna.eu\\\/da\\\/vare\\\/nord-qbe-200x200\\\/\",\"name\":\"Nord Qbe 200\u00d7200 - VikingSauna\",\"isPartOf\":{\"@id\":\"https:\\\/\\\/vikingsauna.eu\\\/#website\"},\"primaryImageOfPage\":{\"@id\":\"https:\\\/\\\/vikingsauna.eu\\\/da\\\/vare\\\/nord-qbe-200x200\\\/#primaryimage\"},\"image\":{\"@id\":\"https:\\\/\\\/vikingsauna.eu\\\/da\\\/vare\\\/nord-qbe-200x200\\\/#primaryimage\"},\"thumbnailUrl\":\"https:\\\/\\\/vikingsauna.eu\\\/wp-content\\\/uploads\\\/2024\\\/11\\\/Screenshot_20211020-192137_Instagram-1.jpg\",\"datePublished\":\"2024-11-22T12:26:10+00:00\",\"dateModified\":\"2026-03-29T14:16:48+00:00\",\"breadcrumb\":{\"@id\":\"https:\\\/\\\/vikingsauna.eu\\\/da\\\/vare\\\/nord-qbe-200x200\\\/#breadcrumb\"},\"inLanguage\":\"da-DK\",\"potentialAction\":[{\"@type\":\"ReadAction\",\"target\":[\"https:\\\/\\\/vikingsauna.eu\\\/da\\\/vare\\\/nord-qbe-200x200\\\/\"]}]},{\"@type\":\"ImageObject\",\"inLanguage\":\"da-DK\",\"@id\":\"https:\\\/\\\/vikingsauna.eu\\\/da\\\/vare\\\/nord-qbe-200x200\\\/#primaryimage\",\"url\":\"https:\\\/\\\/vikingsauna.eu\\\/wp-content\\\/uploads\\\/2024\\\/11\\\/Screenshot_20211020-192137_Instagram-1.jpg\",\"contentUrl\":\"https:\\\/\\\/vikingsauna.eu\\\/wp-content\\\/uploads\\\/2024\\\/11\\\/Screenshot_20211020-192137_Instagram-1.jpg\",\"width\":1080,\"height\":965},{\"@type\":\"BreadcrumbList\",\"@id\":\"https:\\\/\\\/vikingsauna.eu\\\/da\\\/vare\\\/nord-qbe-200x200\\\/#breadcrumb\",\"itemListElement\":[{\"@type\":\"ListItem\",\"position\":1,\"name\":\"Home\",\"item\":\"https:\\\/\\\/vikingsauna.eu\\\/da\\\/\"},{\"@type\":\"ListItem\",\"position\":2,\"name\":\"Pood\",\"item\":\"https:\\\/\\\/vikingsauna.eu\\\/da\\\/pood\\\/\"},{\"@type\":\"ListItem\",\"position\":3,\"name\":\"Nord Qbe 200\u00d7200\"}]},{\"@type\":\"WebSite\",\"@id\":\"https:\\\/\\\/vikingsauna.eu\\\/#website\",\"url\":\"https:\\\/\\\/vikingsauna.eu\\\/\",\"name\":\"VikingSauna\",\"description\":\"\",\"publisher\":{\"@id\":\"https:\\\/\\\/vikingsauna.eu\\\/#organization\"},\"potentialAction\":[{\"@type\":\"SearchAction\",\"target\":{\"@type\":\"EntryPoint\",\"urlTemplate\":\"https:\\\/\\\/vikingsauna.eu\\\/?s={search_term_string}\"},\"query-input\":{\"@type\":\"PropertyValueSpecification\",\"valueRequired\":true,\"valueName\":\"search_term_string\"}}],\"inLanguage\":\"da-DK\"},{\"@type\":\"Organization\",\"@id\":\"https:\\\/\\\/vikingsauna.eu\\\/#organization\",\"name\":\"VikingSauna\",\"url\":\"https:\\\/\\\/vikingsauna.eu\\\/\",\"logo\":{\"@type\":\"ImageObject\",\"inLanguage\":\"da-DK\",\"@id\":\"https:\\\/\\\/vikingsauna.eu\\\/#\\\/schema\\\/logo\\\/image\\\/\",\"url\":\"https:\\\/\\\/vikingsauna.eu\\\/wp-content\\\/uploads\\\/2024\\\/10\\\/2.png\",\"contentUrl\":\"https:\\\/\\\/vikingsauna.eu\\\/wp-content\\\/uploads\\\/2024\\\/10\\\/2.png\",\"width\":500,\"height\":500,\"caption\":\"VikingSauna\"},\"image\":{\"@id\":\"https:\\\/\\\/vikingsauna.eu\\\/#\\\/schema\\\/logo\\\/image\\\/\"},\"sameAs\":[\"https:\\\/\\\/www.facebook.com\\\/people\\\/VikingSauna\\\/61567916655491\\\/?_rdr\"]}]}<\/script>\n<!-- \/ Yoast SEO plugin. -->","yoast_head_json":{"title":"Nord Qbe 200\u00d7200 - VikingSauna","robots":{"index":"index","follow":"follow","max-snippet":"max-snippet:-1","max-image-preview":"max-image-preview:large","max-video-preview":"max-video-preview:-1"},"canonical":"https:\/\/vikingsauna.eu\/da\/vare\/nord-qbe-200x200\/","og_locale":"da_DK","og_type":"article","og_title":"Nord Qbe 200\u00d7200 - VikingSauna","og_description":"Moderne funktionel sauna med et stilfuldt design til 3-5 personer. Saunaen leveres f\u00e6rdiglavet, hvilket betyder, at du kan nyde et afslappende saunabad samme dag, som saunaen leveres. Vi str\u00e6ber efter, at alle vores kunder skal f\u00e5 deres dr\u00f8mmesauna. Derfor tilbyder vi ogs\u00e5 skr\u00e6ddersyede l\u00f8sninger bygget efter kundens egne \u00f8nsker.   St\u00f8rrelse 200\u00d7200","og_url":"https:\/\/vikingsauna.eu\/da\/vare\/nord-qbe-200x200\/","og_site_name":"VikingSauna","article_publisher":"https:\/\/www.facebook.com\/people\/VikingSauna\/61567916655491\/?_rdr","article_modified_time":"2026-03-29T14:16:48+00:00","og_image":[{"width":1080,"height":965,"url":"https:\/\/vikingsauna.eu\/wp-content\/uploads\/2024\/11\/Screenshot_20211020-192137_Instagram-1.jpg","type":"image\/jpeg"}],"twitter_card":"summary_large_image","twitter_misc":{"Estimeret l\u00e6setid":"1 minut"},"schema":{"@context":"https:\/\/schema.org","@graph":[{"@type":"WebPage","@id":"https:\/\/vikingsauna.eu\/da\/vare\/nord-qbe-200x200\/","url":"https:\/\/vikingsauna.eu\/da\/vare\/nord-qbe-200x200\/","name":"Nord Qbe 200\u00d7200 - VikingSauna","isPartOf":{"@id":"https:\/\/vikingsauna.eu\/#website"},"primaryImageOfPage":{"@id":"https:\/\/vikingsauna.eu\/da\/vare\/nord-qbe-200x200\/#primaryimage"},"image":{"@id":"https:\/\/vikingsauna.eu\/da\/vare\/nord-qbe-200x200\/#primaryimage"},"thumbnailUrl":"https:\/\/vikingsauna.eu\/wp-content\/uploads\/2024\/11\/Screenshot_20211020-192137_Instagram-1.jpg","datePublished":"2024-11-22T12:26:10+00:00","dateModified":"2026-03-29T14:16:48+00:00","breadcrumb":{"@id":"https:\/\/vikingsauna.eu\/da\/vare\/nord-qbe-200x200\/#breadcrumb"},"inLanguage":"da-DK","potentialAction":[{"@type":"ReadAction","target":["https:\/\/vikingsauna.eu\/da\/vare\/nord-qbe-200x200\/"]}]},{"@type":"ImageObject","inLanguage":"da-DK","@id":"https:\/\/vikingsauna.eu\/da\/vare\/nord-qbe-200x200\/#primaryimage","url":"https:\/\/vikingsauna.eu\/wp-content\/uploads\/2024\/11\/Screenshot_20211020-192137_Instagram-1.jpg","contentUrl":"https:\/\/vikingsauna.eu\/wp-content\/uploads\/2024\/11\/Screenshot_20211020-192137_Instagram-1.jpg","width":1080,"height":965},{"@type":"BreadcrumbList","@id":"https:\/\/vikingsauna.eu\/da\/vare\/nord-qbe-200x200\/#breadcrumb","itemListElement":[{"@type":"ListItem","position":1,"name":"Home","item":"https:\/\/vikingsauna.eu\/da\/"},{"@type":"ListItem","position":2,"name":"Pood","item":"https:\/\/vikingsauna.eu\/da\/pood\/"},{"@type":"ListItem","position":3,"name":"Nord Qbe 200\u00d7200"}]},{"@type":"WebSite","@id":"https:\/\/vikingsauna.eu\/#website","url":"https:\/\/vikingsauna.eu\/","name":"VikingSauna","description":"","publisher":{"@id":"https:\/\/vikingsauna.eu\/#organization"},"potentialAction":[{"@type":"SearchAction","target":{"@type":"EntryPoint","urlTemplate":"https:\/\/vikingsauna.eu\/?s={search_term_string}"},"query-input":{"@type":"PropertyValueSpecification","valueRequired":true,"valueName":"search_term_string"}}],"inLanguage":"da-DK"},{"@type":"Organization","@id":"https:\/\/vikingsauna.eu\/#organization","name":"VikingSauna","url":"https:\/\/vikingsauna.eu\/","logo":{"@type":"ImageObject","inLanguage":"da-DK","@id":"https:\/\/vikingsauna.eu\/#\/schema\/logo\/image\/","url":"https:\/\/vikingsauna.eu\/wp-content\/uploads\/2024\/10\/2.png","contentUrl":"https:\/\/vikingsauna.eu\/wp-content\/uploads\/2024\/10\/2.png","width":500,"height":500,"caption":"VikingSauna"},"image":{"@id":"https:\/\/vikingsauna.eu\/#\/schema\/logo\/image\/"},"sameAs":["https:\/\/www.facebook.com\/people\/VikingSauna\/61567916655491\/?_rdr"]}]}},"uagb_featured_image_src":{"full":["https:\/\/vikingsauna.eu\/wp-content\/uploads\/2024\/11\/Screenshot_20211020-192137_Instagram-1.jpg",1080,965,false],"thumbnail":["https:\/\/vikingsauna.eu\/wp-content\/uploads\/2024\/11\/Screenshot_20211020-192137_Instagram-1-150x150.jpg",150,150,true],"medium":["https:\/\/vikingsauna.eu\/wp-content\/uploads\/2024\/11\/Screenshot_20211020-192137_Instagram-1-300x268.jpg",300,268,true],"medium_large":["https:\/\/vikingsauna.eu\/wp-content\/uploads\/2024\/11\/Screenshot_20211020-192137_Instagram-1-768x686.jpg",768,686,true],"large":["https:\/\/vikingsauna.eu\/wp-content\/uploads\/2024\/11\/Screenshot_20211020-192137_Instagram-1-1024x915.jpg",1024,915,true],"1536x1536":["https:\/\/vikingsauna.eu\/wp-content\/uploads\/2024\/11\/Screenshot_20211020-192137_Instagram-1.jpg",1080,965,false],"2048x2048":["https:\/\/vikingsauna.eu\/wp-content\/uploads\/2024\/11\/Screenshot_20211020-192137_Instagram-1.jpg",1080,965,false],"woocommerce_thumbnail":["https:\/\/vikingsauna.eu\/wp-content\/uploads\/2024\/11\/Screenshot_20211020-192137_Instagram-1-500x375.jpg",500,375,true],"woocommerce_single":["https:\/\/vikingsauna.eu\/wp-content\/uploads\/2024\/11\/Screenshot_20211020-192137_Instagram-1.jpg",1080,965,false],"woocommerce_gallery_thumbnail":["https:\/\/vikingsauna.eu\/wp-content\/uploads\/2024\/11\/Screenshot_20211020-192137_Instagram-1-100x100.jpg",100,100,true]},"uagb_author_info":{"display_name":"karinaloid","author_link":"https:\/\/vikingsauna.eu\/da\/author\/"},"uagb_comment_info":0,"uagb_excerpt":"Moderne funktionel sauna med et stilfuldt design til 3-5 personer. Saunaen leveres f\u00e6rdiglavet, hvilket betyder, at du kan nyde et afslappende saunabad samme dag, som saunaen leveres. Vi str\u00e6ber efter, at alle vores kunder skal f\u00e5 deres dr\u00f8mmesauna. Derfor tilbyder vi ogs\u00e5 skr\u00e6ddersyede l\u00f8sninger bygget efter kundens egne \u00f8nsker. St\u00f8rrelse 200\u00d7200","_links":{"self":[{"href":"https:\/\/vikingsauna.eu\/da\/wp-json\/wp\/v2\/product\/1971","targetHints":{"allow":["GET"]}}],"collection":[{"href":"https:\/\/vikingsauna.eu\/da\/wp-json\/wp\/v2\/product"}],"about":[{"href":"https:\/\/vikingsauna.eu\/da\/wp-json\/wp\/v2\/types\/product"}],"wp:featuredmedia":[{"embeddable":true,"href":"https:\/\/vikingsauna.eu\/da\/wp-json\/wp\/v2\/media\/1563"}],"wp:attachment":[{"href":"https:\/\/vikingsauna.eu\/da\/wp-json\/wp\/v2\/media?parent=1971"}],"wp:term":[{"taxonomy":"product_brand","embeddable":true,"href":"https:\/\/vikingsauna.eu\/da\/wp-json\/wp\/v2\/product_brand?post=1971"},{"taxonomy":"product_cat","embeddable":true,"href":"https:\/\/vikingsauna.eu\/da\/wp-json\/wp\/v2\/product_cat?post=1971"},{"taxonomy":"product_tag","embeddable":true,"href":"https:\/\/vikingsauna.eu\/da\/wp-json\/wp\/v2\/product_tag?post=1971"}],"curies":[{"name":"wp","href":"https:\/\/api.w.org\/{rel}","templated":true}]}}