{"id":1989,"date":"2024-11-25T14:16:32","date_gmt":"2024-11-25T14:16:32","guid":{"rendered":"https:\/\/vikingsauna.eu\/product\/nord-elite-rlx-225x345\/"},"modified":"2026-03-29T16:16:56","modified_gmt":"2026-03-29T14:16:56","slug":"nord-elite-rlx-225x345","status":"publish","type":"product","link":"https:\/\/vikingsauna.eu\/da\/vare\/nord-elite-rlx-225x345\/","title":{"rendered":"Nord Elite RLX 225\u00d7345"},"content":{"rendered":"<table style=\"width: 100%; table-layout: fixed;\">\n<tbody>\n<tr>\n<td style=\"width: 80px;\"><img loading=\"lazy\" decoding=\"async\" class=\"custom-icon alignnone size-full wp-image-1089\" src=\"https:\/\/vikingsauna.eu\/wp-content\/uploads\/2024\/11\/people-fill-1.svg\" alt=\"\" width=\"16\" height=\"16\"><\/td>\n<td><span style=\"font-weight: 400;\">Til 6 personer<\/span><\/td>\n<\/tr>\n<tr>\n<td style=\"width: 80px;\"><img loading=\"lazy\" decoding=\"async\" class=\"custom-icon alignnone size-full wp-image-1088\" src=\"https:\/\/vikingsauna.eu\/wp-content\/uploads\/2024\/11\/tree-fill-1.svg\" alt=\"\" width=\"16\" height=\"16\"><\/td>\n<td>Gran 45 mm<\/td>\n<\/tr>\n<tr>\n<td style=\"width: 80px;\"><img loading=\"lazy\" decoding=\"async\" class=\"custom-icon alignnone size-full wp-image-1084\" src=\"https:\/\/vikingsauna.eu\/wp-content\/uploads\/2024\/11\/fire-1.svg\" alt=\"\" width=\"16\" height=\"16\"><\/td>\n<td>Harvia M3; Harvia Legend 150 eller Harvia Cilindro pc90<\/p>\n<p>Br\u00e6ndeovnen leveres med CE-godkendte plader og Harvia WHP1500, isoleret rustfri skorsten.<\/td>\n<\/tr>\n<tr>\n<td style=\"width: 80px;\"><img loading=\"lazy\" decoding=\"async\" class=\"custom-icon alignnone size-full wp-image-1085\" src=\"https:\/\/vikingsauna.eu\/wp-content\/uploads\/2024\/11\/rulers-1.svg\" alt=\"\" width=\"16\" height=\"16\"><\/td>\n<td><span style=\"font-weight: 400;\">225\u00d7345 cm<\/span><\/td>\n<\/tr>\n<tr>\n<td style=\"width: 80px;\"><img loading=\"lazy\" decoding=\"async\" class=\"custom-icon alignnone size-full wp-image-1090\" src=\"https:\/\/vikingsauna.eu\/wp-content\/uploads\/2024\/11\/nut-fill-1.svg\" alt=\"\" width=\"16\" height=\"16\"><\/td>\n<td> <span style=\"font-weight: 400;\">1300 kg<\/span><\/td>\n<\/tr>\n<tr>\n<td style=\"width: 80px;\"><img loading=\"lazy\" decoding=\"async\" class=\"custom-icon alignnone size-full wp-image-1086\" src=\"https:\/\/vikingsauna.eu\/wp-content\/uploads\/2024\/11\/info-circle-fill-1.svg\" alt=\"\" width=\"16\" height=\"16\"><\/td>\n<td><span style=\"font-weight: 400;\">Leveres med isoleringsglasvinduer med 6 mm h\u00e6rdet glas som standard, som vist.<\/span><\/p>\n<p><span style=\"font-weight: 400;\">Flere vinduer kan tilf\u00f8jes mod ekstra betaling.<\/span><\/p>\n<p><span style=\"font-weight: 400;\">Gulv 28 mm gran, tag 45 mm gran.<\/span><\/p>\n<p><span style=\"font-weight: 400;\">Siddepladser i elletr\u00e6. Tagbekl\u00e6dning, sort overfladepap. <\/span><\/td>\n<\/tr>\n<tr>\n<td style=\"width: 80px;\"><img loading=\"lazy\" decoding=\"async\" class=\"custom-icon alignnone size-full wp-image-1087\" src=\"https:\/\/vikingsauna.eu\/wp-content\/uploads\/2024\/11\/plus-circle-fill-1.svg\" alt=\"\" width=\"16\" height=\"16\"><\/td>\n<td>Valgmuligheder:<\/p>\n<p>Der er flere muligheder for denne model. Vil du have et andet komfur, en anden d\u00f8r eller \u00e6ndre udseendet? S\u00e5 kontakt os!  <\/td>\n<\/tr>\n<\/tbody>\n<\/table>\n","protected":false},"excerpt":{"rendered":"<p><span style=\"font-weight: 400;\">VikingSauna-sauna med luksuri\u00f8se hj\u00f8rnelaviner i et designbevidst design med en afslapningssektion. Velegnet til 6-8 brugere. <\/span><\/p>\n<p><span style=\"font-weight: 400;\">Denne sauna leveres f\u00e6rdigmonteret, s\u00e5 du straks kan nyde et saunabad p\u00e5 leveringsdagen.<\/span><\/p>\n<p><span style=\"font-weight: 400;\">Vores m\u00e5l er at opfylde alle kunders saunadr\u00f8mme, og derfor tilbyder vi ogs\u00e5 skr\u00e6ddersyede l\u00f8sninger baseret p\u00e5 personlige pr\u00e6ferencer.<\/span><\/p>\n<p>St\u00f8rrelse 225\u00d7345<\/p>\n","protected":false},"featured_media":1860,"template":"","meta":{"_uag_custom_page_level_css":"","site-sidebar-layout":"default","site-content-layout":"","ast-site-content-layout":"default","site-content-style":"default","site-sidebar-style":"default","ast-global-header-display":"","ast-banner-title-visibility":"","ast-main-header-display":"","ast-hfb-above-header-display":"","ast-hfb-below-header-display":"","ast-hfb-mobile-header-display":"","site-post-title":"","ast-breadcrumbs-content":"","ast-featured-img":"","footer-sml-layout":"","ast-disable-related-posts":"","theme-transparent-header-meta":"default","adv-header-id-meta":"","stick-header-meta":"","header-above-stick-meta":"","header-main-stick-meta":"","header-below-stick-meta":"","astra-migrate-meta-layouts":"set","ast-page-background-enabled":"default","ast-page-background-meta":{"desktop":{"background-color":"var(--ast-global-color-4)","background-image":"","background-repeat":"repeat","background-position":"center center","background-size":"auto","background-attachment":"scroll","background-type":"","background-media":"","overlay-type":"","overlay-color":"","overlay-opacity":"","overlay-gradient":""},"tablet":{"background-color":"","background-image":"","background-repeat":"repeat","background-position":"center center","background-size":"auto","background-attachment":"scroll","background-type":"","background-media":"","overlay-type":"","overlay-color":"","overlay-opacity":"","overlay-gradient":""},"mobile":{"background-color":"","background-image":"","background-repeat":"repeat","background-position":"center center","background-size":"auto","background-attachment":"scroll","background-type":"","background-media":"","overlay-type":"","overlay-color":"","overlay-opacity":"","overlay-gradient":""}},"ast-content-background-meta":{"desktop":{"background-color":"var(--ast-global-color-5)","background-image":"","background-repeat":"repeat","background-position":"center center","background-size":"auto","background-attachment":"scroll","background-type":"","background-media":"","overlay-type":"","overlay-color":"","overlay-opacity":"","overlay-gradient":""},"tablet":{"background-color":"var(--ast-global-color-5)","background-image":"","background-repeat":"repeat","background-position":"center center","background-size":"auto","background-attachment":"scroll","background-type":"","background-media":"","overlay-type":"","overlay-color":"","overlay-opacity":"","overlay-gradient":""},"mobile":{"background-color":"var(--ast-global-color-5)","background-image":"","background-repeat":"repeat","background-position":"center center","background-size":"auto","background-attachment":"scroll","background-type":"","background-media":"","overlay-type":"","overlay-color":"","overlay-opacity":"","overlay-gradient":""}}},"product_brand":[],"product_cat":[46,84,69],"product_tag":[],"class_list":{"0":"post-1989","1":"product","2":"type-product","3":"status-publish","4":"has-post-thumbnail","6":"product_cat-ikke-kategoriseret","7":"product_cat-nord-saunas","8":"product_cat-pf-category-danish","9":"desktop-align-left","10":"tablet-align-left","11":"mobile-align-left","13":"first","14":"instock","15":"shipping-taxable","16":"purchasable","17":"product-type-simple"},"yoast_head":"<!-- This site is optimized with the Yoast SEO plugin v27.3 - https:\/\/yoast.com\/product\/yoast-seo-wordpress\/ -->\n<title>Nord Elite RLX 225\u00d7345 - VikingSauna<\/title>\n<meta name=\"robots\" content=\"index, follow, max-snippet:-1, max-image-preview:large, max-video-preview:-1\" \/>\n<link rel=\"canonical\" href=\"https:\/\/vikingsauna.eu\/da\/vare\/nord-elite-rlx-225x345\/\" \/>\n<meta property=\"og:locale\" content=\"da_DK\" \/>\n<meta property=\"og:type\" content=\"article\" \/>\n<meta property=\"og:title\" content=\"Nord Elite RLX 225\u00d7345 - VikingSauna\" \/>\n<meta property=\"og:description\" content=\"VikingSauna-sauna med luksuri\u00f8se hj\u00f8rnelaviner i et designbevidst design med en afslapningssektion. Velegnet til 6-8 brugere.  Denne sauna leveres f\u00e6rdigmonteret, s\u00e5 du straks kan nyde et saunabad p\u00e5 leveringsdagen. Vores m\u00e5l er at opfylde alle kunders saunadr\u00f8mme, og derfor tilbyder vi ogs\u00e5 skr\u00e6ddersyede l\u00f8sninger baseret p\u00e5 personlige pr\u00e6ferencer. St\u00f8rrelse 225\u00d7345\" \/>\n<meta property=\"og:url\" content=\"https:\/\/vikingsauna.eu\/da\/vare\/nord-elite-rlx-225x345\/\" \/>\n<meta property=\"og:site_name\" content=\"VikingSauna\" \/>\n<meta property=\"article:publisher\" content=\"https:\/\/www.facebook.com\/people\/VikingSauna\/61567916655491\/?_rdr\" \/>\n<meta property=\"article:modified_time\" content=\"2026-03-29T14:16:56+00:00\" \/>\n<meta property=\"og:image\" content=\"https:\/\/vikingsauna.eu\/wp-content\/uploads\/2024\/11\/20240730_190142_resized.jpg\" \/>\n\t<meta property=\"og:image:width\" content=\"2000\" \/>\n\t<meta property=\"og:image:height\" content=\"1500\" \/>\n\t<meta property=\"og:image:type\" content=\"image\/jpeg\" \/>\n<meta name=\"twitter:card\" content=\"summary_large_image\" \/>\n<meta name=\"twitter:label1\" content=\"Estimeret l\u00e6setid\" \/>\n\t<meta name=\"twitter:data1\" content=\"2 minutter\" \/>\n<script type=\"application\/ld+json\" class=\"yoast-schema-graph\">{\"@context\":\"https:\\\/\\\/schema.org\",\"@graph\":[{\"@type\":\"WebPage\",\"@id\":\"https:\\\/\\\/vikingsauna.eu\\\/da\\\/vare\\\/nord-elite-rlx-225x345\\\/\",\"url\":\"https:\\\/\\\/vikingsauna.eu\\\/da\\\/vare\\\/nord-elite-rlx-225x345\\\/\",\"name\":\"Nord Elite RLX 225\u00d7345 - VikingSauna\",\"isPartOf\":{\"@id\":\"https:\\\/\\\/vikingsauna.eu\\\/#website\"},\"primaryImageOfPage\":{\"@id\":\"https:\\\/\\\/vikingsauna.eu\\\/da\\\/vare\\\/nord-elite-rlx-225x345\\\/#primaryimage\"},\"image\":{\"@id\":\"https:\\\/\\\/vikingsauna.eu\\\/da\\\/vare\\\/nord-elite-rlx-225x345\\\/#primaryimage\"},\"thumbnailUrl\":\"https:\\\/\\\/vikingsauna.eu\\\/wp-content\\\/uploads\\\/2024\\\/11\\\/20240730_190142_resized.jpg\",\"datePublished\":\"2024-11-25T14:16:32+00:00\",\"dateModified\":\"2026-03-29T14:16:56+00:00\",\"breadcrumb\":{\"@id\":\"https:\\\/\\\/vikingsauna.eu\\\/da\\\/vare\\\/nord-elite-rlx-225x345\\\/#breadcrumb\"},\"inLanguage\":\"da-DK\",\"potentialAction\":[{\"@type\":\"ReadAction\",\"target\":[\"https:\\\/\\\/vikingsauna.eu\\\/da\\\/vare\\\/nord-elite-rlx-225x345\\\/\"]}]},{\"@type\":\"ImageObject\",\"inLanguage\":\"da-DK\",\"@id\":\"https:\\\/\\\/vikingsauna.eu\\\/da\\\/vare\\\/nord-elite-rlx-225x345\\\/#primaryimage\",\"url\":\"https:\\\/\\\/vikingsauna.eu\\\/wp-content\\\/uploads\\\/2024\\\/11\\\/20240730_190142_resized.jpg\",\"contentUrl\":\"https:\\\/\\\/vikingsauna.eu\\\/wp-content\\\/uploads\\\/2024\\\/11\\\/20240730_190142_resized.jpg\",\"width\":2000,\"height\":1500},{\"@type\":\"BreadcrumbList\",\"@id\":\"https:\\\/\\\/vikingsauna.eu\\\/da\\\/vare\\\/nord-elite-rlx-225x345\\\/#breadcrumb\",\"itemListElement\":[{\"@type\":\"ListItem\",\"position\":1,\"name\":\"Home\",\"item\":\"https:\\\/\\\/vikingsauna.eu\\\/da\\\/\"},{\"@type\":\"ListItem\",\"position\":2,\"name\":\"Pood\",\"item\":\"https:\\\/\\\/vikingsauna.eu\\\/da\\\/pood\\\/\"},{\"@type\":\"ListItem\",\"position\":3,\"name\":\"Nord Elite RLX 225\u00d7345\"}]},{\"@type\":\"WebSite\",\"@id\":\"https:\\\/\\\/vikingsauna.eu\\\/#website\",\"url\":\"https:\\\/\\\/vikingsauna.eu\\\/\",\"name\":\"VikingSauna\",\"description\":\"\",\"publisher\":{\"@id\":\"https:\\\/\\\/vikingsauna.eu\\\/#organization\"},\"potentialAction\":[{\"@type\":\"SearchAction\",\"target\":{\"@type\":\"EntryPoint\",\"urlTemplate\":\"https:\\\/\\\/vikingsauna.eu\\\/?s={search_term_string}\"},\"query-input\":{\"@type\":\"PropertyValueSpecification\",\"valueRequired\":true,\"valueName\":\"search_term_string\"}}],\"inLanguage\":\"da-DK\"},{\"@type\":\"Organization\",\"@id\":\"https:\\\/\\\/vikingsauna.eu\\\/#organization\",\"name\":\"VikingSauna\",\"url\":\"https:\\\/\\\/vikingsauna.eu\\\/\",\"logo\":{\"@type\":\"ImageObject\",\"inLanguage\":\"da-DK\",\"@id\":\"https:\\\/\\\/vikingsauna.eu\\\/#\\\/schema\\\/logo\\\/image\\\/\",\"url\":\"https:\\\/\\\/vikingsauna.eu\\\/wp-content\\\/uploads\\\/2024\\\/10\\\/2.png\",\"contentUrl\":\"https:\\\/\\\/vikingsauna.eu\\\/wp-content\\\/uploads\\\/2024\\\/10\\\/2.png\",\"width\":500,\"height\":500,\"caption\":\"VikingSauna\"},\"image\":{\"@id\":\"https:\\\/\\\/vikingsauna.eu\\\/#\\\/schema\\\/logo\\\/image\\\/\"},\"sameAs\":[\"https:\\\/\\\/www.facebook.com\\\/people\\\/VikingSauna\\\/61567916655491\\\/?_rdr\"]}]}<\/script>\n<!-- \/ Yoast SEO plugin. -->","yoast_head_json":{"title":"Nord Elite RLX 225\u00d7345 - VikingSauna","robots":{"index":"index","follow":"follow","max-snippet":"max-snippet:-1","max-image-preview":"max-image-preview:large","max-video-preview":"max-video-preview:-1"},"canonical":"https:\/\/vikingsauna.eu\/da\/vare\/nord-elite-rlx-225x345\/","og_locale":"da_DK","og_type":"article","og_title":"Nord Elite RLX 225\u00d7345 - VikingSauna","og_description":"VikingSauna-sauna med luksuri\u00f8se hj\u00f8rnelaviner i et designbevidst design med en afslapningssektion. Velegnet til 6-8 brugere.  Denne sauna leveres f\u00e6rdigmonteret, s\u00e5 du straks kan nyde et saunabad p\u00e5 leveringsdagen. Vores m\u00e5l er at opfylde alle kunders saunadr\u00f8mme, og derfor tilbyder vi ogs\u00e5 skr\u00e6ddersyede l\u00f8sninger baseret p\u00e5 personlige pr\u00e6ferencer. St\u00f8rrelse 225\u00d7345","og_url":"https:\/\/vikingsauna.eu\/da\/vare\/nord-elite-rlx-225x345\/","og_site_name":"VikingSauna","article_publisher":"https:\/\/www.facebook.com\/people\/VikingSauna\/61567916655491\/?_rdr","article_modified_time":"2026-03-29T14:16:56+00:00","og_image":[{"width":2000,"height":1500,"url":"https:\/\/vikingsauna.eu\/wp-content\/uploads\/2024\/11\/20240730_190142_resized.jpg","type":"image\/jpeg"}],"twitter_card":"summary_large_image","twitter_misc":{"Estimeret l\u00e6setid":"2 minutter"},"schema":{"@context":"https:\/\/schema.org","@graph":[{"@type":"WebPage","@id":"https:\/\/vikingsauna.eu\/da\/vare\/nord-elite-rlx-225x345\/","url":"https:\/\/vikingsauna.eu\/da\/vare\/nord-elite-rlx-225x345\/","name":"Nord Elite RLX 225\u00d7345 - VikingSauna","isPartOf":{"@id":"https:\/\/vikingsauna.eu\/#website"},"primaryImageOfPage":{"@id":"https:\/\/vikingsauna.eu\/da\/vare\/nord-elite-rlx-225x345\/#primaryimage"},"image":{"@id":"https:\/\/vikingsauna.eu\/da\/vare\/nord-elite-rlx-225x345\/#primaryimage"},"thumbnailUrl":"https:\/\/vikingsauna.eu\/wp-content\/uploads\/2024\/11\/20240730_190142_resized.jpg","datePublished":"2024-11-25T14:16:32+00:00","dateModified":"2026-03-29T14:16:56+00:00","breadcrumb":{"@id":"https:\/\/vikingsauna.eu\/da\/vare\/nord-elite-rlx-225x345\/#breadcrumb"},"inLanguage":"da-DK","potentialAction":[{"@type":"ReadAction","target":["https:\/\/vikingsauna.eu\/da\/vare\/nord-elite-rlx-225x345\/"]}]},{"@type":"ImageObject","inLanguage":"da-DK","@id":"https:\/\/vikingsauna.eu\/da\/vare\/nord-elite-rlx-225x345\/#primaryimage","url":"https:\/\/vikingsauna.eu\/wp-content\/uploads\/2024\/11\/20240730_190142_resized.jpg","contentUrl":"https:\/\/vikingsauna.eu\/wp-content\/uploads\/2024\/11\/20240730_190142_resized.jpg","width":2000,"height":1500},{"@type":"BreadcrumbList","@id":"https:\/\/vikingsauna.eu\/da\/vare\/nord-elite-rlx-225x345\/#breadcrumb","itemListElement":[{"@type":"ListItem","position":1,"name":"Home","item":"https:\/\/vikingsauna.eu\/da\/"},{"@type":"ListItem","position":2,"name":"Pood","item":"https:\/\/vikingsauna.eu\/da\/pood\/"},{"@type":"ListItem","position":3,"name":"Nord Elite RLX 225\u00d7345"}]},{"@type":"WebSite","@id":"https:\/\/vikingsauna.eu\/#website","url":"https:\/\/vikingsauna.eu\/","name":"VikingSauna","description":"","publisher":{"@id":"https:\/\/vikingsauna.eu\/#organization"},"potentialAction":[{"@type":"SearchAction","target":{"@type":"EntryPoint","urlTemplate":"https:\/\/vikingsauna.eu\/?s={search_term_string}"},"query-input":{"@type":"PropertyValueSpecification","valueRequired":true,"valueName":"search_term_string"}}],"inLanguage":"da-DK"},{"@type":"Organization","@id":"https:\/\/vikingsauna.eu\/#organization","name":"VikingSauna","url":"https:\/\/vikingsauna.eu\/","logo":{"@type":"ImageObject","inLanguage":"da-DK","@id":"https:\/\/vikingsauna.eu\/#\/schema\/logo\/image\/","url":"https:\/\/vikingsauna.eu\/wp-content\/uploads\/2024\/10\/2.png","contentUrl":"https:\/\/vikingsauna.eu\/wp-content\/uploads\/2024\/10\/2.png","width":500,"height":500,"caption":"VikingSauna"},"image":{"@id":"https:\/\/vikingsauna.eu\/#\/schema\/logo\/image\/"},"sameAs":["https:\/\/www.facebook.com\/people\/VikingSauna\/61567916655491\/?_rdr"]}]}},"uagb_featured_image_src":{"full":["https:\/\/vikingsauna.eu\/wp-content\/uploads\/2024\/11\/20240730_190142_resized.jpg",2000,1500,false],"thumbnail":["https:\/\/vikingsauna.eu\/wp-content\/uploads\/2024\/11\/20240730_190142_resized-150x150.jpg",150,150,true],"medium":["https:\/\/vikingsauna.eu\/wp-content\/uploads\/2024\/11\/20240730_190142_resized-300x225.jpg",300,225,true],"medium_large":["https:\/\/vikingsauna.eu\/wp-content\/uploads\/2024\/11\/20240730_190142_resized-768x576.jpg",768,576,true],"large":["https:\/\/vikingsauna.eu\/wp-content\/uploads\/2024\/11\/20240730_190142_resized-1024x768.jpg",1024,768,true],"1536x1536":["https:\/\/vikingsauna.eu\/wp-content\/uploads\/2024\/11\/20240730_190142_resized-1536x1152.jpg",1536,1152,true],"2048x2048":["https:\/\/vikingsauna.eu\/wp-content\/uploads\/2024\/11\/20240730_190142_resized.jpg",2000,1500,false],"woocommerce_thumbnail":["https:\/\/vikingsauna.eu\/wp-content\/uploads\/2024\/11\/20240730_190142_resized-500x375.jpg",500,375,true],"woocommerce_single":["https:\/\/vikingsauna.eu\/wp-content\/uploads\/2024\/11\/20240730_190142_resized-1200x900.jpg",1200,900,true],"woocommerce_gallery_thumbnail":["https:\/\/vikingsauna.eu\/wp-content\/uploads\/2024\/11\/20240730_190142_resized-100x100.jpg",100,100,true]},"uagb_author_info":{"display_name":"karinaloid","author_link":"https:\/\/vikingsauna.eu\/da\/author\/"},"uagb_comment_info":0,"uagb_excerpt":"VikingSauna-sauna med luksuri\u00f8se hj\u00f8rnelaviner i et designbevidst design med en afslapningssektion. Velegnet til 6-8 brugere. Denne sauna leveres f\u00e6rdigmonteret, s\u00e5 du straks kan nyde et saunabad p\u00e5 leveringsdagen. Vores m\u00e5l er at opfylde alle kunders saunadr\u00f8mme, og derfor tilbyder vi ogs\u00e5 skr\u00e6ddersyede l\u00f8sninger baseret p\u00e5 personlige pr\u00e6ferencer. St\u00f8rrelse 225\u00d7345","_links":{"self":[{"href":"https:\/\/vikingsauna.eu\/da\/wp-json\/wp\/v2\/product\/1989","targetHints":{"allow":["GET"]}}],"collection":[{"href":"https:\/\/vikingsauna.eu\/da\/wp-json\/wp\/v2\/product"}],"about":[{"href":"https:\/\/vikingsauna.eu\/da\/wp-json\/wp\/v2\/types\/product"}],"wp:featuredmedia":[{"embeddable":true,"href":"https:\/\/vikingsauna.eu\/da\/wp-json\/wp\/v2\/media\/1860"}],"wp:attachment":[{"href":"https:\/\/vikingsauna.eu\/da\/wp-json\/wp\/v2\/media?parent=1989"}],"wp:term":[{"taxonomy":"product_brand","embeddable":true,"href":"https:\/\/vikingsauna.eu\/da\/wp-json\/wp\/v2\/product_brand?post=1989"},{"taxonomy":"product_cat","embeddable":true,"href":"https:\/\/vikingsauna.eu\/da\/wp-json\/wp\/v2\/product_cat?post=1989"},{"taxonomy":"product_tag","embeddable":true,"href":"https:\/\/vikingsauna.eu\/da\/wp-json\/wp\/v2\/product_tag?post=1989"}],"curies":[{"name":"wp","href":"https:\/\/api.w.org\/{rel}","templated":true}]}}