{"id":2011,"date":"2024-11-26T06:28:59","date_gmt":"2024-11-26T06:28:59","guid":{"rendered":"https:\/\/vikingsauna.eu\/product\/nord-rlx-xl-220x350\/"},"modified":"2026-03-29T16:16:59","modified_gmt":"2026-03-29T14:16:59","slug":"nord-rlx-xl-220x350","status":"publish","type":"product","link":"https:\/\/vikingsauna.eu\/da\/vare\/nord-rlx-xl-220x350\/","title":{"rendered":"Nord RLX XL 220\u00d7350"},"content":{"rendered":"<table style=\"width: 100%; table-layout: fixed;\">\n<tbody>\n<tr>\n<td style=\"width: 80px;\"><img loading=\"lazy\" decoding=\"async\" class=\"custom-icon alignnone size-full wp-image-1089\" src=\"https:\/\/vikingsauna.eu\/wp-content\/uploads\/2024\/11\/people-fill-1.svg\" alt=\"\" width=\"16\" height=\"16\"><\/td>\n<td><span style=\"font-weight: 400;\">6-8 personer<\/span><\/td>\n<\/tr>\n<tr>\n<td style=\"width: 80px;\"><img loading=\"lazy\" decoding=\"async\" class=\"custom-icon alignnone size-full wp-image-1088\" src=\"https:\/\/vikingsauna.eu\/wp-content\/uploads\/2024\/11\/tree-fill-1.svg\" alt=\"\" width=\"16\" height=\"16\"><\/td>\n<td>Gran 45 mm<\/td>\n<\/tr>\n<tr>\n<td style=\"width: 80px;\"><img loading=\"lazy\" decoding=\"async\" class=\"custom-icon alignnone size-full wp-image-1084\" src=\"https:\/\/vikingsauna.eu\/wp-content\/uploads\/2024\/11\/fire-1.svg\" alt=\"\" width=\"16\" height=\"16\"><\/td>\n<td>Harvia M3; Harvia Legend 150 eller Harvia Cilindro pc90<\/p>\n<p>Br\u00e6ndeovnen leveres med CE-godkendte plader og Harvia WHP1500, isoleret rustfri skorsten.<\/td>\n<\/tr>\n<tr>\n<td style=\"width: 80px;\"><img loading=\"lazy\" decoding=\"async\" class=\"custom-icon alignnone size-full wp-image-1085\" src=\"https:\/\/vikingsauna.eu\/wp-content\/uploads\/2024\/11\/rulers-1.svg\" alt=\"\" width=\"16\" height=\"16\"><\/td>\n<td><span style=\"font-weight: 400;\">220\u00d7350 cm, Sauna 200 cm, Relax 140 cm.<\/span><\/td>\n<\/tr>\n<tr>\n<td style=\"width: 80px;\"><img loading=\"lazy\" decoding=\"async\" class=\"custom-icon alignnone size-full wp-image-1090\" src=\"https:\/\/vikingsauna.eu\/wp-content\/uploads\/2024\/11\/nut-fill-1.svg\" alt=\"\" width=\"16\" height=\"16\"><\/td>\n<td><span style=\"font-weight: 400;\">1500 kg<\/span><\/td>\n<\/tr>\n<tr>\n<td style=\"width: 80px;\"><img loading=\"lazy\" decoding=\"async\" class=\"custom-icon alignnone size-full wp-image-1086\" src=\"https:\/\/vikingsauna.eu\/wp-content\/uploads\/2024\/11\/info-circle-fill-1.svg\" alt=\"\" width=\"16\" height=\"16\"><\/td>\n<td><span style=\"font-weight: 400;\">Leveres med tre isolerede vinduer 1670\u00d71695, 365\u00d71760 og 385\u00d7785 mm med 6 mm h\u00e6rdet glas p\u00e5 hver side som standard, som vist.<\/span><\/p>\n<p><span style=\"font-weight: 400;\">Flere vinduer kan tilf\u00f8jes mod ekstra betaling.<\/span><\/p>\n<p><span style=\"font-weight: 400;\">Gulv 28 mm gran, tag 45 mm gran.<\/span><\/p>\n<p><span style=\"font-weight: 400;\">Siddepladser i elletr\u00e6. Tagbekl\u00e6dning, sort overfladepap. <\/span><\/td>\n<\/tr>\n<tr>\n<td style=\"width: 80px;\"><img loading=\"lazy\" decoding=\"async\" class=\"custom-icon alignnone size-full wp-image-1087\" src=\"https:\/\/vikingsauna.eu\/wp-content\/uploads\/2024\/11\/plus-circle-fill-1.svg\" alt=\"\" width=\"16\" height=\"16\"><\/td>\n<td>Valgmuligheder:<\/p>\n<p>Der er flere muligheder for denne model. Vil du have et andet komfur, en anden d\u00f8r eller \u00e6ndre udseendet? S\u00e5 kontakt os!  <\/td>\n<\/tr>\n<\/tbody>\n<\/table>\n","protected":false},"excerpt":{"rendered":"<p><span style=\"font-weight: 400;\">Designet sauna i en funky stil, elegant designet med \u00e6stetisk placerede s\u00e6der i en vinkel og et stort vindue, der giver en uovertruffen udsigt, velegnet til 6-8 personer.<\/span><\/p>\n<p><span style=\"font-weight: 400;\">Din sauna ankommer fuldt samlet, s\u00e5 du straks kan nyde et afslappende saunabad p\u00e5 leveringsdagen<\/span><span style=\"font-weight: 400;\">.<\/span><\/p>\n<p><span style=\"font-weight: 400;\">Vi er dedikeret til at realisere hver kundes unikke saunadr\u00f8m, og tilbyder derfor skr\u00e6ddersyede l\u00f8sninger baseret p\u00e5 individuelle pr\u00e6ferencer.<\/span><\/p>\n<p>St\u00f8rrelse 220\u00d7350<\/p>\n","protected":false},"featured_media":1686,"template":"","meta":{"_uag_custom_page_level_css":"","site-sidebar-layout":"default","site-content-layout":"","ast-site-content-layout":"default","site-content-style":"default","site-sidebar-style":"default","ast-global-header-display":"","ast-banner-title-visibility":"","ast-main-header-display":"","ast-hfb-above-header-display":"","ast-hfb-below-header-display":"","ast-hfb-mobile-header-display":"","site-post-title":"","ast-breadcrumbs-content":"","ast-featured-img":"","footer-sml-layout":"","ast-disable-related-posts":"","theme-transparent-header-meta":"default","adv-header-id-meta":"","stick-header-meta":"","header-above-stick-meta":"","header-main-stick-meta":"","header-below-stick-meta":"","astra-migrate-meta-layouts":"set","ast-page-background-enabled":"default","ast-page-background-meta":{"desktop":{"background-color":"var(--ast-global-color-4)","background-image":"","background-repeat":"repeat","background-position":"center center","background-size":"auto","background-attachment":"scroll","background-type":"","background-media":"","overlay-type":"","overlay-color":"","overlay-opacity":"","overlay-gradient":""},"tablet":{"background-color":"","background-image":"","background-repeat":"repeat","background-position":"center center","background-size":"auto","background-attachment":"scroll","background-type":"","background-media":"","overlay-type":"","overlay-color":"","overlay-opacity":"","overlay-gradient":""},"mobile":{"background-color":"","background-image":"","background-repeat":"repeat","background-position":"center center","background-size":"auto","background-attachment":"scroll","background-type":"","background-media":"","overlay-type":"","overlay-color":"","overlay-opacity":"","overlay-gradient":""}},"ast-content-background-meta":{"desktop":{"background-color":"var(--ast-global-color-5)","background-image":"","background-repeat":"repeat","background-position":"center center","background-size":"auto","background-attachment":"scroll","background-type":"","background-media":"","overlay-type":"","overlay-color":"","overlay-opacity":"","overlay-gradient":""},"tablet":{"background-color":"var(--ast-global-color-5)","background-image":"","background-repeat":"repeat","background-position":"center center","background-size":"auto","background-attachment":"scroll","background-type":"","background-media":"","overlay-type":"","overlay-color":"","overlay-opacity":"","overlay-gradient":""},"mobile":{"background-color":"var(--ast-global-color-5)","background-image":"","background-repeat":"repeat","background-position":"center center","background-size":"auto","background-attachment":"scroll","background-type":"","background-media":"","overlay-type":"","overlay-color":"","overlay-opacity":"","overlay-gradient":""}}},"product_brand":[],"product_cat":[46,84,69],"product_tag":[],"class_list":{"0":"post-2011","1":"product","2":"type-product","3":"status-publish","4":"has-post-thumbnail","6":"product_cat-ikke-kategoriseret","7":"product_cat-nord-saunas","8":"product_cat-pf-category-danish","9":"desktop-align-left","10":"tablet-align-left","11":"mobile-align-left","13":"first","14":"instock","15":"shipping-taxable","16":"purchasable","17":"product-type-simple"},"yoast_head":"<!-- This site is optimized with the Yoast SEO plugin v27.3 - https:\/\/yoast.com\/product\/yoast-seo-wordpress\/ -->\n<title>Nord RLX XL 220\u00d7350 - VikingSauna<\/title>\n<meta name=\"robots\" content=\"index, follow, max-snippet:-1, max-image-preview:large, max-video-preview:-1\" \/>\n<link rel=\"canonical\" href=\"https:\/\/vikingsauna.eu\/da\/vare\/nord-rlx-xl-220x350\/\" \/>\n<meta property=\"og:locale\" content=\"da_DK\" \/>\n<meta property=\"og:type\" content=\"article\" \/>\n<meta property=\"og:title\" content=\"Nord RLX XL 220\u00d7350 - VikingSauna\" \/>\n<meta property=\"og:description\" content=\"Designet sauna i en funky stil, elegant designet med \u00e6stetisk placerede s\u00e6der i en vinkel og et stort vindue, der giver en uovertruffen udsigt, velegnet til 6-8 personer. Din sauna ankommer fuldt samlet, s\u00e5 du straks kan nyde et afslappende saunabad p\u00e5 leveringsdagen. Vi er dedikeret til at realisere hver kundes unikke saunadr\u00f8m, og tilbyder derfor skr\u00e6ddersyede l\u00f8sninger baseret p\u00e5 individuelle pr\u00e6ferencer. St\u00f8rrelse 220\u00d7350\" \/>\n<meta property=\"og:url\" content=\"https:\/\/vikingsauna.eu\/da\/vare\/nord-rlx-xl-220x350\/\" \/>\n<meta property=\"og:site_name\" content=\"VikingSauna\" \/>\n<meta property=\"article:publisher\" content=\"https:\/\/www.facebook.com\/people\/VikingSauna\/61567916655491\/?_rdr\" \/>\n<meta property=\"article:modified_time\" content=\"2026-03-29T14:16:59+00:00\" \/>\n<meta property=\"og:image\" content=\"https:\/\/vikingsauna.eu\/wp-content\/uploads\/2024\/11\/Photoroom-20240224_142634_resized-e1708789301803.png\" \/>\n\t<meta property=\"og:image:width\" content=\"576\" \/>\n\t<meta property=\"og:image:height\" content=\"569\" \/>\n\t<meta property=\"og:image:type\" content=\"image\/png\" \/>\n<meta name=\"twitter:card\" content=\"summary_large_image\" \/>\n<meta name=\"twitter:label1\" content=\"Estimeret l\u00e6setid\" \/>\n\t<meta name=\"twitter:data1\" content=\"3 minutter\" \/>\n<script type=\"application\/ld+json\" class=\"yoast-schema-graph\">{\"@context\":\"https:\\\/\\\/schema.org\",\"@graph\":[{\"@type\":\"WebPage\",\"@id\":\"https:\\\/\\\/vikingsauna.eu\\\/da\\\/vare\\\/nord-rlx-xl-220x350\\\/\",\"url\":\"https:\\\/\\\/vikingsauna.eu\\\/da\\\/vare\\\/nord-rlx-xl-220x350\\\/\",\"name\":\"Nord RLX XL 220\u00d7350 - VikingSauna\",\"isPartOf\":{\"@id\":\"https:\\\/\\\/vikingsauna.eu\\\/#website\"},\"primaryImageOfPage\":{\"@id\":\"https:\\\/\\\/vikingsauna.eu\\\/da\\\/vare\\\/nord-rlx-xl-220x350\\\/#primaryimage\"},\"image\":{\"@id\":\"https:\\\/\\\/vikingsauna.eu\\\/da\\\/vare\\\/nord-rlx-xl-220x350\\\/#primaryimage\"},\"thumbnailUrl\":\"https:\\\/\\\/vikingsauna.eu\\\/wp-content\\\/uploads\\\/2024\\\/11\\\/Photoroom-20240224_142634_resized-e1708789301803.png\",\"datePublished\":\"2024-11-26T06:28:59+00:00\",\"dateModified\":\"2026-03-29T14:16:59+00:00\",\"breadcrumb\":{\"@id\":\"https:\\\/\\\/vikingsauna.eu\\\/da\\\/vare\\\/nord-rlx-xl-220x350\\\/#breadcrumb\"},\"inLanguage\":\"da-DK\",\"potentialAction\":[{\"@type\":\"ReadAction\",\"target\":[\"https:\\\/\\\/vikingsauna.eu\\\/da\\\/vare\\\/nord-rlx-xl-220x350\\\/\"]}]},{\"@type\":\"ImageObject\",\"inLanguage\":\"da-DK\",\"@id\":\"https:\\\/\\\/vikingsauna.eu\\\/da\\\/vare\\\/nord-rlx-xl-220x350\\\/#primaryimage\",\"url\":\"https:\\\/\\\/vikingsauna.eu\\\/wp-content\\\/uploads\\\/2024\\\/11\\\/Photoroom-20240224_142634_resized-e1708789301803.png\",\"contentUrl\":\"https:\\\/\\\/vikingsauna.eu\\\/wp-content\\\/uploads\\\/2024\\\/11\\\/Photoroom-20240224_142634_resized-e1708789301803.png\",\"width\":576,\"height\":569},{\"@type\":\"BreadcrumbList\",\"@id\":\"https:\\\/\\\/vikingsauna.eu\\\/da\\\/vare\\\/nord-rlx-xl-220x350\\\/#breadcrumb\",\"itemListElement\":[{\"@type\":\"ListItem\",\"position\":1,\"name\":\"Home\",\"item\":\"https:\\\/\\\/vikingsauna.eu\\\/da\\\/\"},{\"@type\":\"ListItem\",\"position\":2,\"name\":\"Pood\",\"item\":\"https:\\\/\\\/vikingsauna.eu\\\/da\\\/pood\\\/\"},{\"@type\":\"ListItem\",\"position\":3,\"name\":\"Nord RLX XL 220\u00d7350\"}]},{\"@type\":\"WebSite\",\"@id\":\"https:\\\/\\\/vikingsauna.eu\\\/#website\",\"url\":\"https:\\\/\\\/vikingsauna.eu\\\/\",\"name\":\"VikingSauna\",\"description\":\"\",\"publisher\":{\"@id\":\"https:\\\/\\\/vikingsauna.eu\\\/#organization\"},\"potentialAction\":[{\"@type\":\"SearchAction\",\"target\":{\"@type\":\"EntryPoint\",\"urlTemplate\":\"https:\\\/\\\/vikingsauna.eu\\\/?s={search_term_string}\"},\"query-input\":{\"@type\":\"PropertyValueSpecification\",\"valueRequired\":true,\"valueName\":\"search_term_string\"}}],\"inLanguage\":\"da-DK\"},{\"@type\":\"Organization\",\"@id\":\"https:\\\/\\\/vikingsauna.eu\\\/#organization\",\"name\":\"VikingSauna\",\"url\":\"https:\\\/\\\/vikingsauna.eu\\\/\",\"logo\":{\"@type\":\"ImageObject\",\"inLanguage\":\"da-DK\",\"@id\":\"https:\\\/\\\/vikingsauna.eu\\\/#\\\/schema\\\/logo\\\/image\\\/\",\"url\":\"https:\\\/\\\/vikingsauna.eu\\\/wp-content\\\/uploads\\\/2024\\\/10\\\/2.png\",\"contentUrl\":\"https:\\\/\\\/vikingsauna.eu\\\/wp-content\\\/uploads\\\/2024\\\/10\\\/2.png\",\"width\":500,\"height\":500,\"caption\":\"VikingSauna\"},\"image\":{\"@id\":\"https:\\\/\\\/vikingsauna.eu\\\/#\\\/schema\\\/logo\\\/image\\\/\"},\"sameAs\":[\"https:\\\/\\\/www.facebook.com\\\/people\\\/VikingSauna\\\/61567916655491\\\/?_rdr\"]}]}<\/script>\n<!-- \/ Yoast SEO plugin. -->","yoast_head_json":{"title":"Nord RLX XL 220\u00d7350 - VikingSauna","robots":{"index":"index","follow":"follow","max-snippet":"max-snippet:-1","max-image-preview":"max-image-preview:large","max-video-preview":"max-video-preview:-1"},"canonical":"https:\/\/vikingsauna.eu\/da\/vare\/nord-rlx-xl-220x350\/","og_locale":"da_DK","og_type":"article","og_title":"Nord RLX XL 220\u00d7350 - VikingSauna","og_description":"Designet sauna i en funky stil, elegant designet med \u00e6stetisk placerede s\u00e6der i en vinkel og et stort vindue, der giver en uovertruffen udsigt, velegnet til 6-8 personer. Din sauna ankommer fuldt samlet, s\u00e5 du straks kan nyde et afslappende saunabad p\u00e5 leveringsdagen. Vi er dedikeret til at realisere hver kundes unikke saunadr\u00f8m, og tilbyder derfor skr\u00e6ddersyede l\u00f8sninger baseret p\u00e5 individuelle pr\u00e6ferencer. St\u00f8rrelse 220\u00d7350","og_url":"https:\/\/vikingsauna.eu\/da\/vare\/nord-rlx-xl-220x350\/","og_site_name":"VikingSauna","article_publisher":"https:\/\/www.facebook.com\/people\/VikingSauna\/61567916655491\/?_rdr","article_modified_time":"2026-03-29T14:16:59+00:00","og_image":[{"width":576,"height":569,"url":"https:\/\/vikingsauna.eu\/wp-content\/uploads\/2024\/11\/Photoroom-20240224_142634_resized-e1708789301803.png","type":"image\/png"}],"twitter_card":"summary_large_image","twitter_misc":{"Estimeret l\u00e6setid":"3 minutter"},"schema":{"@context":"https:\/\/schema.org","@graph":[{"@type":"WebPage","@id":"https:\/\/vikingsauna.eu\/da\/vare\/nord-rlx-xl-220x350\/","url":"https:\/\/vikingsauna.eu\/da\/vare\/nord-rlx-xl-220x350\/","name":"Nord RLX XL 220\u00d7350 - VikingSauna","isPartOf":{"@id":"https:\/\/vikingsauna.eu\/#website"},"primaryImageOfPage":{"@id":"https:\/\/vikingsauna.eu\/da\/vare\/nord-rlx-xl-220x350\/#primaryimage"},"image":{"@id":"https:\/\/vikingsauna.eu\/da\/vare\/nord-rlx-xl-220x350\/#primaryimage"},"thumbnailUrl":"https:\/\/vikingsauna.eu\/wp-content\/uploads\/2024\/11\/Photoroom-20240224_142634_resized-e1708789301803.png","datePublished":"2024-11-26T06:28:59+00:00","dateModified":"2026-03-29T14:16:59+00:00","breadcrumb":{"@id":"https:\/\/vikingsauna.eu\/da\/vare\/nord-rlx-xl-220x350\/#breadcrumb"},"inLanguage":"da-DK","potentialAction":[{"@type":"ReadAction","target":["https:\/\/vikingsauna.eu\/da\/vare\/nord-rlx-xl-220x350\/"]}]},{"@type":"ImageObject","inLanguage":"da-DK","@id":"https:\/\/vikingsauna.eu\/da\/vare\/nord-rlx-xl-220x350\/#primaryimage","url":"https:\/\/vikingsauna.eu\/wp-content\/uploads\/2024\/11\/Photoroom-20240224_142634_resized-e1708789301803.png","contentUrl":"https:\/\/vikingsauna.eu\/wp-content\/uploads\/2024\/11\/Photoroom-20240224_142634_resized-e1708789301803.png","width":576,"height":569},{"@type":"BreadcrumbList","@id":"https:\/\/vikingsauna.eu\/da\/vare\/nord-rlx-xl-220x350\/#breadcrumb","itemListElement":[{"@type":"ListItem","position":1,"name":"Home","item":"https:\/\/vikingsauna.eu\/da\/"},{"@type":"ListItem","position":2,"name":"Pood","item":"https:\/\/vikingsauna.eu\/da\/pood\/"},{"@type":"ListItem","position":3,"name":"Nord RLX XL 220\u00d7350"}]},{"@type":"WebSite","@id":"https:\/\/vikingsauna.eu\/#website","url":"https:\/\/vikingsauna.eu\/","name":"VikingSauna","description":"","publisher":{"@id":"https:\/\/vikingsauna.eu\/#organization"},"potentialAction":[{"@type":"SearchAction","target":{"@type":"EntryPoint","urlTemplate":"https:\/\/vikingsauna.eu\/?s={search_term_string}"},"query-input":{"@type":"PropertyValueSpecification","valueRequired":true,"valueName":"search_term_string"}}],"inLanguage":"da-DK"},{"@type":"Organization","@id":"https:\/\/vikingsauna.eu\/#organization","name":"VikingSauna","url":"https:\/\/vikingsauna.eu\/","logo":{"@type":"ImageObject","inLanguage":"da-DK","@id":"https:\/\/vikingsauna.eu\/#\/schema\/logo\/image\/","url":"https:\/\/vikingsauna.eu\/wp-content\/uploads\/2024\/10\/2.png","contentUrl":"https:\/\/vikingsauna.eu\/wp-content\/uploads\/2024\/10\/2.png","width":500,"height":500,"caption":"VikingSauna"},"image":{"@id":"https:\/\/vikingsauna.eu\/#\/schema\/logo\/image\/"},"sameAs":["https:\/\/www.facebook.com\/people\/VikingSauna\/61567916655491\/?_rdr"]}]}},"uagb_featured_image_src":{"full":["https:\/\/vikingsauna.eu\/wp-content\/uploads\/2024\/11\/Photoroom-20240224_142634_resized-e1708789301803.png",576,569,false],"thumbnail":["https:\/\/vikingsauna.eu\/wp-content\/uploads\/2024\/11\/Photoroom-20240224_142634_resized-e1708789301803-150x150.png",150,150,true],"medium":["https:\/\/vikingsauna.eu\/wp-content\/uploads\/2024\/11\/Photoroom-20240224_142634_resized-e1708789301803-300x296.png",300,296,true],"medium_large":["https:\/\/vikingsauna.eu\/wp-content\/uploads\/2024\/11\/Photoroom-20240224_142634_resized-e1708789301803.png",576,569,false],"large":["https:\/\/vikingsauna.eu\/wp-content\/uploads\/2024\/11\/Photoroom-20240224_142634_resized-e1708789301803.png",576,569,false],"1536x1536":["https:\/\/vikingsauna.eu\/wp-content\/uploads\/2024\/11\/Photoroom-20240224_142634_resized-e1708789301803.png",576,569,false],"2048x2048":["https:\/\/vikingsauna.eu\/wp-content\/uploads\/2024\/11\/Photoroom-20240224_142634_resized-e1708789301803.png",576,569,false],"woocommerce_thumbnail":["https:\/\/vikingsauna.eu\/wp-content\/uploads\/2024\/11\/Photoroom-20240224_142634_resized-e1708789301803-500x375.png",500,375,true],"woocommerce_single":["https:\/\/vikingsauna.eu\/wp-content\/uploads\/2024\/11\/Photoroom-20240224_142634_resized-e1708789301803.png",576,569,false],"woocommerce_gallery_thumbnail":["https:\/\/vikingsauna.eu\/wp-content\/uploads\/2024\/11\/Photoroom-20240224_142634_resized-e1708789301803-100x100.png",100,100,true]},"uagb_author_info":{"display_name":"karinaloid","author_link":"https:\/\/vikingsauna.eu\/da\/author\/"},"uagb_comment_info":0,"uagb_excerpt":"Designet sauna i en funky stil, elegant designet med \u00e6stetisk placerede s\u00e6der i en vinkel og et stort vindue, der giver en uovertruffen udsigt, velegnet til 6-8 personer. Din sauna ankommer fuldt samlet, s\u00e5 du straks kan nyde et afslappende saunabad p\u00e5 leveringsdagen. Vi er dedikeret til at realisere hver kundes unikke saunadr\u00f8m, og tilbyder&hellip;","_links":{"self":[{"href":"https:\/\/vikingsauna.eu\/da\/wp-json\/wp\/v2\/product\/2011","targetHints":{"allow":["GET"]}}],"collection":[{"href":"https:\/\/vikingsauna.eu\/da\/wp-json\/wp\/v2\/product"}],"about":[{"href":"https:\/\/vikingsauna.eu\/da\/wp-json\/wp\/v2\/types\/product"}],"wp:featuredmedia":[{"embeddable":true,"href":"https:\/\/vikingsauna.eu\/da\/wp-json\/wp\/v2\/media\/1686"}],"wp:attachment":[{"href":"https:\/\/vikingsauna.eu\/da\/wp-json\/wp\/v2\/media?parent=2011"}],"wp:term":[{"taxonomy":"product_brand","embeddable":true,"href":"https:\/\/vikingsauna.eu\/da\/wp-json\/wp\/v2\/product_brand?post=2011"},{"taxonomy":"product_cat","embeddable":true,"href":"https:\/\/vikingsauna.eu\/da\/wp-json\/wp\/v2\/product_cat?post=2011"},{"taxonomy":"product_tag","embeddable":true,"href":"https:\/\/vikingsauna.eu\/da\/wp-json\/wp\/v2\/product_tag?post=2011"}],"curies":[{"name":"wp","href":"https:\/\/api.w.org\/{rel}","templated":true}]}}