{"id":2025,"date":"2024-11-25T14:04:37","date_gmt":"2024-11-25T14:04:37","guid":{"rendered":"https:\/\/vikingsauna.eu\/product\/nord-compact-185x165\/"},"modified":"2026-03-29T16:16:57","modified_gmt":"2026-03-29T14:16:57","slug":"nord-compact-185x165","status":"publish","type":"product","link":"https:\/\/vikingsauna.eu\/da\/vare\/nord-compact-185x165\/","title":{"rendered":"Nord Compact 185\u00d7165"},"content":{"rendered":"<table style=\"width: 100%; table-layout: fixed;\">\n<tbody>\n<tr>\n<td style=\"width: 80px;\"><img loading=\"lazy\" decoding=\"async\" class=\"custom-icon alignnone size-full wp-image-1089\" src=\"https:\/\/vikingsauna.eu\/wp-content\/uploads\/2024\/11\/people-fill-1.svg\" alt=\"\" width=\"16\" height=\"16\"><\/td>\n<td><span style=\"font-weight: 400;\">Ca. 3-4 personer<\/span><\/td>\n<\/tr>\n<tr>\n<td style=\"width: 80px;\"><img loading=\"lazy\" decoding=\"async\" class=\"custom-icon alignnone size-full wp-image-1088\" src=\"https:\/\/vikingsauna.eu\/wp-content\/uploads\/2024\/11\/tree-fill-1.svg\" alt=\"\" width=\"16\" height=\"16\"><\/td>\n<td>Gran 45 mm<\/td>\n<\/tr>\n<tr>\n<td style=\"width: 80px;\"><img loading=\"lazy\" decoding=\"async\" class=\"custom-icon alignnone size-full wp-image-1084\" src=\"https:\/\/vikingsauna.eu\/wp-content\/uploads\/2024\/11\/fire-1.svg\" alt=\"\" width=\"16\" height=\"16\"><\/td>\n<td>Harvia M3; Harvia Legend 150 eller Harvia Cilindro pc90<\/p>\n<p>Br\u00e6ndeovnen leveres med CE-godkendte plader og Harvia WHP1500, isoleret rustfri skorsten.<\/td>\n<\/tr>\n<tr>\n<td style=\"width: 80px;\"><img loading=\"lazy\" decoding=\"async\" class=\"custom-icon alignnone size-full wp-image-1085\" src=\"https:\/\/vikingsauna.eu\/wp-content\/uploads\/2024\/11\/rulers-1.svg\" alt=\"\" width=\"16\" height=\"16\"><\/td>\n<td><span style=\"font-weight: 400;\">185\u00d7165 cm<\/span><\/td>\n<\/tr>\n<tr>\n<td style=\"width: 80px;\"><img loading=\"lazy\" decoding=\"async\" class=\"custom-icon alignnone size-full wp-image-1090\" src=\"https:\/\/vikingsauna.eu\/wp-content\/uploads\/2024\/11\/nut-fill-1.svg\" alt=\"\" width=\"16\" height=\"16\"><\/td>\n<td>600 kg<\/td>\n<\/tr>\n<tr>\n<td style=\"width: 80px;\"><img loading=\"lazy\" decoding=\"async\" class=\"custom-icon alignnone size-full wp-image-1086\" src=\"https:\/\/vikingsauna.eu\/wp-content\/uploads\/2024\/11\/info-circle-fill-1.svg\" alt=\"\" width=\"16\" height=\"16\"><\/td>\n<td><span style=\"font-weight: 400;\">Leveres med et vindue p\u00e5 111X66 cm i 6 mm h\u00e6rdet glas som standard.<\/span><\/p>\n<p><span style=\"font-weight: 400;\">Flere eller st\u00f8rre vinduer kan tilf\u00f8jes mod ekstra betaling. (Alle st\u00f8rre vinduer er isoleret glas med 6 mm h\u00e6rdet glas p\u00e5 hver side). <\/span><\/p>\n<p><span style=\"font-weight: 400;\">Gulv 28 mm gran, tag 45 mm gran.<\/span><\/p>\n<p><span style=\"font-weight: 400;\">Siddepladser i elletr\u00e6. Tagbekl\u00e6dning, sort overfladepap. <\/span><\/td>\n<\/tr>\n<tr>\n<td style=\"width: 80px;\"><img loading=\"lazy\" decoding=\"async\" class=\"custom-icon alignnone size-full wp-image-1087\" src=\"https:\/\/vikingsauna.eu\/wp-content\/uploads\/2024\/11\/plus-circle-fill-1.svg\" alt=\"\" width=\"16\" height=\"16\"><\/td>\n<td>Valgmuligheder:<\/p>\n<p>Der er flere muligheder for denne model. Vil du have et andet komfur, en anden d\u00f8r eller \u00e6ndre udseendet? S\u00e5 kontakt os!  <\/td>\n<\/tr>\n<\/tbody>\n<\/table>\n","protected":false},"excerpt":{"rendered":"<p><span style=\"font-weight: 400;\">Elegant funktionel sauna designet til 3-4 personer, pr\u00e6senteret i et klassisk design.<\/span><\/p>\n<p><span style=\"font-weight: 400;\">Denne sauna leveres fuldt samlet, s\u00e5 du kan nyde en afslappende sauna den dag, den leveres.<\/span><\/p>\n<p><span style=\"font-weight: 400;\">Vi er dedikeret til at opfylde hver kundes unikke \u00f8nsker til deres ideelle sauna, og tilpasser derfor gerne vores konstruktion til individuelle pr\u00e6ferencer.<\/span><\/p>\n<p>St\u00f8rrelse 185\u00d7165<\/p>\n","protected":false},"featured_media":1830,"template":"","meta":{"_uag_custom_page_level_css":"","site-sidebar-layout":"default","site-content-layout":"","ast-site-content-layout":"default","site-content-style":"default","site-sidebar-style":"default","ast-global-header-display":"","ast-banner-title-visibility":"","ast-main-header-display":"","ast-hfb-above-header-display":"","ast-hfb-below-header-display":"","ast-hfb-mobile-header-display":"","site-post-title":"","ast-breadcrumbs-content":"","ast-featured-img":"","footer-sml-layout":"","ast-disable-related-posts":"","theme-transparent-header-meta":"default","adv-header-id-meta":"","stick-header-meta":"","header-above-stick-meta":"","header-main-stick-meta":"","header-below-stick-meta":"","astra-migrate-meta-layouts":"set","ast-page-background-enabled":"default","ast-page-background-meta":{"desktop":{"background-color":"var(--ast-global-color-4)","background-image":"","background-repeat":"repeat","background-position":"center center","background-size":"auto","background-attachment":"scroll","background-type":"","background-media":"","overlay-type":"","overlay-color":"","overlay-opacity":"","overlay-gradient":""},"tablet":{"background-color":"","background-image":"","background-repeat":"repeat","background-position":"center center","background-size":"auto","background-attachment":"scroll","background-type":"","background-media":"","overlay-type":"","overlay-color":"","overlay-opacity":"","overlay-gradient":""},"mobile":{"background-color":"","background-image":"","background-repeat":"repeat","background-position":"center center","background-size":"auto","background-attachment":"scroll","background-type":"","background-media":"","overlay-type":"","overlay-color":"","overlay-opacity":"","overlay-gradient":""}},"ast-content-background-meta":{"desktop":{"background-color":"var(--ast-global-color-5)","background-image":"","background-repeat":"repeat","background-position":"center center","background-size":"auto","background-attachment":"scroll","background-type":"","background-media":"","overlay-type":"","overlay-color":"","overlay-opacity":"","overlay-gradient":""},"tablet":{"background-color":"var(--ast-global-color-5)","background-image":"","background-repeat":"repeat","background-position":"center center","background-size":"auto","background-attachment":"scroll","background-type":"","background-media":"","overlay-type":"","overlay-color":"","overlay-opacity":"","overlay-gradient":""},"mobile":{"background-color":"var(--ast-global-color-5)","background-image":"","background-repeat":"repeat","background-position":"center center","background-size":"auto","background-attachment":"scroll","background-type":"","background-media":"","overlay-type":"","overlay-color":"","overlay-opacity":"","overlay-gradient":""}}},"product_brand":[],"product_cat":[46,84,69],"product_tag":[],"class_list":{"0":"post-2025","1":"product","2":"type-product","3":"status-publish","4":"has-post-thumbnail","6":"product_cat-ikke-kategoriseret","7":"product_cat-nord-saunas","8":"product_cat-pf-category-danish","9":"desktop-align-left","10":"tablet-align-left","11":"mobile-align-left","13":"first","14":"instock","15":"shipping-taxable","16":"purchasable","17":"product-type-simple"},"yoast_head":"<!-- This site is optimized with the Yoast SEO plugin v27.3 - https:\/\/yoast.com\/product\/yoast-seo-wordpress\/ -->\n<title>Nord Compact 185\u00d7165 - VikingSauna<\/title>\n<meta name=\"robots\" content=\"index, follow, max-snippet:-1, max-image-preview:large, max-video-preview:-1\" \/>\n<link rel=\"canonical\" href=\"https:\/\/vikingsauna.eu\/da\/vare\/nord-compact-185x165\/\" \/>\n<meta property=\"og:locale\" content=\"da_DK\" \/>\n<meta property=\"og:type\" content=\"article\" \/>\n<meta property=\"og:title\" content=\"Nord Compact 185\u00d7165 - VikingSauna\" \/>\n<meta property=\"og:description\" content=\"Elegant funktionel sauna designet til 3-4 personer, pr\u00e6senteret i et klassisk design. Denne sauna leveres fuldt samlet, s\u00e5 du kan nyde en afslappende sauna den dag, den leveres. Vi er dedikeret til at opfylde hver kundes unikke \u00f8nsker til deres ideelle sauna, og tilpasser derfor gerne vores konstruktion til individuelle pr\u00e6ferencer. St\u00f8rrelse 185\u00d7165\" \/>\n<meta property=\"og:url\" content=\"https:\/\/vikingsauna.eu\/da\/vare\/nord-compact-185x165\/\" \/>\n<meta property=\"og:site_name\" content=\"VikingSauna\" \/>\n<meta property=\"article:publisher\" content=\"https:\/\/www.facebook.com\/people\/VikingSauna\/61567916655491\/?_rdr\" \/>\n<meta property=\"article:modified_time\" content=\"2026-03-29T14:16:57+00:00\" \/>\n<meta property=\"og:image\" content=\"https:\/\/vikingsauna.eu\/wp-content\/uploads\/2024\/11\/Screenshot_20221206_174221_Instagram.jpg\" \/>\n\t<meta property=\"og:image:width\" content=\"685\" \/>\n\t<meta property=\"og:image:height\" content=\"798\" \/>\n\t<meta property=\"og:image:type\" content=\"image\/jpeg\" \/>\n<meta name=\"twitter:card\" content=\"summary_large_image\" \/>\n<meta name=\"twitter:label1\" content=\"Estimeret l\u00e6setid\" \/>\n\t<meta name=\"twitter:data1\" content=\"3 minutter\" \/>\n<script type=\"application\/ld+json\" class=\"yoast-schema-graph\">{\"@context\":\"https:\\\/\\\/schema.org\",\"@graph\":[{\"@type\":\"WebPage\",\"@id\":\"https:\\\/\\\/vikingsauna.eu\\\/da\\\/vare\\\/nord-compact-185x165\\\/\",\"url\":\"https:\\\/\\\/vikingsauna.eu\\\/da\\\/vare\\\/nord-compact-185x165\\\/\",\"name\":\"Nord Compact 185\u00d7165 - VikingSauna\",\"isPartOf\":{\"@id\":\"https:\\\/\\\/vikingsauna.eu\\\/#website\"},\"primaryImageOfPage\":{\"@id\":\"https:\\\/\\\/vikingsauna.eu\\\/da\\\/vare\\\/nord-compact-185x165\\\/#primaryimage\"},\"image\":{\"@id\":\"https:\\\/\\\/vikingsauna.eu\\\/da\\\/vare\\\/nord-compact-185x165\\\/#primaryimage\"},\"thumbnailUrl\":\"https:\\\/\\\/vikingsauna.eu\\\/wp-content\\\/uploads\\\/2024\\\/11\\\/Screenshot_20221206_174221_Instagram.jpg\",\"datePublished\":\"2024-11-25T14:04:37+00:00\",\"dateModified\":\"2026-03-29T14:16:57+00:00\",\"breadcrumb\":{\"@id\":\"https:\\\/\\\/vikingsauna.eu\\\/da\\\/vare\\\/nord-compact-185x165\\\/#breadcrumb\"},\"inLanguage\":\"da-DK\",\"potentialAction\":[{\"@type\":\"ReadAction\",\"target\":[\"https:\\\/\\\/vikingsauna.eu\\\/da\\\/vare\\\/nord-compact-185x165\\\/\"]}]},{\"@type\":\"ImageObject\",\"inLanguage\":\"da-DK\",\"@id\":\"https:\\\/\\\/vikingsauna.eu\\\/da\\\/vare\\\/nord-compact-185x165\\\/#primaryimage\",\"url\":\"https:\\\/\\\/vikingsauna.eu\\\/wp-content\\\/uploads\\\/2024\\\/11\\\/Screenshot_20221206_174221_Instagram.jpg\",\"contentUrl\":\"https:\\\/\\\/vikingsauna.eu\\\/wp-content\\\/uploads\\\/2024\\\/11\\\/Screenshot_20221206_174221_Instagram.jpg\",\"width\":685,\"height\":798},{\"@type\":\"BreadcrumbList\",\"@id\":\"https:\\\/\\\/vikingsauna.eu\\\/da\\\/vare\\\/nord-compact-185x165\\\/#breadcrumb\",\"itemListElement\":[{\"@type\":\"ListItem\",\"position\":1,\"name\":\"Home\",\"item\":\"https:\\\/\\\/vikingsauna.eu\\\/da\\\/\"},{\"@type\":\"ListItem\",\"position\":2,\"name\":\"Pood\",\"item\":\"https:\\\/\\\/vikingsauna.eu\\\/da\\\/pood\\\/\"},{\"@type\":\"ListItem\",\"position\":3,\"name\":\"Nord Compact 185\u00d7165\"}]},{\"@type\":\"WebSite\",\"@id\":\"https:\\\/\\\/vikingsauna.eu\\\/#website\",\"url\":\"https:\\\/\\\/vikingsauna.eu\\\/\",\"name\":\"VikingSauna\",\"description\":\"\",\"publisher\":{\"@id\":\"https:\\\/\\\/vikingsauna.eu\\\/#organization\"},\"potentialAction\":[{\"@type\":\"SearchAction\",\"target\":{\"@type\":\"EntryPoint\",\"urlTemplate\":\"https:\\\/\\\/vikingsauna.eu\\\/?s={search_term_string}\"},\"query-input\":{\"@type\":\"PropertyValueSpecification\",\"valueRequired\":true,\"valueName\":\"search_term_string\"}}],\"inLanguage\":\"da-DK\"},{\"@type\":\"Organization\",\"@id\":\"https:\\\/\\\/vikingsauna.eu\\\/#organization\",\"name\":\"VikingSauna\",\"url\":\"https:\\\/\\\/vikingsauna.eu\\\/\",\"logo\":{\"@type\":\"ImageObject\",\"inLanguage\":\"da-DK\",\"@id\":\"https:\\\/\\\/vikingsauna.eu\\\/#\\\/schema\\\/logo\\\/image\\\/\",\"url\":\"https:\\\/\\\/vikingsauna.eu\\\/wp-content\\\/uploads\\\/2024\\\/10\\\/2.png\",\"contentUrl\":\"https:\\\/\\\/vikingsauna.eu\\\/wp-content\\\/uploads\\\/2024\\\/10\\\/2.png\",\"width\":500,\"height\":500,\"caption\":\"VikingSauna\"},\"image\":{\"@id\":\"https:\\\/\\\/vikingsauna.eu\\\/#\\\/schema\\\/logo\\\/image\\\/\"},\"sameAs\":[\"https:\\\/\\\/www.facebook.com\\\/people\\\/VikingSauna\\\/61567916655491\\\/?_rdr\"]}]}<\/script>\n<!-- \/ Yoast SEO plugin. -->","yoast_head_json":{"title":"Nord Compact 185\u00d7165 - VikingSauna","robots":{"index":"index","follow":"follow","max-snippet":"max-snippet:-1","max-image-preview":"max-image-preview:large","max-video-preview":"max-video-preview:-1"},"canonical":"https:\/\/vikingsauna.eu\/da\/vare\/nord-compact-185x165\/","og_locale":"da_DK","og_type":"article","og_title":"Nord Compact 185\u00d7165 - VikingSauna","og_description":"Elegant funktionel sauna designet til 3-4 personer, pr\u00e6senteret i et klassisk design. Denne sauna leveres fuldt samlet, s\u00e5 du kan nyde en afslappende sauna den dag, den leveres. Vi er dedikeret til at opfylde hver kundes unikke \u00f8nsker til deres ideelle sauna, og tilpasser derfor gerne vores konstruktion til individuelle pr\u00e6ferencer. St\u00f8rrelse 185\u00d7165","og_url":"https:\/\/vikingsauna.eu\/da\/vare\/nord-compact-185x165\/","og_site_name":"VikingSauna","article_publisher":"https:\/\/www.facebook.com\/people\/VikingSauna\/61567916655491\/?_rdr","article_modified_time":"2026-03-29T14:16:57+00:00","og_image":[{"width":685,"height":798,"url":"https:\/\/vikingsauna.eu\/wp-content\/uploads\/2024\/11\/Screenshot_20221206_174221_Instagram.jpg","type":"image\/jpeg"}],"twitter_card":"summary_large_image","twitter_misc":{"Estimeret l\u00e6setid":"3 minutter"},"schema":{"@context":"https:\/\/schema.org","@graph":[{"@type":"WebPage","@id":"https:\/\/vikingsauna.eu\/da\/vare\/nord-compact-185x165\/","url":"https:\/\/vikingsauna.eu\/da\/vare\/nord-compact-185x165\/","name":"Nord Compact 185\u00d7165 - VikingSauna","isPartOf":{"@id":"https:\/\/vikingsauna.eu\/#website"},"primaryImageOfPage":{"@id":"https:\/\/vikingsauna.eu\/da\/vare\/nord-compact-185x165\/#primaryimage"},"image":{"@id":"https:\/\/vikingsauna.eu\/da\/vare\/nord-compact-185x165\/#primaryimage"},"thumbnailUrl":"https:\/\/vikingsauna.eu\/wp-content\/uploads\/2024\/11\/Screenshot_20221206_174221_Instagram.jpg","datePublished":"2024-11-25T14:04:37+00:00","dateModified":"2026-03-29T14:16:57+00:00","breadcrumb":{"@id":"https:\/\/vikingsauna.eu\/da\/vare\/nord-compact-185x165\/#breadcrumb"},"inLanguage":"da-DK","potentialAction":[{"@type":"ReadAction","target":["https:\/\/vikingsauna.eu\/da\/vare\/nord-compact-185x165\/"]}]},{"@type":"ImageObject","inLanguage":"da-DK","@id":"https:\/\/vikingsauna.eu\/da\/vare\/nord-compact-185x165\/#primaryimage","url":"https:\/\/vikingsauna.eu\/wp-content\/uploads\/2024\/11\/Screenshot_20221206_174221_Instagram.jpg","contentUrl":"https:\/\/vikingsauna.eu\/wp-content\/uploads\/2024\/11\/Screenshot_20221206_174221_Instagram.jpg","width":685,"height":798},{"@type":"BreadcrumbList","@id":"https:\/\/vikingsauna.eu\/da\/vare\/nord-compact-185x165\/#breadcrumb","itemListElement":[{"@type":"ListItem","position":1,"name":"Home","item":"https:\/\/vikingsauna.eu\/da\/"},{"@type":"ListItem","position":2,"name":"Pood","item":"https:\/\/vikingsauna.eu\/da\/pood\/"},{"@type":"ListItem","position":3,"name":"Nord Compact 185\u00d7165"}]},{"@type":"WebSite","@id":"https:\/\/vikingsauna.eu\/#website","url":"https:\/\/vikingsauna.eu\/","name":"VikingSauna","description":"","publisher":{"@id":"https:\/\/vikingsauna.eu\/#organization"},"potentialAction":[{"@type":"SearchAction","target":{"@type":"EntryPoint","urlTemplate":"https:\/\/vikingsauna.eu\/?s={search_term_string}"},"query-input":{"@type":"PropertyValueSpecification","valueRequired":true,"valueName":"search_term_string"}}],"inLanguage":"da-DK"},{"@type":"Organization","@id":"https:\/\/vikingsauna.eu\/#organization","name":"VikingSauna","url":"https:\/\/vikingsauna.eu\/","logo":{"@type":"ImageObject","inLanguage":"da-DK","@id":"https:\/\/vikingsauna.eu\/#\/schema\/logo\/image\/","url":"https:\/\/vikingsauna.eu\/wp-content\/uploads\/2024\/10\/2.png","contentUrl":"https:\/\/vikingsauna.eu\/wp-content\/uploads\/2024\/10\/2.png","width":500,"height":500,"caption":"VikingSauna"},"image":{"@id":"https:\/\/vikingsauna.eu\/#\/schema\/logo\/image\/"},"sameAs":["https:\/\/www.facebook.com\/people\/VikingSauna\/61567916655491\/?_rdr"]}]}},"uagb_featured_image_src":{"full":["https:\/\/vikingsauna.eu\/wp-content\/uploads\/2024\/11\/Screenshot_20221206_174221_Instagram.jpg",685,798,false],"thumbnail":["https:\/\/vikingsauna.eu\/wp-content\/uploads\/2024\/11\/Screenshot_20221206_174221_Instagram-150x150.jpg",150,150,true],"medium":["https:\/\/vikingsauna.eu\/wp-content\/uploads\/2024\/11\/Screenshot_20221206_174221_Instagram-258x300.jpg",258,300,true],"medium_large":["https:\/\/vikingsauna.eu\/wp-content\/uploads\/2024\/11\/Screenshot_20221206_174221_Instagram.jpg",685,798,false],"large":["https:\/\/vikingsauna.eu\/wp-content\/uploads\/2024\/11\/Screenshot_20221206_174221_Instagram.jpg",685,798,false],"1536x1536":["https:\/\/vikingsauna.eu\/wp-content\/uploads\/2024\/11\/Screenshot_20221206_174221_Instagram.jpg",685,798,false],"2048x2048":["https:\/\/vikingsauna.eu\/wp-content\/uploads\/2024\/11\/Screenshot_20221206_174221_Instagram.jpg",685,798,false],"woocommerce_thumbnail":["https:\/\/vikingsauna.eu\/wp-content\/uploads\/2024\/11\/Screenshot_20221206_174221_Instagram-500x375.jpg",500,375,true],"woocommerce_single":["https:\/\/vikingsauna.eu\/wp-content\/uploads\/2024\/11\/Screenshot_20221206_174221_Instagram.jpg",685,798,false],"woocommerce_gallery_thumbnail":["https:\/\/vikingsauna.eu\/wp-content\/uploads\/2024\/11\/Screenshot_20221206_174221_Instagram-100x100.jpg",100,100,true]},"uagb_author_info":{"display_name":"karinaloid","author_link":"https:\/\/vikingsauna.eu\/da\/author\/"},"uagb_comment_info":0,"uagb_excerpt":"Elegant funktionel sauna designet til 3-4 personer, pr\u00e6senteret i et klassisk design. Denne sauna leveres fuldt samlet, s\u00e5 du kan nyde en afslappende sauna den dag, den leveres. Vi er dedikeret til at opfylde hver kundes unikke \u00f8nsker til deres ideelle sauna, og tilpasser derfor gerne vores konstruktion til individuelle pr\u00e6ferencer. St\u00f8rrelse 185\u00d7165","_links":{"self":[{"href":"https:\/\/vikingsauna.eu\/da\/wp-json\/wp\/v2\/product\/2025","targetHints":{"allow":["GET"]}}],"collection":[{"href":"https:\/\/vikingsauna.eu\/da\/wp-json\/wp\/v2\/product"}],"about":[{"href":"https:\/\/vikingsauna.eu\/da\/wp-json\/wp\/v2\/types\/product"}],"wp:featuredmedia":[{"embeddable":true,"href":"https:\/\/vikingsauna.eu\/da\/wp-json\/wp\/v2\/media\/1830"}],"wp:attachment":[{"href":"https:\/\/vikingsauna.eu\/da\/wp-json\/wp\/v2\/media?parent=2025"}],"wp:term":[{"taxonomy":"product_brand","embeddable":true,"href":"https:\/\/vikingsauna.eu\/da\/wp-json\/wp\/v2\/product_brand?post=2025"},{"taxonomy":"product_cat","embeddable":true,"href":"https:\/\/vikingsauna.eu\/da\/wp-json\/wp\/v2\/product_cat?post=2025"},{"taxonomy":"product_tag","embeddable":true,"href":"https:\/\/vikingsauna.eu\/da\/wp-json\/wp\/v2\/product_tag?post=2025"}],"curies":[{"name":"wp","href":"https:\/\/api.w.org\/{rel}","templated":true}]}}