{"id":3144,"date":"2026-02-02T18:41:44","date_gmt":"2026-02-02T16:41:44","guid":{"rendered":"https:\/\/vikingsauna.eu\/product\/for-sale-nord-qbe-200x200\/"},"modified":"2026-03-29T16:13:32","modified_gmt":"2026-03-29T14:13:32","slug":"for-sale-nord-qbe-200x200","status":"publish","type":"product","link":"https:\/\/vikingsauna.eu\/da\/vare\/for-sale-nord-qbe-200x200\/","title":{"rendered":"TIL SALG! Nord QBE 200&#215;200"},"content":{"rendered":"<p data-start=\"107\" data-end=\"144\"><strong data-start=\"107\" data-end=\"144\">TIL SALG &#8211; NORD QBE Sauna 200\u00d7200<\/strong><\/p>\n<p data-start=\"146\" data-end=\"599\">En kubisk, h\u00e5ndlavet nordisk sauna bygget af massivt nordisk gran &#8211; rent, moderne design uden at g\u00e5 p\u00e5 kompromis med den autentiske saunaoplevelse. Med sit fodaftryk p\u00e5 200 \u00d7 200 cm tilbyder NORD QBE gener\u00f8s plads og en st\u00e6rk arkitektonisk tilstedev\u00e6relse, der passer perfekt ind i den nordiske natur og minimalistiske omgivelser. Det store panoramavindue \u00e5bner rummet mod omgivelserne, s\u00e5 det naturlige lys kan interagere med tr\u00e6et, selv mens du slapper af i varmen.  <\/p>\n<h3 data-start=\"601\" data-end=\"619\">Specifikationer<\/h3>\n<ul data-start=\"620\" data-end=\"766\">\n<li data-start=\"620\" data-end=\"650\">\n<p data-start=\"622\" data-end=\"650\">V\u00e6gge: 45 mm nordisk gran<\/p>\n<\/li>\n<li data-start=\"651\" data-end=\"693\">\n<p data-start=\"653\" data-end=\"693\">Gulv og loft: 28 mm nordisk gran<\/p>\n<\/li>\n<li data-start=\"694\" data-end=\"743\">\n<p data-start=\"696\" data-end=\"743\">Panoramavindue: 150 \u00d7 170 cm h\u00e6rdet glas<\/p>\n<\/li>\n<li data-start=\"744\" data-end=\"766\">\n<p data-start=\"746\" data-end=\"766\">St\u00f8rrelse: 200 \u00d7 200 cm<\/p>\n<\/li>\n<\/ul>\n<h3 data-start=\"768\" data-end=\"787\">Muligheder for opvarmning<\/h3>\n<ul data-start=\"788\" data-end=\"945\">\n<li data-start=\"788\" data-end=\"847\">\n<p data-start=\"790\" data-end=\"847\">Harvia elektrisk varmelegeme 9 kW &#8211; ekstra omkostninger<\/p>\n<\/li>\n<li data-start=\"848\" data-end=\"945\">\n<p data-start=\"850\" data-end=\"945\">Harvia br\u00e6ndefyret ovn M3 &#8211; ekstra omkostninger <br data-start=\"905\" data-end=\"908\"><em data-start=\"910\" data-end=\"945\">Inkluderer skorsten og saunasten<\/em><\/p>\n<\/li>\n<\/ul>\n<h3 data-start=\"947\" data-end=\"968\">Valgfrie opgraderinger<\/h3>\n<ul data-start=\"969\" data-end=\"1081\">\n<li data-start=\"969\" data-end=\"999\">\n<p data-start=\"971\" data-end=\"999\">LED-belysning under b\u00e6nke<\/p>\n<\/li>\n<li data-start=\"1000\" data-end=\"1021\">\n<p data-start=\"1002\" data-end=\"1021\">Indvendig belysning<\/p>\n<\/li>\n<li data-start=\"1022\" data-end=\"1043\">\n<p data-start=\"1024\" data-end=\"1043\">Udvendig belysning<\/p>\n<\/li>\n<li data-start=\"1044\" data-end=\"1081\">\n<p data-start=\"1046\" data-end=\"1081\">Udvendig og\/eller indvendig maling<\/p>\n<\/li>\n<\/ul>\n<p data-start=\"1083\" data-end=\"1204\"><em data-start=\"1083\" data-end=\"1204\">Priserne for opgraderinger beregnes individuelt, s\u00e5 saunaen kan skr\u00e6ddersys til din specifikke stil og placering.<\/em><\/p>\n<h3 data-start=\"1206\" data-end=\"1215\">Pris<\/h3>\n<p data-start=\"1216\" data-end=\"1230\"><strong data-start=\"1216\" data-end=\"1230\">39.000 SEK<\/strong><\/p>\n<p data-start=\"1232\" data-end=\"1399\">S\u00e6rlige priser er tilg\u00e6ngelige for specialfremstilling i henhold til dine specifikationer &#8211; ideelt, hvis du \u00f8nsker at finjustere detaljer og samtidig bevare et rent, nordisk design.<\/p>\n","protected":false},"excerpt":{"rendered":"<p data-start=\"107\" data-end=\"144\"><strong data-start=\"107\" data-end=\"144\">TIL SALG &#8211; NORD QBE Sauna 200\u00d7200<\/strong><\/p>\n<p data-start=\"146\" data-end=\"599\">En kubisk, h\u00e5ndlavet nordisk sauna bygget af massivt nordisk gran &#8211; rent, moderne design uden at g\u00e5 p\u00e5 kompromis med den autentiske saunaoplevelse. Med sit fodaftryk p\u00e5 200 \u00d7 200 cm tilbyder NORD QBE gener\u00f8s plads og en st\u00e6rk arkitektonisk tilstedev\u00e6relse, der passer perfekt ind i den nordiske natur og minimalistiske omgivelser. Det store panoramavindue \u00e5bner rummet mod omgivelserne, s\u00e5 det naturlige lys kan interagere med tr\u00e6et, selv mens du slapper af i varmen.  <\/p>\n<h3 data-start=\"601\" data-end=\"619\">Specifikationer<\/h3>\n<ul data-start=\"620\" data-end=\"766\">\n<li data-start=\"620\" data-end=\"650\">\n<p data-start=\"622\" data-end=\"650\">V\u00e6gge: 45 mm nordisk gran<\/p>\n<\/li>\n<li data-start=\"651\" data-end=\"693\">\n<p data-start=\"653\" data-end=\"693\">Gulv og loft: 28 mm nordisk gran<\/p>\n<\/li>\n<li data-start=\"694\" data-end=\"743\">\n<p data-start=\"696\" data-end=\"743\">Panoramavindue: 150 \u00d7 170 cm h\u00e6rdet glas<\/p>\n<\/li>\n<li data-start=\"744\" data-end=\"766\">\n<p data-start=\"746\" data-end=\"766\">St\u00f8rrelse: 200 \u00d7 200 cm<\/p>\n<\/li>\n<\/ul>\n<h3 data-start=\"768\" data-end=\"787\">Muligheder for opvarmning<\/h3>\n<ul data-start=\"788\" data-end=\"945\">\n<li data-start=\"788\" data-end=\"847\">\n<p data-start=\"790\" data-end=\"847\">Harvia elektrisk varmelegeme 9 kW &#8211; ekstra omkostninger SEK 3.600<\/p>\n<\/li>\n<li data-start=\"848\" data-end=\"945\">\n<p data-start=\"850\" data-end=\"945\">Harvia br\u00e6ndefyret ovn M3 &#8211; merpris SEK 5.810<br data-start=\"905\" data-end=\"908\"><em data-start=\"910\" data-end=\"945\">Inkluderer skorsten og saunasten<\/em><\/p>\n<\/li>\n<\/ul>\n<h3 data-start=\"947\" data-end=\"968\">Valgfrie opgraderinger<\/h3>\n<ul data-start=\"969\" data-end=\"1081\">\n<li data-start=\"969\" data-end=\"999\">\n<p data-start=\"971\" data-end=\"999\">LED-belysning under b\u00e6nke<\/p>\n<\/li>\n<li data-start=\"1000\" data-end=\"1021\">\n<p data-start=\"1002\" data-end=\"1021\">Indvendig belysning<\/p>\n<\/li>\n<li data-start=\"1022\" data-end=\"1043\">\n<p data-start=\"1024\" data-end=\"1043\">Udvendig belysning<\/p>\n<\/li>\n<li data-start=\"1044\" data-end=\"1081\">\n<p data-start=\"1046\" data-end=\"1081\">Udvendig og\/eller indvendig maling<\/p>\n<\/li>\n<\/ul>\n<p data-start=\"1083\" data-end=\"1204\"><em data-start=\"1083\" data-end=\"1204\">Priserne for opgraderinger beregnes individuelt, s\u00e5 saunaen kan skr\u00e6ddersys til din specifikke stil og placering.<\/em><\/p>\n<p data-start=\"107\" data-end=\"144\"><strong data-start=\"107\" data-end=\"144\">TIL SALG &#8211; NORD QBE Sauna 200\u00d7200<\/strong><\/p>\n<p data-start=\"146\" data-end=\"599\">En kubisk, h\u00e5ndlavet nordisk sauna bygget af massivt nordisk gran &#8211; rent, moderne design uden at g\u00e5 p\u00e5 kompromis med den autentiske saunaoplevelse. Med sit fodaftryk p\u00e5 200 \u00d7 200 cm tilbyder NORD QBE gener\u00f8s plads og en st\u00e6rk arkitektonisk tilstedev\u00e6relse, der passer perfekt ind i den nordiske natur og minimalistiske omgivelser. Det store panoramavindue \u00e5bner rummet mod omgivelserne, s\u00e5 det naturlige lys kan interagere med tr\u00e6et, selv mens du slapper af i varmen.  <\/p>\n<h3 data-start=\"601\" data-end=\"619\">Specifikationer<\/h3>\n<ul data-start=\"620\" data-end=\"766\">\n<li data-start=\"620\" data-end=\"650\">\n<p data-start=\"622\" data-end=\"650\">V\u00e6gge: 45 mm nordisk gran<\/p>\n<\/li>\n<li data-start=\"651\" data-end=\"693\">\n<p data-start=\"653\" data-end=\"693\">Gulv og loft: 28 mm nordisk gran<\/p>\n<\/li>\n<li data-start=\"694\" data-end=\"743\">\n<p data-start=\"696\" data-end=\"743\">Panoramavindue: 150 \u00d7 170 cm h\u00e6rdet glas<\/p>\n<\/li>\n<li data-start=\"744\" data-end=\"766\">\n<p data-start=\"746\" data-end=\"766\">St\u00f8rrelse: 200 \u00d7 200 cm<\/p>\n<\/li>\n<\/ul>\n<h3 data-start=\"768\" data-end=\"787\">Muligheder for opvarmning<\/h3>\n<ul data-start=\"788\" data-end=\"945\">\n<li data-start=\"788\" data-end=\"847\">\n<p data-start=\"790\" data-end=\"847\">Harvia elektrisk varmelegeme 9 kW &#8211; ekstra omkostninger SEK 3.600<\/p>\n<\/li>\n<li data-start=\"848\" data-end=\"945\">\n<p data-start=\"850\" data-end=\"945\">Harvia br\u00e6ndefyret ovn M3 &#8211; merpris SEK 5.810<br data-start=\"905\" data-end=\"908\"><em data-start=\"910\" data-end=\"945\">Inkluderer skorsten og saunasten<\/em><\/p>\n<\/li>\n<\/ul>\n<h3 data-start=\"947\" data-end=\"968\">Valgfrie opgraderinger<\/h3>\n<ul data-start=\"969\" data-end=\"1081\">\n<li data-start=\"969\" data-end=\"999\">\n<p data-start=\"971\" data-end=\"999\">LED-belysning under b\u00e6nke<\/p>\n<\/li>\n<li data-start=\"1000\" data-end=\"1021\">\n<p data-start=\"1002\" data-end=\"1021\">Indvendig belysning<\/p>\n<\/li>\n<li data-start=\"1022\" data-end=\"1043\">\n<p data-start=\"1024\" data-end=\"1043\">Udvendig belysning<\/p>\n<\/li>\n<li data-start=\"1044\" data-end=\"1081\">\n<p data-start=\"1046\" data-end=\"1081\">Udvendig og\/eller indvendig maling<\/p>\n<\/li>\n<\/ul>\n<p data-start=\"1083\" data-end=\"1204\"><em data-start=\"1083\" data-end=\"1204\">Priserne for opgraderinger beregnes individuelt, s\u00e5 saunaen kan skr\u00e6ddersys til din specifikke stil og placering.<\/em><\/p>\n<h3 data-start=\"1206\" data-end=\"1215\">Pris<\/h3>\n<p data-start=\"1232\" data-end=\"1399\">S\u00e6rlige priser er tilg\u00e6ngelige for specialfremstilling i henhold til dine specifikationer &#8211; ideelt, hvis du \u00f8nsker at finjustere detaljer og samtidig bevare et rent, nordisk design.<\/p>\n","protected":false},"featured_media":3065,"template":"","meta":{"_uag_custom_page_level_css":"","site-sidebar-layout":"default","site-content-layout":"","ast-site-content-layout":"default","site-content-style":"default","site-sidebar-style":"default","ast-global-header-display":"","ast-banner-title-visibility":"","ast-main-header-display":"","ast-hfb-above-header-display":"","ast-hfb-below-header-display":"","ast-hfb-mobile-header-display":"","site-post-title":"","ast-breadcrumbs-content":"","ast-featured-img":"","footer-sml-layout":"","ast-disable-related-posts":"","theme-transparent-header-meta":"default","adv-header-id-meta":"","stick-header-meta":"","header-above-stick-meta":"","header-main-stick-meta":"","header-below-stick-meta":"","astra-migrate-meta-layouts":"default","ast-page-background-enabled":"default","ast-page-background-meta":{"desktop":{"background-color":"var(--ast-global-color-4)","background-image":"","background-repeat":"repeat","background-position":"center center","background-size":"auto","background-attachment":"scroll","background-type":"","background-media":"","overlay-type":"","overlay-color":"","overlay-opacity":"","overlay-gradient":""},"tablet":{"background-color":"","background-image":"","background-repeat":"repeat","background-position":"center center","background-size":"auto","background-attachment":"scroll","background-type":"","background-media":"","overlay-type":"","overlay-color":"","overlay-opacity":"","overlay-gradient":""},"mobile":{"background-color":"","background-image":"","background-repeat":"repeat","background-position":"center center","background-size":"auto","background-attachment":"scroll","background-type":"","background-media":"","overlay-type":"","overlay-color":"","overlay-opacity":"","overlay-gradient":""}},"ast-content-background-meta":{"desktop":{"background-color":"var(--ast-global-color-5)","background-image":"","background-repeat":"repeat","background-position":"center center","background-size":"auto","background-attachment":"scroll","background-type":"","background-media":"","overlay-type":"","overlay-color":"","overlay-opacity":"","overlay-gradient":""},"tablet":{"background-color":"var(--ast-global-color-5)","background-image":"","background-repeat":"repeat","background-position":"center center","background-size":"auto","background-attachment":"scroll","background-type":"","background-media":"","overlay-type":"","overlay-color":"","overlay-opacity":"","overlay-gradient":""},"mobile":{"background-color":"var(--ast-global-color-5)","background-image":"","background-repeat":"repeat","background-position":"center center","background-size":"auto","background-attachment":"scroll","background-type":"","background-media":"","overlay-type":"","overlay-color":"","overlay-opacity":"","overlay-gradient":""}}},"product_brand":[],"product_cat":[59,69],"product_tag":[],"class_list":{"0":"post-3144","1":"product","2":"type-product","3":"status-publish","4":"has-post-thumbnail","6":"product_cat-outlet","7":"product_cat-pf-category-danish","8":"desktop-align-left","9":"tablet-align-left","10":"mobile-align-left","12":"first","13":"instock","14":"sale","15":"shipping-taxable","16":"purchasable","17":"product-type-simple"},"yoast_head":"<!-- This site is optimized with the Yoast SEO plugin v27.3 - https:\/\/yoast.com\/product\/yoast-seo-wordpress\/ -->\n<title>TIL SALG! Nord QBE 200x200 - VikingSauna<\/title>\n<meta name=\"description\" content=\"NORD QBE tilbyder gener\u00f8s plads og en st\u00e6rk arkitektonisk tilstedev\u00e6relse, der passer perfekt ind i den nordiske natur og minimalistiske omgivelser.\" \/>\n<meta name=\"robots\" content=\"index, follow, max-snippet:-1, max-image-preview:large, max-video-preview:-1\" \/>\n<link rel=\"canonical\" href=\"https:\/\/vikingsauna.eu\/da\/vare\/for-sale-nord-qbe-200x200\/\" \/>\n<meta property=\"og:locale\" content=\"da_DK\" \/>\n<meta property=\"og:type\" content=\"article\" \/>\n<meta property=\"og:title\" content=\"TIL SALG! Nord QBE 200x200 - VikingSauna\" \/>\n<meta property=\"og:description\" content=\"NORD QBE tilbyder gener\u00f8s plads og en st\u00e6rk arkitektonisk tilstedev\u00e6relse, der passer perfekt ind i den nordiske natur og minimalistiske omgivelser.\" \/>\n<meta property=\"og:url\" content=\"https:\/\/vikingsauna.eu\/da\/vare\/for-sale-nord-qbe-200x200\/\" \/>\n<meta property=\"og:site_name\" content=\"VikingSauna\" \/>\n<meta property=\"article:publisher\" content=\"https:\/\/www.facebook.com\/people\/VikingSauna\/61567916655491\/?_rdr\" \/>\n<meta property=\"article:modified_time\" content=\"2026-03-29T14:13:32+00:00\" \/>\n<meta property=\"og:image\" content=\"https:\/\/vikingsauna.eu\/wp-content\/uploads\/2026\/02\/702AFBA7-439A-4B11-97E2-622E34BDF89F-scaled.jpeg\" \/>\n\t<meta property=\"og:image:width\" content=\"1920\" \/>\n\t<meta property=\"og:image:height\" content=\"2560\" \/>\n\t<meta property=\"og:image:type\" content=\"image\/jpeg\" \/>\n<meta name=\"twitter:card\" content=\"summary_large_image\" \/>\n<meta name=\"twitter:label1\" content=\"Estimeret l\u00e6setid\" \/>\n\t<meta name=\"twitter:data1\" content=\"1 minut\" \/>\n<script type=\"application\/ld+json\" class=\"yoast-schema-graph\">{\"@context\":\"https:\\\/\\\/schema.org\",\"@graph\":[{\"@type\":\"WebPage\",\"@id\":\"https:\\\/\\\/vikingsauna.eu\\\/da\\\/vare\\\/for-sale-nord-qbe-200x200\\\/\",\"url\":\"https:\\\/\\\/vikingsauna.eu\\\/da\\\/vare\\\/for-sale-nord-qbe-200x200\\\/\",\"name\":\"TIL SALG! Nord QBE 200x200 - VikingSauna\",\"isPartOf\":{\"@id\":\"https:\\\/\\\/vikingsauna.eu\\\/#website\"},\"primaryImageOfPage\":{\"@id\":\"https:\\\/\\\/vikingsauna.eu\\\/da\\\/vare\\\/for-sale-nord-qbe-200x200\\\/#primaryimage\"},\"image\":{\"@id\":\"https:\\\/\\\/vikingsauna.eu\\\/da\\\/vare\\\/for-sale-nord-qbe-200x200\\\/#primaryimage\"},\"thumbnailUrl\":\"https:\\\/\\\/vikingsauna.eu\\\/wp-content\\\/uploads\\\/2026\\\/02\\\/702AFBA7-439A-4B11-97E2-622E34BDF89F-scaled.jpeg\",\"datePublished\":\"2026-02-02T16:41:44+00:00\",\"dateModified\":\"2026-03-29T14:13:32+00:00\",\"description\":\"NORD QBE tilbyder gener\u00f8s plads og en st\u00e6rk arkitektonisk tilstedev\u00e6relse, der passer perfekt ind i den nordiske natur og minimalistiske omgivelser.\",\"breadcrumb\":{\"@id\":\"https:\\\/\\\/vikingsauna.eu\\\/da\\\/vare\\\/for-sale-nord-qbe-200x200\\\/#breadcrumb\"},\"inLanguage\":\"da-DK\",\"potentialAction\":[{\"@type\":\"ReadAction\",\"target\":[\"https:\\\/\\\/vikingsauna.eu\\\/da\\\/vare\\\/for-sale-nord-qbe-200x200\\\/\"]}]},{\"@type\":\"ImageObject\",\"inLanguage\":\"da-DK\",\"@id\":\"https:\\\/\\\/vikingsauna.eu\\\/da\\\/vare\\\/for-sale-nord-qbe-200x200\\\/#primaryimage\",\"url\":\"https:\\\/\\\/vikingsauna.eu\\\/wp-content\\\/uploads\\\/2026\\\/02\\\/702AFBA7-439A-4B11-97E2-622E34BDF89F-scaled.jpeg\",\"contentUrl\":\"https:\\\/\\\/vikingsauna.eu\\\/wp-content\\\/uploads\\\/2026\\\/02\\\/702AFBA7-439A-4B11-97E2-622E34BDF89F-scaled.jpeg\",\"width\":1920,\"height\":2560},{\"@type\":\"BreadcrumbList\",\"@id\":\"https:\\\/\\\/vikingsauna.eu\\\/da\\\/vare\\\/for-sale-nord-qbe-200x200\\\/#breadcrumb\",\"itemListElement\":[{\"@type\":\"ListItem\",\"position\":1,\"name\":\"Home\",\"item\":\"https:\\\/\\\/vikingsauna.eu\\\/da\\\/\"},{\"@type\":\"ListItem\",\"position\":2,\"name\":\"Pood\",\"item\":\"https:\\\/\\\/vikingsauna.eu\\\/da\\\/pood\\\/\"},{\"@type\":\"ListItem\",\"position\":3,\"name\":\"TIL SALG! Nord QBE 200&#215;200\"}]},{\"@type\":\"WebSite\",\"@id\":\"https:\\\/\\\/vikingsauna.eu\\\/#website\",\"url\":\"https:\\\/\\\/vikingsauna.eu\\\/\",\"name\":\"VikingSauna\",\"description\":\"\",\"publisher\":{\"@id\":\"https:\\\/\\\/vikingsauna.eu\\\/#organization\"},\"potentialAction\":[{\"@type\":\"SearchAction\",\"target\":{\"@type\":\"EntryPoint\",\"urlTemplate\":\"https:\\\/\\\/vikingsauna.eu\\\/?s={search_term_string}\"},\"query-input\":{\"@type\":\"PropertyValueSpecification\",\"valueRequired\":true,\"valueName\":\"search_term_string\"}}],\"inLanguage\":\"da-DK\"},{\"@type\":\"Organization\",\"@id\":\"https:\\\/\\\/vikingsauna.eu\\\/#organization\",\"name\":\"VikingSauna\",\"url\":\"https:\\\/\\\/vikingsauna.eu\\\/\",\"logo\":{\"@type\":\"ImageObject\",\"inLanguage\":\"da-DK\",\"@id\":\"https:\\\/\\\/vikingsauna.eu\\\/#\\\/schema\\\/logo\\\/image\\\/\",\"url\":\"https:\\\/\\\/vikingsauna.eu\\\/wp-content\\\/uploads\\\/2024\\\/10\\\/2.png\",\"contentUrl\":\"https:\\\/\\\/vikingsauna.eu\\\/wp-content\\\/uploads\\\/2024\\\/10\\\/2.png\",\"width\":500,\"height\":500,\"caption\":\"VikingSauna\"},\"image\":{\"@id\":\"https:\\\/\\\/vikingsauna.eu\\\/#\\\/schema\\\/logo\\\/image\\\/\"},\"sameAs\":[\"https:\\\/\\\/www.facebook.com\\\/people\\\/VikingSauna\\\/61567916655491\\\/?_rdr\"]}]}<\/script>\n<!-- \/ Yoast SEO plugin. -->","yoast_head_json":{"title":"TIL SALG! Nord QBE 200x200 - VikingSauna","description":"NORD QBE tilbyder gener\u00f8s plads og en st\u00e6rk arkitektonisk tilstedev\u00e6relse, der passer perfekt ind i den nordiske natur og minimalistiske omgivelser.","robots":{"index":"index","follow":"follow","max-snippet":"max-snippet:-1","max-image-preview":"max-image-preview:large","max-video-preview":"max-video-preview:-1"},"canonical":"https:\/\/vikingsauna.eu\/da\/vare\/for-sale-nord-qbe-200x200\/","og_locale":"da_DK","og_type":"article","og_title":"TIL SALG! Nord QBE 200x200 - VikingSauna","og_description":"NORD QBE tilbyder gener\u00f8s plads og en st\u00e6rk arkitektonisk tilstedev\u00e6relse, der passer perfekt ind i den nordiske natur og minimalistiske omgivelser.","og_url":"https:\/\/vikingsauna.eu\/da\/vare\/for-sale-nord-qbe-200x200\/","og_site_name":"VikingSauna","article_publisher":"https:\/\/www.facebook.com\/people\/VikingSauna\/61567916655491\/?_rdr","article_modified_time":"2026-03-29T14:13:32+00:00","og_image":[{"width":1920,"height":2560,"url":"https:\/\/vikingsauna.eu\/wp-content\/uploads\/2026\/02\/702AFBA7-439A-4B11-97E2-622E34BDF89F-scaled.jpeg","type":"image\/jpeg"}],"twitter_card":"summary_large_image","twitter_misc":{"Estimeret l\u00e6setid":"1 minut"},"schema":{"@context":"https:\/\/schema.org","@graph":[{"@type":"WebPage","@id":"https:\/\/vikingsauna.eu\/da\/vare\/for-sale-nord-qbe-200x200\/","url":"https:\/\/vikingsauna.eu\/da\/vare\/for-sale-nord-qbe-200x200\/","name":"TIL SALG! Nord QBE 200x200 - VikingSauna","isPartOf":{"@id":"https:\/\/vikingsauna.eu\/#website"},"primaryImageOfPage":{"@id":"https:\/\/vikingsauna.eu\/da\/vare\/for-sale-nord-qbe-200x200\/#primaryimage"},"image":{"@id":"https:\/\/vikingsauna.eu\/da\/vare\/for-sale-nord-qbe-200x200\/#primaryimage"},"thumbnailUrl":"https:\/\/vikingsauna.eu\/wp-content\/uploads\/2026\/02\/702AFBA7-439A-4B11-97E2-622E34BDF89F-scaled.jpeg","datePublished":"2026-02-02T16:41:44+00:00","dateModified":"2026-03-29T14:13:32+00:00","description":"NORD QBE tilbyder gener\u00f8s plads og en st\u00e6rk arkitektonisk tilstedev\u00e6relse, der passer perfekt ind i den nordiske natur og minimalistiske omgivelser.","breadcrumb":{"@id":"https:\/\/vikingsauna.eu\/da\/vare\/for-sale-nord-qbe-200x200\/#breadcrumb"},"inLanguage":"da-DK","potentialAction":[{"@type":"ReadAction","target":["https:\/\/vikingsauna.eu\/da\/vare\/for-sale-nord-qbe-200x200\/"]}]},{"@type":"ImageObject","inLanguage":"da-DK","@id":"https:\/\/vikingsauna.eu\/da\/vare\/for-sale-nord-qbe-200x200\/#primaryimage","url":"https:\/\/vikingsauna.eu\/wp-content\/uploads\/2026\/02\/702AFBA7-439A-4B11-97E2-622E34BDF89F-scaled.jpeg","contentUrl":"https:\/\/vikingsauna.eu\/wp-content\/uploads\/2026\/02\/702AFBA7-439A-4B11-97E2-622E34BDF89F-scaled.jpeg","width":1920,"height":2560},{"@type":"BreadcrumbList","@id":"https:\/\/vikingsauna.eu\/da\/vare\/for-sale-nord-qbe-200x200\/#breadcrumb","itemListElement":[{"@type":"ListItem","position":1,"name":"Home","item":"https:\/\/vikingsauna.eu\/da\/"},{"@type":"ListItem","position":2,"name":"Pood","item":"https:\/\/vikingsauna.eu\/da\/pood\/"},{"@type":"ListItem","position":3,"name":"TIL SALG! Nord QBE 200&#215;200"}]},{"@type":"WebSite","@id":"https:\/\/vikingsauna.eu\/#website","url":"https:\/\/vikingsauna.eu\/","name":"VikingSauna","description":"","publisher":{"@id":"https:\/\/vikingsauna.eu\/#organization"},"potentialAction":[{"@type":"SearchAction","target":{"@type":"EntryPoint","urlTemplate":"https:\/\/vikingsauna.eu\/?s={search_term_string}"},"query-input":{"@type":"PropertyValueSpecification","valueRequired":true,"valueName":"search_term_string"}}],"inLanguage":"da-DK"},{"@type":"Organization","@id":"https:\/\/vikingsauna.eu\/#organization","name":"VikingSauna","url":"https:\/\/vikingsauna.eu\/","logo":{"@type":"ImageObject","inLanguage":"da-DK","@id":"https:\/\/vikingsauna.eu\/#\/schema\/logo\/image\/","url":"https:\/\/vikingsauna.eu\/wp-content\/uploads\/2024\/10\/2.png","contentUrl":"https:\/\/vikingsauna.eu\/wp-content\/uploads\/2024\/10\/2.png","width":500,"height":500,"caption":"VikingSauna"},"image":{"@id":"https:\/\/vikingsauna.eu\/#\/schema\/logo\/image\/"},"sameAs":["https:\/\/www.facebook.com\/people\/VikingSauna\/61567916655491\/?_rdr"]}]}},"uagb_featured_image_src":{"full":["https:\/\/vikingsauna.eu\/wp-content\/uploads\/2026\/02\/702AFBA7-439A-4B11-97E2-622E34BDF89F-scaled.jpeg",1920,2560,false],"thumbnail":["https:\/\/vikingsauna.eu\/wp-content\/uploads\/2026\/02\/702AFBA7-439A-4B11-97E2-622E34BDF89F-150x150.jpeg",150,150,true],"medium":["https:\/\/vikingsauna.eu\/wp-content\/uploads\/2026\/02\/702AFBA7-439A-4B11-97E2-622E34BDF89F-225x300.jpeg",225,300,true],"medium_large":["https:\/\/vikingsauna.eu\/wp-content\/uploads\/2026\/02\/702AFBA7-439A-4B11-97E2-622E34BDF89F-768x1024.jpeg",768,1024,true],"large":["https:\/\/vikingsauna.eu\/wp-content\/uploads\/2026\/02\/702AFBA7-439A-4B11-97E2-622E34BDF89F-768x1024.jpeg",768,1024,true],"1536x1536":["https:\/\/vikingsauna.eu\/wp-content\/uploads\/2026\/02\/702AFBA7-439A-4B11-97E2-622E34BDF89F-1152x1536.jpeg",1152,1536,true],"2048x2048":["https:\/\/vikingsauna.eu\/wp-content\/uploads\/2026\/02\/702AFBA7-439A-4B11-97E2-622E34BDF89F-1536x2048.jpeg",1536,2048,true],"woocommerce_thumbnail":["https:\/\/vikingsauna.eu\/wp-content\/uploads\/2026\/02\/702AFBA7-439A-4B11-97E2-622E34BDF89F-500x375.jpeg",500,375,true],"woocommerce_single":["https:\/\/vikingsauna.eu\/wp-content\/uploads\/2026\/02\/702AFBA7-439A-4B11-97E2-622E34BDF89F-1200x1600.jpeg",1200,1600,true],"woocommerce_gallery_thumbnail":["https:\/\/vikingsauna.eu\/wp-content\/uploads\/2026\/02\/702AFBA7-439A-4B11-97E2-622E34BDF89F-100x100.jpeg",100,100,true]},"uagb_author_info":{"display_name":"Britta Bergmann","author_link":"https:\/\/vikingsauna.eu\/da\/author\/"},"uagb_comment_info":0,"uagb_excerpt":"TIL SALG - NORD QBE Sauna 200\u00d7200 En kubisk, h\u00e5ndlavet nordisk sauna bygget af massivt nordisk gran - rent, moderne design uden at g\u00e5 p\u00e5 kompromis med den autentiske saunaoplevelse. Med sit fodaftryk p\u00e5 200 \u00d7 200 cm tilbyder NORD QBE gener\u00f8s plads og en st\u00e6rk arkitektonisk tilstedev\u00e6relse, der passer perfekt ind i den nordiske&hellip;","_links":{"self":[{"href":"https:\/\/vikingsauna.eu\/da\/wp-json\/wp\/v2\/product\/3144","targetHints":{"allow":["GET"]}}],"collection":[{"href":"https:\/\/vikingsauna.eu\/da\/wp-json\/wp\/v2\/product"}],"about":[{"href":"https:\/\/vikingsauna.eu\/da\/wp-json\/wp\/v2\/types\/product"}],"wp:featuredmedia":[{"embeddable":true,"href":"https:\/\/vikingsauna.eu\/da\/wp-json\/wp\/v2\/media\/3065"}],"wp:attachment":[{"href":"https:\/\/vikingsauna.eu\/da\/wp-json\/wp\/v2\/media?parent=3144"}],"wp:term":[{"taxonomy":"product_brand","embeddable":true,"href":"https:\/\/vikingsauna.eu\/da\/wp-json\/wp\/v2\/product_brand?post=3144"},{"taxonomy":"product_cat","embeddable":true,"href":"https:\/\/vikingsauna.eu\/da\/wp-json\/wp\/v2\/product_cat?post=3144"},{"taxonomy":"product_tag","embeddable":true,"href":"https:\/\/vikingsauna.eu\/da\/wp-json\/wp\/v2\/product_tag?post=3144"}],"curies":[{"name":"wp","href":"https:\/\/api.w.org\/{rel}","templated":true}]}}