{"id":3150,"date":"2025-12-17T16:12:34","date_gmt":"2025-12-17T14:12:34","guid":{"rendered":"https:\/\/vikingsauna.eu\/product\/super-pris-nord-qbe-200x200\/"},"modified":"2026-03-16T18:25:34","modified_gmt":"2026-03-16T16:25:34","slug":"super-pris-nord-qbe-200x200","status":"publish","type":"product","link":"https:\/\/vikingsauna.eu\/da\/vare\/super-pris-nord-qbe-200x200\/","title":{"rendered":"SUPER PRIS! NORD QBE 200&#215;200"},"content":{"rendered":"<h2 data-start=\"154\" data-end=\"188\">Sauna Nord QBE 200\u00d7200 &#8211; OUTLET<\/h2>\n<p data-start=\"190\" data-end=\"224\"><strong data-start=\"190\" data-end=\"224\">Kompakt kraft. Nordisk komfort. <\/strong><\/p>\n<p data-start=\"226\" data-end=\"471\"><strong data-start=\"230\" data-end=\"250\">Nord QBE 200\u00d7200<\/strong> er en perfekt afbalanceret sauna, der er designet til dem, der \u00f8nsker autentisk varme i et kompakt rum. Denne model er ideel til <strong data-start=\"358\" data-end=\"373\">3-5 personer<\/strong> og giver en \u00e6gte nordisk saunaoplevelse med moderne detaljer og en holdbar konstruktion. <\/p>\n<p data-start=\"473\" data-end=\"717\">Med en <strong data-start=\"485\" data-end=\"517\">dyb sort udvendig bekl\u00e6dning<\/strong> smelter saunaen ubesv\u00e6ret ind i naturen, samtidig med at den giver et dristigt arkitektonisk udtryk. <strong data-start=\"610\" data-end=\"641\">Panoramavinduet p\u00e5 150\u00d7170 cm<\/strong> bringer naturen indenfor og skaber en rolig og opslugende sauna-atmosf\u00e6re. <\/p>\n<p data-start=\"719\" data-end=\"943\">Bl\u00f8d <strong data-start=\"724\" data-end=\"756\">LED-belysning under b\u00e6nken<\/strong> fremmer afslapning og giver et varmt, moderne pr\u00e6g. <strong data-start=\"812\" data-end=\"830\">D\u00f8ren i venstre side<\/strong> er lavet af <strong data-start=\"842\" data-end=\"860\">h\u00e6rdet glas<\/strong> og giver sikker og funktionel adgang, samtidig med at den bevarer en ren og \u00e5ben fornemmelse. <\/p>\n<h3 data-start=\"945\" data-end=\"961\">Vigtige funktioner<\/h3>\n<ul data-start=\"962\" data-end=\"1178\">\n<li data-start=\"962\" data-end=\"986\">\n<p data-start=\"964\" data-end=\"986\">St\u00f8rrelse: 200 \u00d7 200 cm<\/p>\n<\/li>\n<li data-start=\"987\" data-end=\"1014\">\n<p data-start=\"989\" data-end=\"1014\">Kapacitet: <strong data-start=\"999\" data-end=\"1014\">3-5 personer<\/strong><\/p>\n<\/li>\n<li data-start=\"1015\" data-end=\"1042\">\n<p data-start=\"1017\" data-end=\"1042\">Udvendig farve: <strong data-start=\"1033\" data-end=\"1042\">Sort<\/strong><\/p>\n<\/li>\n<li data-start=\"1043\" data-end=\"1078\">\n<p data-start=\"1045\" data-end=\"1078\"><strong data-start=\"1045\" data-end=\"1078\">Panoramavindue 150 \u00d7 170 cm<\/strong><\/p>\n<\/li>\n<li data-start=\"1079\" data-end=\"1107\">\n<p data-start=\"1081\" data-end=\"1107\"><strong data-start=\"1081\" data-end=\"1107\">LED-lys under b\u00e6nken<\/strong><\/p>\n<\/li>\n<li data-start=\"1108\" data-end=\"1146\">\n<p data-start=\"1110\" data-end=\"1146\"><strong data-start=\"1110\" data-end=\"1146\">D\u00f8r placeret p\u00e5 venstre side<\/strong><\/p>\n<\/li>\n<li data-start=\"1147\" data-end=\"1178\">\n<p data-start=\"1149\" data-end=\"1178\"><strong data-start=\"1149\" data-end=\"1178\">Saunad\u00f8r af h\u00e6rdet glas<\/strong><\/p>\n<\/li>\n<\/ul>\n<h3 data-start=\"1180\" data-end=\"1198\">Indstillinger for varmelegeme<\/h3>\n<p data-start=\"1199\" data-end=\"1238\">V\u00e6lg den varme, der passer til dit ritual:<\/p>\n<ul data-start=\"1239\" data-end=\"1452\">\n<li data-start=\"1239\" data-end=\"1348\">\n<p data-start=\"1241\" data-end=\"1348\"><strong data-start=\"1241\" data-end=\"1263\">Br\u00e6ndeovn<\/strong>: <em data-start=\"1265\" data-end=\"1276\">Harvia M3<\/em><br data-start=\"1276\" data-end=\"1279\">Inkluderer saunasten og skorsten for en traditionel, kraftig varme.<\/p>\n<\/li>\n<li data-start=\"1349\" data-end=\"1452\">\n<p data-start=\"1351\" data-end=\"1452\"><strong data-start=\"1351\" data-end=\"1369\">Elektrisk br\u00e6ndeovn<\/strong>: <em data-start=\"1371\" data-end=\"1393\">Harvia Cilindro PC90<\/em><br data-start=\"1393\" data-end=\"1396\">Inkluderer saunasten for ren, ubesv\u00e6ret drift.<\/p>\n<\/li>\n<\/ul>\n<p data-start=\"1454\" data-end=\"1549\"><strong data-start=\"1454\" data-end=\"1494\">OUTLET TILBUD &#8211; begr\u00e6nset tilg\u00e6ngelighed<\/strong>.<br data-start=\"1494\" data-end=\"1497\">Premium Viking-design. Reduceret pris. Intet kompromis.  <\/p>\n","protected":false},"excerpt":{"rendered":"<p data-start=\"190\" data-end=\"224\"><strong data-start=\"190\" data-end=\"224\">Kompakt kraft. Nordisk komfort. <\/strong><\/p>\n<p data-start=\"226\" data-end=\"471\"><strong data-start=\"230\" data-end=\"250\">Nord QBE 200\u00d7200<\/strong> er en perfekt afbalanceret sauna, der er designet til dem, der \u00f8nsker autentisk varme i et kompakt rum. Denne model er ideel til <strong data-start=\"358\" data-end=\"373\">3-5 personer<\/strong> og giver en \u00e6gte nordisk saunaoplevelse med moderne detaljer og en holdbar konstruktion. <\/p>\n<p data-start=\"473\" data-end=\"717\">Med en <strong data-start=\"485\" data-end=\"517\">dyb sort udvendig bekl\u00e6dning<\/strong> smelter saunaen ubesv\u00e6ret ind i naturen, samtidig med at den giver et dristigt arkitektonisk udtryk. <strong data-start=\"610\" data-end=\"641\">Panoramavinduet p\u00e5 150\u00d7170 cm<\/strong> bringer naturen indenfor og skaber en rolig og opslugende sauna-atmosf\u00e6re. <\/p>\n<p data-start=\"719\" data-end=\"943\">Bl\u00f8d <strong data-start=\"724\" data-end=\"756\">LED-belysning under b\u00e6nken<\/strong> fremmer afslapning og giver et varmt, moderne pr\u00e6g. <strong data-start=\"812\" data-end=\"830\">D\u00f8ren i venstre side<\/strong> er lavet af <strong data-start=\"842\" data-end=\"860\">h\u00e6rdet glas<\/strong> og giver sikker og funktionel adgang, samtidig med at den bevarer en ren og \u00e5ben fornemmelse. <\/p>\n","protected":false},"featured_media":2924,"template":"","meta":{"_uag_custom_page_level_css":"","site-sidebar-layout":"default","site-content-layout":"","ast-site-content-layout":"default","site-content-style":"default","site-sidebar-style":"default","ast-global-header-display":"","ast-banner-title-visibility":"","ast-main-header-display":"","ast-hfb-above-header-display":"","ast-hfb-below-header-display":"","ast-hfb-mobile-header-display":"","site-post-title":"","ast-breadcrumbs-content":"","ast-featured-img":"","footer-sml-layout":"","ast-disable-related-posts":"","theme-transparent-header-meta":"default","adv-header-id-meta":"","stick-header-meta":"","header-above-stick-meta":"","header-main-stick-meta":"","header-below-stick-meta":"","astra-migrate-meta-layouts":"default","ast-page-background-enabled":"default","ast-page-background-meta":{"desktop":{"background-color":"var(--ast-global-color-4)","background-image":"","background-repeat":"repeat","background-position":"center center","background-size":"auto","background-attachment":"scroll","background-type":"","background-media":"","overlay-type":"","overlay-color":"","overlay-opacity":"","overlay-gradient":""},"tablet":{"background-color":"","background-image":"","background-repeat":"repeat","background-position":"center center","background-size":"auto","background-attachment":"scroll","background-type":"","background-media":"","overlay-type":"","overlay-color":"","overlay-opacity":"","overlay-gradient":""},"mobile":{"background-color":"","background-image":"","background-repeat":"repeat","background-position":"center center","background-size":"auto","background-attachment":"scroll","background-type":"","background-media":"","overlay-type":"","overlay-color":"","overlay-opacity":"","overlay-gradient":""}},"ast-content-background-meta":{"desktop":{"background-color":"var(--ast-global-color-5)","background-image":"","background-repeat":"repeat","background-position":"center center","background-size":"auto","background-attachment":"scroll","background-type":"","background-media":"","overlay-type":"","overlay-color":"","overlay-opacity":"","overlay-gradient":""},"tablet":{"background-color":"var(--ast-global-color-5)","background-image":"","background-repeat":"repeat","background-position":"center center","background-size":"auto","background-attachment":"scroll","background-type":"","background-media":"","overlay-type":"","overlay-color":"","overlay-opacity":"","overlay-gradient":""},"mobile":{"background-color":"var(--ast-global-color-5)","background-image":"","background-repeat":"repeat","background-position":"center center","background-size":"auto","background-attachment":"scroll","background-type":"","background-media":"","overlay-type":"","overlay-color":"","overlay-opacity":"","overlay-gradient":""}}},"product_brand":[],"product_cat":[46,59,69],"product_tag":[],"class_list":{"0":"post-3150","1":"product","2":"type-product","3":"status-publish","4":"has-post-thumbnail","6":"product_cat-ikke-kategoriseret","7":"product_cat-outlet","8":"product_cat-pf-category-danish","9":"desktop-align-left","10":"tablet-align-left","11":"mobile-align-left","13":"first","14":"instock","15":"sale","16":"shipping-taxable","17":"purchasable","18":"product-type-simple"},"yoast_head":"<!-- This site is optimized with the Yoast SEO plugin v27.3 - https:\/\/yoast.com\/product\/yoast-seo-wordpress\/ -->\n<title>SUPER PRIS! NORD QBE 200x200 - VikingSauna<\/title>\n<meta name=\"robots\" content=\"index, follow, max-snippet:-1, max-image-preview:large, max-video-preview:-1\" \/>\n<link rel=\"canonical\" href=\"https:\/\/vikingsauna.eu\/da\/vare\/super-pris-nord-qbe-200x200\/\" \/>\n<meta property=\"og:locale\" content=\"da_DK\" \/>\n<meta property=\"og:type\" content=\"article\" \/>\n<meta property=\"og:title\" content=\"SUPER PRIS! NORD QBE 200x200 - VikingSauna\" \/>\n<meta property=\"og:description\" content=\"Kompakt kraft. Nordisk komfort. Nord QBE 200\u00d7200 er en perfekt afbalanceret sauna, der er designet til dem, der \u00f8nsker autentisk varme i et kompakt rum. Denne model er ideel til 3-5 personer og giver en \u00e6gte nordisk saunaoplevelse med moderne detaljer og en holdbar konstruktion. Med en dyb sort udvendig bekl\u00e6dning smelter saunaen ubesv\u00e6ret ind i naturen, samtidig med at den giver et dristigt arkitektonisk udtryk. Panoramavinduet p\u00e5 150\u00d7170 cm bringer naturen indenfor og skaber en rolig og opslugende sauna-atmosf\u00e6re. Bl\u00f8d LED-belysning under b\u00e6nken fremmer afslapning og giver et varmt, moderne pr\u00e6g. D\u00f8ren i venstre side er lavet af h\u00e6rdet glas og giver sikker og funktionel adgang, samtidig med at den bevarer en ren og \u00e5ben fornemmelse.\" \/>\n<meta property=\"og:url\" content=\"https:\/\/vikingsauna.eu\/da\/vare\/super-pris-nord-qbe-200x200\/\" \/>\n<meta property=\"og:site_name\" content=\"VikingSauna\" \/>\n<meta property=\"article:publisher\" content=\"https:\/\/www.facebook.com\/people\/VikingSauna\/61567916655491\/?_rdr\" \/>\n<meta property=\"article:modified_time\" content=\"2026-03-16T16:25:34+00:00\" \/>\n<meta property=\"og:image\" content=\"https:\/\/vikingsauna.eu\/wp-content\/uploads\/2025\/12\/IMG_5459-765x1024.png\" \/>\n\t<meta property=\"og:image:width\" content=\"765\" \/>\n\t<meta property=\"og:image:height\" content=\"1024\" \/>\n\t<meta property=\"og:image:type\" content=\"image\/png\" \/>\n<meta name=\"twitter:card\" content=\"summary_large_image\" \/>\n<meta name=\"twitter:label1\" content=\"Estimeret l\u00e6setid\" \/>\n\t<meta name=\"twitter:data1\" content=\"1 minut\" \/>\n<script type=\"application\/ld+json\" class=\"yoast-schema-graph\">{\"@context\":\"https:\\\/\\\/schema.org\",\"@graph\":[{\"@type\":\"WebPage\",\"@id\":\"https:\\\/\\\/vikingsauna.eu\\\/da\\\/vare\\\/super-pris-nord-qbe-200x200\\\/\",\"url\":\"https:\\\/\\\/vikingsauna.eu\\\/da\\\/vare\\\/super-pris-nord-qbe-200x200\\\/\",\"name\":\"SUPER PRIS! NORD QBE 200x200 - VikingSauna\",\"isPartOf\":{\"@id\":\"https:\\\/\\\/vikingsauna.eu\\\/#website\"},\"primaryImageOfPage\":{\"@id\":\"https:\\\/\\\/vikingsauna.eu\\\/da\\\/vare\\\/super-pris-nord-qbe-200x200\\\/#primaryimage\"},\"image\":{\"@id\":\"https:\\\/\\\/vikingsauna.eu\\\/da\\\/vare\\\/super-pris-nord-qbe-200x200\\\/#primaryimage\"},\"thumbnailUrl\":\"https:\\\/\\\/vikingsauna.eu\\\/wp-content\\\/uploads\\\/2025\\\/12\\\/IMG_5459.png\",\"datePublished\":\"2025-12-17T14:12:34+00:00\",\"dateModified\":\"2026-03-16T16:25:34+00:00\",\"breadcrumb\":{\"@id\":\"https:\\\/\\\/vikingsauna.eu\\\/da\\\/vare\\\/super-pris-nord-qbe-200x200\\\/#breadcrumb\"},\"inLanguage\":\"da-DK\",\"potentialAction\":[{\"@type\":\"ReadAction\",\"target\":[\"https:\\\/\\\/vikingsauna.eu\\\/da\\\/vare\\\/super-pris-nord-qbe-200x200\\\/\"]}]},{\"@type\":\"ImageObject\",\"inLanguage\":\"da-DK\",\"@id\":\"https:\\\/\\\/vikingsauna.eu\\\/da\\\/vare\\\/super-pris-nord-qbe-200x200\\\/#primaryimage\",\"url\":\"https:\\\/\\\/vikingsauna.eu\\\/wp-content\\\/uploads\\\/2025\\\/12\\\/IMG_5459.png\",\"contentUrl\":\"https:\\\/\\\/vikingsauna.eu\\\/wp-content\\\/uploads\\\/2025\\\/12\\\/IMG_5459.png\",\"width\":896,\"height\":1200},{\"@type\":\"BreadcrumbList\",\"@id\":\"https:\\\/\\\/vikingsauna.eu\\\/da\\\/vare\\\/super-pris-nord-qbe-200x200\\\/#breadcrumb\",\"itemListElement\":[{\"@type\":\"ListItem\",\"position\":1,\"name\":\"Home\",\"item\":\"https:\\\/\\\/vikingsauna.eu\\\/da\\\/\"},{\"@type\":\"ListItem\",\"position\":2,\"name\":\"Pood\",\"item\":\"https:\\\/\\\/vikingsauna.eu\\\/da\\\/pood\\\/\"},{\"@type\":\"ListItem\",\"position\":3,\"name\":\"SUPER PRIS! NORD QBE 200&#215;200\"}]},{\"@type\":\"WebSite\",\"@id\":\"https:\\\/\\\/vikingsauna.eu\\\/#website\",\"url\":\"https:\\\/\\\/vikingsauna.eu\\\/\",\"name\":\"VikingSauna\",\"description\":\"\",\"publisher\":{\"@id\":\"https:\\\/\\\/vikingsauna.eu\\\/#organization\"},\"potentialAction\":[{\"@type\":\"SearchAction\",\"target\":{\"@type\":\"EntryPoint\",\"urlTemplate\":\"https:\\\/\\\/vikingsauna.eu\\\/?s={search_term_string}\"},\"query-input\":{\"@type\":\"PropertyValueSpecification\",\"valueRequired\":true,\"valueName\":\"search_term_string\"}}],\"inLanguage\":\"da-DK\"},{\"@type\":\"Organization\",\"@id\":\"https:\\\/\\\/vikingsauna.eu\\\/#organization\",\"name\":\"VikingSauna\",\"url\":\"https:\\\/\\\/vikingsauna.eu\\\/\",\"logo\":{\"@type\":\"ImageObject\",\"inLanguage\":\"da-DK\",\"@id\":\"https:\\\/\\\/vikingsauna.eu\\\/#\\\/schema\\\/logo\\\/image\\\/\",\"url\":\"https:\\\/\\\/vikingsauna.eu\\\/wp-content\\\/uploads\\\/2024\\\/10\\\/2.png\",\"contentUrl\":\"https:\\\/\\\/vikingsauna.eu\\\/wp-content\\\/uploads\\\/2024\\\/10\\\/2.png\",\"width\":500,\"height\":500,\"caption\":\"VikingSauna\"},\"image\":{\"@id\":\"https:\\\/\\\/vikingsauna.eu\\\/#\\\/schema\\\/logo\\\/image\\\/\"},\"sameAs\":[\"https:\\\/\\\/www.facebook.com\\\/people\\\/VikingSauna\\\/61567916655491\\\/?_rdr\"]}]}<\/script>\n<!-- \/ Yoast SEO plugin. -->","yoast_head_json":{"title":"SUPER PRIS! NORD QBE 200x200 - VikingSauna","robots":{"index":"index","follow":"follow","max-snippet":"max-snippet:-1","max-image-preview":"max-image-preview:large","max-video-preview":"max-video-preview:-1"},"canonical":"https:\/\/vikingsauna.eu\/da\/vare\/super-pris-nord-qbe-200x200\/","og_locale":"da_DK","og_type":"article","og_title":"SUPER PRIS! NORD QBE 200x200 - VikingSauna","og_description":"Kompakt kraft. Nordisk komfort. Nord QBE 200\u00d7200 er en perfekt afbalanceret sauna, der er designet til dem, der \u00f8nsker autentisk varme i et kompakt rum. Denne model er ideel til 3-5 personer og giver en \u00e6gte nordisk saunaoplevelse med moderne detaljer og en holdbar konstruktion. Med en dyb sort udvendig bekl\u00e6dning smelter saunaen ubesv\u00e6ret ind i naturen, samtidig med at den giver et dristigt arkitektonisk udtryk. Panoramavinduet p\u00e5 150\u00d7170 cm bringer naturen indenfor og skaber en rolig og opslugende sauna-atmosf\u00e6re. Bl\u00f8d LED-belysning under b\u00e6nken fremmer afslapning og giver et varmt, moderne pr\u00e6g. D\u00f8ren i venstre side er lavet af h\u00e6rdet glas og giver sikker og funktionel adgang, samtidig med at den bevarer en ren og \u00e5ben fornemmelse.","og_url":"https:\/\/vikingsauna.eu\/da\/vare\/super-pris-nord-qbe-200x200\/","og_site_name":"VikingSauna","article_publisher":"https:\/\/www.facebook.com\/people\/VikingSauna\/61567916655491\/?_rdr","article_modified_time":"2026-03-16T16:25:34+00:00","og_image":[{"width":765,"height":1024,"url":"https:\/\/vikingsauna.eu\/wp-content\/uploads\/2025\/12\/IMG_5459-765x1024.png","type":"image\/png"}],"twitter_card":"summary_large_image","twitter_misc":{"Estimeret l\u00e6setid":"1 minut"},"schema":{"@context":"https:\/\/schema.org","@graph":[{"@type":"WebPage","@id":"https:\/\/vikingsauna.eu\/da\/vare\/super-pris-nord-qbe-200x200\/","url":"https:\/\/vikingsauna.eu\/da\/vare\/super-pris-nord-qbe-200x200\/","name":"SUPER PRIS! NORD QBE 200x200 - VikingSauna","isPartOf":{"@id":"https:\/\/vikingsauna.eu\/#website"},"primaryImageOfPage":{"@id":"https:\/\/vikingsauna.eu\/da\/vare\/super-pris-nord-qbe-200x200\/#primaryimage"},"image":{"@id":"https:\/\/vikingsauna.eu\/da\/vare\/super-pris-nord-qbe-200x200\/#primaryimage"},"thumbnailUrl":"https:\/\/vikingsauna.eu\/wp-content\/uploads\/2025\/12\/IMG_5459.png","datePublished":"2025-12-17T14:12:34+00:00","dateModified":"2026-03-16T16:25:34+00:00","breadcrumb":{"@id":"https:\/\/vikingsauna.eu\/da\/vare\/super-pris-nord-qbe-200x200\/#breadcrumb"},"inLanguage":"da-DK","potentialAction":[{"@type":"ReadAction","target":["https:\/\/vikingsauna.eu\/da\/vare\/super-pris-nord-qbe-200x200\/"]}]},{"@type":"ImageObject","inLanguage":"da-DK","@id":"https:\/\/vikingsauna.eu\/da\/vare\/super-pris-nord-qbe-200x200\/#primaryimage","url":"https:\/\/vikingsauna.eu\/wp-content\/uploads\/2025\/12\/IMG_5459.png","contentUrl":"https:\/\/vikingsauna.eu\/wp-content\/uploads\/2025\/12\/IMG_5459.png","width":896,"height":1200},{"@type":"BreadcrumbList","@id":"https:\/\/vikingsauna.eu\/da\/vare\/super-pris-nord-qbe-200x200\/#breadcrumb","itemListElement":[{"@type":"ListItem","position":1,"name":"Home","item":"https:\/\/vikingsauna.eu\/da\/"},{"@type":"ListItem","position":2,"name":"Pood","item":"https:\/\/vikingsauna.eu\/da\/pood\/"},{"@type":"ListItem","position":3,"name":"SUPER PRIS! NORD QBE 200&#215;200"}]},{"@type":"WebSite","@id":"https:\/\/vikingsauna.eu\/#website","url":"https:\/\/vikingsauna.eu\/","name":"VikingSauna","description":"","publisher":{"@id":"https:\/\/vikingsauna.eu\/#organization"},"potentialAction":[{"@type":"SearchAction","target":{"@type":"EntryPoint","urlTemplate":"https:\/\/vikingsauna.eu\/?s={search_term_string}"},"query-input":{"@type":"PropertyValueSpecification","valueRequired":true,"valueName":"search_term_string"}}],"inLanguage":"da-DK"},{"@type":"Organization","@id":"https:\/\/vikingsauna.eu\/#organization","name":"VikingSauna","url":"https:\/\/vikingsauna.eu\/","logo":{"@type":"ImageObject","inLanguage":"da-DK","@id":"https:\/\/vikingsauna.eu\/#\/schema\/logo\/image\/","url":"https:\/\/vikingsauna.eu\/wp-content\/uploads\/2024\/10\/2.png","contentUrl":"https:\/\/vikingsauna.eu\/wp-content\/uploads\/2024\/10\/2.png","width":500,"height":500,"caption":"VikingSauna"},"image":{"@id":"https:\/\/vikingsauna.eu\/#\/schema\/logo\/image\/"},"sameAs":["https:\/\/www.facebook.com\/people\/VikingSauna\/61567916655491\/?_rdr"]}]}},"uagb_featured_image_src":{"full":["https:\/\/vikingsauna.eu\/wp-content\/uploads\/2025\/12\/IMG_5459.png",896,1200,false],"thumbnail":["https:\/\/vikingsauna.eu\/wp-content\/uploads\/2025\/12\/IMG_5459-150x150.png",150,150,true],"medium":["https:\/\/vikingsauna.eu\/wp-content\/uploads\/2025\/12\/IMG_5459-224x300.png",224,300,true],"medium_large":["https:\/\/vikingsauna.eu\/wp-content\/uploads\/2025\/12\/IMG_5459-768x1029.png",768,1029,true],"large":["https:\/\/vikingsauna.eu\/wp-content\/uploads\/2025\/12\/IMG_5459-765x1024.png",765,1024,true],"1536x1536":["https:\/\/vikingsauna.eu\/wp-content\/uploads\/2025\/12\/IMG_5459.png",896,1200,false],"2048x2048":["https:\/\/vikingsauna.eu\/wp-content\/uploads\/2025\/12\/IMG_5459.png",896,1200,false],"woocommerce_thumbnail":["https:\/\/vikingsauna.eu\/wp-content\/uploads\/2025\/12\/IMG_5459-500x375.png",500,375,true],"woocommerce_single":["https:\/\/vikingsauna.eu\/wp-content\/uploads\/2025\/12\/IMG_5459.png",896,1200,false],"woocommerce_gallery_thumbnail":["https:\/\/vikingsauna.eu\/wp-content\/uploads\/2025\/12\/IMG_5459-100x100.png",100,100,true]},"uagb_author_info":{"display_name":"karinaloid","author_link":"https:\/\/vikingsauna.eu\/da\/author\/"},"uagb_comment_info":0,"uagb_excerpt":"Kompakt kraft. Nordisk komfort. Nord QBE 200\u00d7200 er en perfekt afbalanceret sauna, der er designet til dem, der \u00f8nsker autentisk varme i et kompakt rum. Denne model er ideel til 3-5 personer og giver en \u00e6gte nordisk saunaoplevelse med moderne detaljer og en holdbar konstruktion. Med en dyb sort udvendig bekl\u00e6dning smelter saunaen ubesv\u00e6ret ind&hellip;","_links":{"self":[{"href":"https:\/\/vikingsauna.eu\/da\/wp-json\/wp\/v2\/product\/3150","targetHints":{"allow":["GET"]}}],"collection":[{"href":"https:\/\/vikingsauna.eu\/da\/wp-json\/wp\/v2\/product"}],"about":[{"href":"https:\/\/vikingsauna.eu\/da\/wp-json\/wp\/v2\/types\/product"}],"wp:featuredmedia":[{"embeddable":true,"href":"https:\/\/vikingsauna.eu\/da\/wp-json\/wp\/v2\/media\/2924"}],"wp:attachment":[{"href":"https:\/\/vikingsauna.eu\/da\/wp-json\/wp\/v2\/media?parent=3150"}],"wp:term":[{"taxonomy":"product_brand","embeddable":true,"href":"https:\/\/vikingsauna.eu\/da\/wp-json\/wp\/v2\/product_brand?post=3150"},{"taxonomy":"product_cat","embeddable":true,"href":"https:\/\/vikingsauna.eu\/da\/wp-json\/wp\/v2\/product_cat?post=3150"},{"taxonomy":"product_tag","embeddable":true,"href":"https:\/\/vikingsauna.eu\/da\/wp-json\/wp\/v2\/product_tag?post=3150"}],"curies":[{"name":"wp","href":"https:\/\/api.w.org\/{rel}","templated":true}]}}