{"id":2301,"date":"2025-01-21T12:36:08","date_gmt":"2025-01-21T10:36:08","guid":{"rendered":"https:\/\/vikingsauna.eu\/product\/nord-vista\/"},"modified":"2025-01-21T12:36:08","modified_gmt":"2025-01-21T10:36:08","slug":"nord-vista","status":"publish","type":"product","link":"https:\/\/vikingsauna.eu\/nl\/product\/nord-vista\/","title":{"rendered":"Nord Vista"},"content":{"rendered":"<h3>Bastu Nord Vista &#8211; 4400 mm x 2400 mm ren avkoppling<\/h3>\n<p>&nbsp;<\/p>\n<p>Geniet van de perfecte combinatie van rust, comfort en ruimte met Sauna Nord Vista. Met een royale oppervlakte van 4400 mm x 2400 mm is deze sauna ideaal voor iedereen die van comfort en modern nordisk design houdt. Nord Vista heeft een panoramisch uitzicht over het bergachtige f\u00f6nster en biedt een prachtig uitzicht op de natuur.  <\/p>\n<h4>Viktiga Funktioner<\/h4>\n<p>&nbsp;<\/p>\n<h5>\ud83c\udf3f Rymlig och inbjudande<\/h5>\n<p>Nord Vista-bastun heeft een afmeting van 4400 mm x 2400 mm en is geschikt voor groepen of individuele avkoppling, met een aangename en levendige sfeer.<\/p>\n<h5>\ud83c\udf05Hisnande utsikt<\/h5>\n<p>Het creatieve ontwerp met het cirkelvormige f\u00f6nster dat in de natuurlijke omgeving past en een heerlijk gevoel geeft aan de omgeving.<\/p>\n<h5>\ud83d\udd25Autentisk nordisk upplevelse<\/h5>\n<p>Nord Vista \u00e4r tillverkad av h\u00f6gkvalitativt nordiskt tr\u00e4 och \u00e4r konstruerad f\u00f6r optimal v\u00e4rmelagring, vilket garanterar en lugnande och f\u00f6ryngrande bastu varje g\u00e5ng.<\/p>\n<h5>\ud83d\udca1 Anpassningsbara alternativ<\/h5>\n<p>V\u00e4lj bland en m\u00e4ngd olika tr\u00e4finisher, v\u00e4rmesystem (elektrisk eller vedeldad spis) och tillbeh\u00f6r f\u00f6r att anpassa din Nord Vista-bastu och matcha din unika stil.<\/p>\n<h4>M\u00e5tt och dimensioner<\/h4>\n<ul>\n<li>Lengte: 4400 mm<br \/>\nBredd: 2400 mm<br \/>\nH\u00f6jd f\u00f6r bastun: Optimerad f\u00f6r ventilation och komfort, vilket f\u00f6rb\u00e4ttrar bastuns luftfl\u00f6de och v\u00e4rmef\u00f6rdelning.<\/li>\n<\/ul>\n<p>Sauna Nord Vista \u00e4r din perfekta tillflyktsort &#8211; oavsett om den ligger inb\u00e4ddad i naturen, placerad vid sj\u00f6n eller i din tr\u00e4dg\u00e5rd \u00e4r den en sann fristad f\u00f6r avkoppling. \ud83d\udce9 Ben je op zoek naar een nieuw exemplaar? Kontakta oss idag f\u00f6r att f\u00e5 veta mer eller g\u00f6ra din best\u00e4llning!<\/p>\n","protected":false},"excerpt":{"rendered":"<h5>Bastu Nord Vista &#8211; 4400 mm x 2400 mm av rymlig lyx<\/h5>\n<p>&nbsp;<\/p>\n<p>Njut av en rofylld bastuupplevelse med Nord Vista, som har stora m\u00e5tt och panoramaf\u00f6nster. Den \u00e4r tillverkad av nordiskt premiumtr\u00e4 och erbjuder b\u00e5de komfort och en fantastisk utsikt f\u00f6r ultimat avkoppling. <\/p>\n","protected":false},"featured_media":2250,"template":"","meta":{"_uag_custom_page_level_css":"","site-sidebar-layout":"default","site-content-layout":"","ast-site-content-layout":"default","site-content-style":"default","site-sidebar-style":"default","ast-global-header-display":"","ast-banner-title-visibility":"","ast-main-header-display":"","ast-hfb-above-header-display":"","ast-hfb-below-header-display":"","ast-hfb-mobile-header-display":"","site-post-title":"","ast-breadcrumbs-content":"","ast-featured-img":"","footer-sml-layout":"","ast-disable-related-posts":"","theme-transparent-header-meta":"","adv-header-id-meta":"","stick-header-meta":"","header-above-stick-meta":"","header-main-stick-meta":"","header-below-stick-meta":"","astra-migrate-meta-layouts":"default","ast-page-background-enabled":"default","ast-page-background-meta":{"desktop":{"background-color":"var(--ast-global-color-4)","background-image":"","background-repeat":"repeat","background-position":"center center","background-size":"auto","background-attachment":"scroll","background-type":"","background-media":"","overlay-type":"","overlay-color":"","overlay-opacity":"","overlay-gradient":""},"tablet":{"background-color":"","background-image":"","background-repeat":"repeat","background-position":"center center","background-size":"auto","background-attachment":"scroll","background-type":"","background-media":"","overlay-type":"","overlay-color":"","overlay-opacity":"","overlay-gradient":""},"mobile":{"background-color":"","background-image":"","background-repeat":"repeat","background-position":"center center","background-size":"auto","background-attachment":"scroll","background-type":"","background-media":"","overlay-type":"","overlay-color":"","overlay-opacity":"","overlay-gradient":""}},"ast-content-background-meta":{"desktop":{"background-color":"var(--ast-global-color-5)","background-image":"","background-repeat":"repeat","background-position":"center center","background-size":"auto","background-attachment":"scroll","background-type":"","background-media":"","overlay-type":"","overlay-color":"","overlay-opacity":"","overlay-gradient":""},"tablet":{"background-color":"var(--ast-global-color-5)","background-image":"","background-repeat":"repeat","background-position":"center center","background-size":"auto","background-attachment":"scroll","background-type":"","background-media":"","overlay-type":"","overlay-color":"","overlay-opacity":"","overlay-gradient":""},"mobile":{"background-color":"var(--ast-global-color-5)","background-image":"","background-repeat":"repeat","background-position":"center center","background-size":"auto","background-attachment":"scroll","background-type":"","background-media":"","overlay-type":"","overlay-color":"","overlay-opacity":"","overlay-gradient":""}}},"product_brand":[],"product_cat":[62],"product_tag":[],"class_list":{"0":"post-2301","1":"product","2":"type-product","3":"status-publish","4":"has-post-thumbnail","6":"product_cat-ovale-bastu","7":"desktop-align-left","8":"tablet-align-left","9":"mobile-align-left","11":"first","12":"instock","13":"shipping-taxable","14":"purchasable","15":"product-type-simple"},"yoast_head":"<!-- This site is optimized with the Yoast SEO plugin v27.3 - https:\/\/yoast.com\/product\/yoast-seo-wordpress\/ -->\n<title>Nord Vista - VikingSauna<\/title>\n<meta name=\"robots\" content=\"index, follow, max-snippet:-1, max-image-preview:large, max-video-preview:-1\" \/>\n<link rel=\"canonical\" href=\"https:\/\/vikingsauna.eu\/nl\/product\/nord-vista\/\" \/>\n<meta property=\"og:locale\" content=\"nl_NL\" \/>\n<meta property=\"og:type\" content=\"article\" \/>\n<meta property=\"og:title\" content=\"Nord Vista - VikingSauna\" \/>\n<meta property=\"og:description\" content=\"Bastu Nord Vista - 4400 mm x 2400 mm av rymlig lyx &nbsp; Njut av en rofylld bastuupplevelse med Nord Vista, som har stora m\u00e5tt och panoramaf\u00f6nster. Den \u00e4r tillverkad av nordiskt premiumtr\u00e4 och erbjuder b\u00e5de komfort och en fantastisk utsikt f\u00f6r ultimat avkoppling.\" \/>\n<meta property=\"og:url\" content=\"https:\/\/vikingsauna.eu\/nl\/product\/nord-vista\/\" \/>\n<meta property=\"og:site_name\" content=\"VikingSauna\" \/>\n<meta property=\"article:publisher\" content=\"https:\/\/www.facebook.com\/people\/VikingSauna\/61567916655491\/?_rdr\" \/>\n<meta property=\"og:image\" content=\"https:\/\/vikingsauna.eu\/wp-content\/uploads\/2025\/01\/Ovaal-saun-Pico-scaled-1.jpg\" \/>\n\t<meta property=\"og:image:width\" content=\"2560\" \/>\n\t<meta property=\"og:image:height\" content=\"1440\" \/>\n\t<meta property=\"og:image:type\" content=\"image\/jpeg\" \/>\n<meta name=\"twitter:card\" content=\"summary_large_image\" \/>\n<meta name=\"twitter:label1\" content=\"Geschatte leestijd\" \/>\n\t<meta name=\"twitter:data1\" content=\"1 minuut\" \/>\n<script type=\"application\/ld+json\" class=\"yoast-schema-graph\">{\"@context\":\"https:\\\/\\\/schema.org\",\"@graph\":[{\"@type\":\"WebPage\",\"@id\":\"https:\\\/\\\/vikingsauna.eu\\\/nl\\\/product\\\/nord-vista\\\/\",\"url\":\"https:\\\/\\\/vikingsauna.eu\\\/nl\\\/product\\\/nord-vista\\\/\",\"name\":\"Nord Vista - VikingSauna\",\"isPartOf\":{\"@id\":\"https:\\\/\\\/vikingsauna.eu\\\/#website\"},\"primaryImageOfPage\":{\"@id\":\"https:\\\/\\\/vikingsauna.eu\\\/nl\\\/product\\\/nord-vista\\\/#primaryimage\"},\"image\":{\"@id\":\"https:\\\/\\\/vikingsauna.eu\\\/nl\\\/product\\\/nord-vista\\\/#primaryimage\"},\"thumbnailUrl\":\"https:\\\/\\\/vikingsauna.eu\\\/wp-content\\\/uploads\\\/2025\\\/01\\\/Ovaal-saun-Pico-scaled-1.jpg\",\"datePublished\":\"2025-01-21T10:36:08+00:00\",\"breadcrumb\":{\"@id\":\"https:\\\/\\\/vikingsauna.eu\\\/nl\\\/product\\\/nord-vista\\\/#breadcrumb\"},\"inLanguage\":\"nl-NL\",\"potentialAction\":[{\"@type\":\"ReadAction\",\"target\":[\"https:\\\/\\\/vikingsauna.eu\\\/nl\\\/product\\\/nord-vista\\\/\"]}]},{\"@type\":\"ImageObject\",\"inLanguage\":\"nl-NL\",\"@id\":\"https:\\\/\\\/vikingsauna.eu\\\/nl\\\/product\\\/nord-vista\\\/#primaryimage\",\"url\":\"https:\\\/\\\/vikingsauna.eu\\\/wp-content\\\/uploads\\\/2025\\\/01\\\/Ovaal-saun-Pico-scaled-1.jpg\",\"contentUrl\":\"https:\\\/\\\/vikingsauna.eu\\\/wp-content\\\/uploads\\\/2025\\\/01\\\/Ovaal-saun-Pico-scaled-1.jpg\",\"width\":2560,\"height\":1440},{\"@type\":\"BreadcrumbList\",\"@id\":\"https:\\\/\\\/vikingsauna.eu\\\/nl\\\/product\\\/nord-vista\\\/#breadcrumb\",\"itemListElement\":[{\"@type\":\"ListItem\",\"position\":1,\"name\":\"Home\",\"item\":\"https:\\\/\\\/vikingsauna.eu\\\/nl\\\/\"},{\"@type\":\"ListItem\",\"position\":2,\"name\":\"Pood\",\"item\":\"https:\\\/\\\/vikingsauna.eu\\\/nl\\\/pood\\\/\"},{\"@type\":\"ListItem\",\"position\":3,\"name\":\"Nord Vista\"}]},{\"@type\":\"WebSite\",\"@id\":\"https:\\\/\\\/vikingsauna.eu\\\/#website\",\"url\":\"https:\\\/\\\/vikingsauna.eu\\\/\",\"name\":\"VikingSauna\",\"description\":\"\",\"publisher\":{\"@id\":\"https:\\\/\\\/vikingsauna.eu\\\/#organization\"},\"potentialAction\":[{\"@type\":\"SearchAction\",\"target\":{\"@type\":\"EntryPoint\",\"urlTemplate\":\"https:\\\/\\\/vikingsauna.eu\\\/?s={search_term_string}\"},\"query-input\":{\"@type\":\"PropertyValueSpecification\",\"valueRequired\":true,\"valueName\":\"search_term_string\"}}],\"inLanguage\":\"nl-NL\"},{\"@type\":\"Organization\",\"@id\":\"https:\\\/\\\/vikingsauna.eu\\\/#organization\",\"name\":\"VikingSauna\",\"url\":\"https:\\\/\\\/vikingsauna.eu\\\/\",\"logo\":{\"@type\":\"ImageObject\",\"inLanguage\":\"nl-NL\",\"@id\":\"https:\\\/\\\/vikingsauna.eu\\\/#\\\/schema\\\/logo\\\/image\\\/\",\"url\":\"https:\\\/\\\/vikingsauna.eu\\\/wp-content\\\/uploads\\\/2024\\\/10\\\/2.png\",\"contentUrl\":\"https:\\\/\\\/vikingsauna.eu\\\/wp-content\\\/uploads\\\/2024\\\/10\\\/2.png\",\"width\":500,\"height\":500,\"caption\":\"VikingSauna\"},\"image\":{\"@id\":\"https:\\\/\\\/vikingsauna.eu\\\/#\\\/schema\\\/logo\\\/image\\\/\"},\"sameAs\":[\"https:\\\/\\\/www.facebook.com\\\/people\\\/VikingSauna\\\/61567916655491\\\/?_rdr\"]}]}<\/script>\n<!-- \/ Yoast SEO plugin. -->","yoast_head_json":{"title":"Nord Vista - VikingSauna","robots":{"index":"index","follow":"follow","max-snippet":"max-snippet:-1","max-image-preview":"max-image-preview:large","max-video-preview":"max-video-preview:-1"},"canonical":"https:\/\/vikingsauna.eu\/nl\/product\/nord-vista\/","og_locale":"nl_NL","og_type":"article","og_title":"Nord Vista - VikingSauna","og_description":"Bastu Nord Vista - 4400 mm x 2400 mm av rymlig lyx &nbsp; Njut av en rofylld bastuupplevelse med Nord Vista, som har stora m\u00e5tt och panoramaf\u00f6nster. Den \u00e4r tillverkad av nordiskt premiumtr\u00e4 och erbjuder b\u00e5de komfort och en fantastisk utsikt f\u00f6r ultimat avkoppling.","og_url":"https:\/\/vikingsauna.eu\/nl\/product\/nord-vista\/","og_site_name":"VikingSauna","article_publisher":"https:\/\/www.facebook.com\/people\/VikingSauna\/61567916655491\/?_rdr","og_image":[{"width":2560,"height":1440,"url":"https:\/\/vikingsauna.eu\/wp-content\/uploads\/2025\/01\/Ovaal-saun-Pico-scaled-1.jpg","type":"image\/jpeg"}],"twitter_card":"summary_large_image","twitter_misc":{"Geschatte leestijd":"1 minuut"},"schema":{"@context":"https:\/\/schema.org","@graph":[{"@type":"WebPage","@id":"https:\/\/vikingsauna.eu\/nl\/product\/nord-vista\/","url":"https:\/\/vikingsauna.eu\/nl\/product\/nord-vista\/","name":"Nord Vista - VikingSauna","isPartOf":{"@id":"https:\/\/vikingsauna.eu\/#website"},"primaryImageOfPage":{"@id":"https:\/\/vikingsauna.eu\/nl\/product\/nord-vista\/#primaryimage"},"image":{"@id":"https:\/\/vikingsauna.eu\/nl\/product\/nord-vista\/#primaryimage"},"thumbnailUrl":"https:\/\/vikingsauna.eu\/wp-content\/uploads\/2025\/01\/Ovaal-saun-Pico-scaled-1.jpg","datePublished":"2025-01-21T10:36:08+00:00","breadcrumb":{"@id":"https:\/\/vikingsauna.eu\/nl\/product\/nord-vista\/#breadcrumb"},"inLanguage":"nl-NL","potentialAction":[{"@type":"ReadAction","target":["https:\/\/vikingsauna.eu\/nl\/product\/nord-vista\/"]}]},{"@type":"ImageObject","inLanguage":"nl-NL","@id":"https:\/\/vikingsauna.eu\/nl\/product\/nord-vista\/#primaryimage","url":"https:\/\/vikingsauna.eu\/wp-content\/uploads\/2025\/01\/Ovaal-saun-Pico-scaled-1.jpg","contentUrl":"https:\/\/vikingsauna.eu\/wp-content\/uploads\/2025\/01\/Ovaal-saun-Pico-scaled-1.jpg","width":2560,"height":1440},{"@type":"BreadcrumbList","@id":"https:\/\/vikingsauna.eu\/nl\/product\/nord-vista\/#breadcrumb","itemListElement":[{"@type":"ListItem","position":1,"name":"Home","item":"https:\/\/vikingsauna.eu\/nl\/"},{"@type":"ListItem","position":2,"name":"Pood","item":"https:\/\/vikingsauna.eu\/nl\/pood\/"},{"@type":"ListItem","position":3,"name":"Nord Vista"}]},{"@type":"WebSite","@id":"https:\/\/vikingsauna.eu\/#website","url":"https:\/\/vikingsauna.eu\/","name":"VikingSauna","description":"","publisher":{"@id":"https:\/\/vikingsauna.eu\/#organization"},"potentialAction":[{"@type":"SearchAction","target":{"@type":"EntryPoint","urlTemplate":"https:\/\/vikingsauna.eu\/?s={search_term_string}"},"query-input":{"@type":"PropertyValueSpecification","valueRequired":true,"valueName":"search_term_string"}}],"inLanguage":"nl-NL"},{"@type":"Organization","@id":"https:\/\/vikingsauna.eu\/#organization","name":"VikingSauna","url":"https:\/\/vikingsauna.eu\/","logo":{"@type":"ImageObject","inLanguage":"nl-NL","@id":"https:\/\/vikingsauna.eu\/#\/schema\/logo\/image\/","url":"https:\/\/vikingsauna.eu\/wp-content\/uploads\/2024\/10\/2.png","contentUrl":"https:\/\/vikingsauna.eu\/wp-content\/uploads\/2024\/10\/2.png","width":500,"height":500,"caption":"VikingSauna"},"image":{"@id":"https:\/\/vikingsauna.eu\/#\/schema\/logo\/image\/"},"sameAs":["https:\/\/www.facebook.com\/people\/VikingSauna\/61567916655491\/?_rdr"]}]}},"uagb_featured_image_src":{"full":["https:\/\/vikingsauna.eu\/wp-content\/uploads\/2025\/01\/Ovaal-saun-Pico-scaled-1.jpg",2560,1440,false],"thumbnail":["https:\/\/vikingsauna.eu\/wp-content\/uploads\/2025\/01\/Ovaal-saun-Pico-scaled-1-150x150.jpg",150,150,true],"medium":["https:\/\/vikingsauna.eu\/wp-content\/uploads\/2025\/01\/Ovaal-saun-Pico-scaled-1-300x169.jpg",300,169,true],"medium_large":["https:\/\/vikingsauna.eu\/wp-content\/uploads\/2025\/01\/Ovaal-saun-Pico-scaled-1-768x432.jpg",768,432,true],"large":["https:\/\/vikingsauna.eu\/wp-content\/uploads\/2025\/01\/Ovaal-saun-Pico-scaled-1-1024x576.jpg",1024,576,true],"1536x1536":["https:\/\/vikingsauna.eu\/wp-content\/uploads\/2025\/01\/Ovaal-saun-Pico-scaled-1-1536x864.jpg",1536,864,true],"2048x2048":["https:\/\/vikingsauna.eu\/wp-content\/uploads\/2025\/01\/Ovaal-saun-Pico-scaled-1-2048x1152.jpg",2048,1152,true],"woocommerce_thumbnail":["https:\/\/vikingsauna.eu\/wp-content\/uploads\/2025\/01\/Ovaal-saun-Pico-scaled-1-500x375.jpg",500,375,true],"woocommerce_single":["https:\/\/vikingsauna.eu\/wp-content\/uploads\/2025\/01\/Ovaal-saun-Pico-scaled-1-1200x675.jpg",1200,675,true],"woocommerce_gallery_thumbnail":["https:\/\/vikingsauna.eu\/wp-content\/uploads\/2025\/01\/Ovaal-saun-Pico-scaled-1-100x100.jpg",100,100,true]},"uagb_author_info":{"display_name":"karinaloid","author_link":"https:\/\/vikingsauna.eu\/nl\/author\/"},"uagb_comment_info":0,"uagb_excerpt":"Bastu Nord Vista - 4400 mm x 2400 mm av rymlig lyx &nbsp; Njut av en rofylld bastuupplevelse med Nord Vista, som har stora m\u00e5tt och panoramaf\u00f6nster. Den \u00e4r tillverkad av nordiskt premiumtr\u00e4 och erbjuder b\u00e5de komfort och en fantastisk utsikt f\u00f6r ultimat avkoppling.","_links":{"self":[{"href":"https:\/\/vikingsauna.eu\/nl\/wp-json\/wp\/v2\/product\/2301","targetHints":{"allow":["GET"]}}],"collection":[{"href":"https:\/\/vikingsauna.eu\/nl\/wp-json\/wp\/v2\/product"}],"about":[{"href":"https:\/\/vikingsauna.eu\/nl\/wp-json\/wp\/v2\/types\/product"}],"wp:featuredmedia":[{"embeddable":true,"href":"https:\/\/vikingsauna.eu\/nl\/wp-json\/wp\/v2\/media\/2250"}],"wp:attachment":[{"href":"https:\/\/vikingsauna.eu\/nl\/wp-json\/wp\/v2\/media?parent=2301"}],"wp:term":[{"taxonomy":"product_brand","embeddable":true,"href":"https:\/\/vikingsauna.eu\/nl\/wp-json\/wp\/v2\/product_brand?post=2301"},{"taxonomy":"product_cat","embeddable":true,"href":"https:\/\/vikingsauna.eu\/nl\/wp-json\/wp\/v2\/product_cat?post=2301"},{"taxonomy":"product_tag","embeddable":true,"href":"https:\/\/vikingsauna.eu\/nl\/wp-json\/wp\/v2\/product_tag?post=2301"}],"curies":[{"name":"wp","href":"https:\/\/api.w.org\/{rel}","templated":true}]}}