{"id":1977,"date":"2024-11-25T12:52:52","date_gmt":"2024-11-25T12:52:52","guid":{"rendered":"https:\/\/vikingsauna.eu\/product\/nord-terrasse-200x320\/"},"modified":"2026-03-29T16:16:48","modified_gmt":"2026-03-29T14:16:48","slug":"nord-terrasse-200x320","status":"publish","type":"product","link":"https:\/\/vikingsauna.eu\/no\/produkt\/nord-terrasse-200x320\/","title":{"rendered":"Nord Terrasse 200\u00d7320"},"content":{"rendered":"<table style=\"width: 100%; table-layout: fixed;\">\n<tbody>\n<tr>\n<td style=\"width: 80px;\"><img loading=\"lazy\" decoding=\"async\" class=\"custom-icon alignnone size-full wp-image-1089\" src=\"https:\/\/vikingsauna.eu\/wp-content\/uploads\/2024\/11\/people-fill-1.svg\" alt=\"\" width=\"16\" height=\"16\"><\/td>\n<td>Omtrent 3-5 personer<\/td>\n<\/tr>\n<tr>\n<td style=\"width: 80px;\"><img loading=\"lazy\" decoding=\"async\" class=\"custom-icon alignnone size-full wp-image-1088\" src=\"https:\/\/vikingsauna.eu\/wp-content\/uploads\/2024\/11\/tree-fill-1.svg\" alt=\"\" width=\"16\" height=\"16\"><\/td>\n<td>Gran 45 mm<\/td>\n<\/tr>\n<tr>\n<td style=\"width: 80px;\"><img loading=\"lazy\" decoding=\"async\" class=\"custom-icon alignnone size-full wp-image-1084\" src=\"https:\/\/vikingsauna.eu\/wp-content\/uploads\/2024\/11\/fire-1.svg\" alt=\"\" width=\"16\" height=\"16\"><\/td>\n<td>Harvia M3; Harvia Legend 150 eller Harvia Cilindro pc90<\/p>\n<p>Vedovnen leveres med CE-godkjente plater og Harvia WHP1500, isolert skorstein i rustfritt st\u00e5l.<\/td>\n<\/tr>\n<tr>\n<td style=\"width: 80px;\"><img loading=\"lazy\" decoding=\"async\" class=\"custom-icon alignnone size-full wp-image-1085\" src=\"https:\/\/vikingsauna.eu\/wp-content\/uploads\/2024\/11\/rulers-1.svg\" alt=\"\" width=\"16\" height=\"16\"><\/td>\n<td><span style=\"font-weight: 400;\">200\u00d7320 cm; badstue 200 cm; terrasse 120 cm.<\/span><\/td>\n<\/tr>\n<tr>\n<td style=\"width: 80px;\"><img loading=\"lazy\" decoding=\"async\" class=\"custom-icon alignnone size-full wp-image-1090\" src=\"https:\/\/vikingsauna.eu\/wp-content\/uploads\/2024\/11\/nut-fill-1.svg\" alt=\"\" width=\"16\" height=\"16\"><\/td>\n<td>1000 kg<\/td>\n<\/tr>\n<tr>\n<td style=\"width: 80px;\"><img loading=\"lazy\" decoding=\"async\" class=\"custom-icon alignnone size-full wp-image-1086\" src=\"https:\/\/vikingsauna.eu\/wp-content\/uploads\/2024\/11\/info-circle-fill-1.svg\" alt=\"\" width=\"16\" height=\"16\"><\/td>\n<td><span style=\"font-weight: 400;\">Leveres med tre vinduer i 6 mm herdet glass i badstue 111\u00d791 cm, 26\u00d7166 cm og 42,5\u00d765 cm.<\/span><\/p>\n<p><span style=\"font-weight: 400;\">Flere vinduer kan legges til mot en ekstra kostnad (alle st\u00f8rre vinduer har isolert glass med 6 mm herdet glass p\u00e5 hver side).<\/span><\/p>\n<p><span style=\"font-weight: 400;\">Gulv 28 mm gran, tak 45 mm gran.<\/span><\/p>\n<p><span style=\"font-weight: 400;\">Sitteplasser i or. Takkledning, svart overflatepapp. <\/span><\/td>\n<\/tr>\n<tr>\n<td style=\"width: 80px;\"><img loading=\"lazy\" decoding=\"async\" class=\"custom-icon alignnone size-full wp-image-1087\" src=\"https:\/\/vikingsauna.eu\/wp-content\/uploads\/2024\/11\/plus-circle-fill-1.svg\" alt=\"\" width=\"16\" height=\"16\"><\/td>\n<td>Alternativer:<\/p>\n<p>Det finnes flere alternativer til denne modellen. \u00d8nsker du en annen ovn, en annen d\u00f8r eller et annet utseende? Ta kontakt med oss!  <\/td>\n<\/tr>\n<\/tbody>\n<\/table>\n","protected":false},"excerpt":{"rendered":"<p><span style=\"font-weight: 400;\">En funksjonell badstue med terrasse, elegant designet for 3-5 personer, kombinerer stil og funksjonalitet.<\/span><\/p>\n<p><span style=\"font-weight: 400;\">Denne badstuen leveres helt ferdig, slik at du umiddelbart kan oppleve roen og velv\u00e6ret ved et badstuebad p\u00e5 leveringsdagen.<\/span><\/p>\n<p><span style=\"font-weight: 400;\">Vi legger stor vekt p\u00e5 \u00e5 oppfylle hver enkelt kundes individuelle dr\u00f8mmer om den perfekte badstuen. Derfor tilbyr vi ogs\u00e5 personlige l\u00f8sninger basert p\u00e5 dine spesifikke \u00f8nsker. <\/span><\/p>\n<p>St\u00f8rrelse 200\u00d7320<\/p>\n","protected":false},"featured_media":1652,"template":"","meta":{"_uag_custom_page_level_css":"","site-sidebar-layout":"default","site-content-layout":"","ast-site-content-layout":"default","site-content-style":"default","site-sidebar-style":"default","ast-global-header-display":"","ast-banner-title-visibility":"","ast-main-header-display":"","ast-hfb-above-header-display":"","ast-hfb-below-header-display":"","ast-hfb-mobile-header-display":"","site-post-title":"","ast-breadcrumbs-content":"","ast-featured-img":"","footer-sml-layout":"","ast-disable-related-posts":"","theme-transparent-header-meta":"default","adv-header-id-meta":"","stick-header-meta":"","header-above-stick-meta":"","header-main-stick-meta":"","header-below-stick-meta":"","astra-migrate-meta-layouts":"set","ast-page-background-enabled":"default","ast-page-background-meta":{"desktop":{"background-color":"var(--ast-global-color-4)","background-image":"","background-repeat":"repeat","background-position":"center center","background-size":"auto","background-attachment":"scroll","background-type":"","background-media":"","overlay-type":"","overlay-color":"","overlay-opacity":"","overlay-gradient":""},"tablet":{"background-color":"","background-image":"","background-repeat":"repeat","background-position":"center center","background-size":"auto","background-attachment":"scroll","background-type":"","background-media":"","overlay-type":"","overlay-color":"","overlay-opacity":"","overlay-gradient":""},"mobile":{"background-color":"","background-image":"","background-repeat":"repeat","background-position":"center center","background-size":"auto","background-attachment":"scroll","background-type":"","background-media":"","overlay-type":"","overlay-color":"","overlay-opacity":"","overlay-gradient":""}},"ast-content-background-meta":{"desktop":{"background-color":"var(--ast-global-color-5)","background-image":"","background-repeat":"repeat","background-position":"center center","background-size":"auto","background-attachment":"scroll","background-type":"","background-media":"","overlay-type":"","overlay-color":"","overlay-opacity":"","overlay-gradient":""},"tablet":{"background-color":"var(--ast-global-color-5)","background-image":"","background-repeat":"repeat","background-position":"center center","background-size":"auto","background-attachment":"scroll","background-type":"","background-media":"","overlay-type":"","overlay-color":"","overlay-opacity":"","overlay-gradient":""},"mobile":{"background-color":"var(--ast-global-color-5)","background-image":"","background-repeat":"repeat","background-position":"center center","background-size":"auto","background-attachment":"scroll","background-type":"","background-media":"","overlay-type":"","overlay-color":"","overlay-opacity":"","overlay-gradient":""}}},"product_brand":[],"product_cat":[86,71,48],"product_tag":[],"class_list":{"0":"post-1977","1":"product","2":"type-product","3":"status-publish","4":"has-post-thumbnail","6":"product_cat-nord-saunas","7":"product_cat-pf-category-norwegian","8":"product_cat-uncategorized-no","9":"desktop-align-left","10":"tablet-align-left","11":"mobile-align-left","13":"first","14":"instock","15":"shipping-taxable","16":"purchasable","17":"product-type-simple"},"yoast_head":"<!-- This site is optimized with the Yoast SEO plugin v27.3 - https:\/\/yoast.com\/product\/yoast-seo-wordpress\/ -->\n<title>Nord Terrasse 200\u00d7320 - VikingSauna<\/title>\n<meta name=\"robots\" content=\"index, follow, max-snippet:-1, max-image-preview:large, max-video-preview:-1\" \/>\n<link rel=\"canonical\" href=\"https:\/\/vikingsauna.eu\/no\/produkt\/nord-terrasse-200x320\/\" \/>\n<meta property=\"og:locale\" content=\"nb_NO\" \/>\n<meta property=\"og:type\" content=\"article\" \/>\n<meta property=\"og:title\" content=\"Nord Terrasse 200\u00d7320 - VikingSauna\" \/>\n<meta property=\"og:description\" content=\"En funksjonell badstue med terrasse, elegant designet for 3-5 personer, kombinerer stil og funksjonalitet. Denne badstuen leveres helt ferdig, slik at du umiddelbart kan oppleve roen og velv\u00e6ret ved et badstuebad p\u00e5 leveringsdagen. Vi legger stor vekt p\u00e5 \u00e5 oppfylle hver enkelt kundes individuelle dr\u00f8mmer om den perfekte badstuen. Derfor tilbyr vi ogs\u00e5 personlige l\u00f8sninger basert p\u00e5 dine spesifikke \u00f8nsker.  St\u00f8rrelse 200\u00d7320\" \/>\n<meta property=\"og:url\" content=\"https:\/\/vikingsauna.eu\/no\/produkt\/nord-terrasse-200x320\/\" \/>\n<meta property=\"og:site_name\" content=\"VikingSauna\" \/>\n<meta property=\"article:publisher\" content=\"https:\/\/www.facebook.com\/people\/VikingSauna\/61567916655491\/?_rdr\" \/>\n<meta property=\"article:modified_time\" content=\"2026-03-29T14:16:48+00:00\" \/>\n<meta property=\"og:image\" content=\"https:\/\/vikingsauna.eu\/wp-content\/uploads\/2024\/11\/Photoroom-20240223_140304-e1708761239408-1024x1021.png\" \/>\n\t<meta property=\"og:image:width\" content=\"1024\" \/>\n\t<meta property=\"og:image:height\" content=\"1021\" \/>\n\t<meta property=\"og:image:type\" content=\"image\/png\" \/>\n<meta name=\"twitter:card\" content=\"summary_large_image\" \/>\n<meta name=\"twitter:label1\" content=\"Ansl. lesetid\" \/>\n\t<meta name=\"twitter:data1\" content=\"3 minutter\" \/>\n<script type=\"application\/ld+json\" class=\"yoast-schema-graph\">{\"@context\":\"https:\\\/\\\/schema.org\",\"@graph\":[{\"@type\":\"WebPage\",\"@id\":\"https:\\\/\\\/vikingsauna.eu\\\/no\\\/produkt\\\/nord-terrasse-200x320\\\/\",\"url\":\"https:\\\/\\\/vikingsauna.eu\\\/no\\\/produkt\\\/nord-terrasse-200x320\\\/\",\"name\":\"Nord Terrasse 200\u00d7320 - VikingSauna\",\"isPartOf\":{\"@id\":\"https:\\\/\\\/vikingsauna.eu\\\/#website\"},\"primaryImageOfPage\":{\"@id\":\"https:\\\/\\\/vikingsauna.eu\\\/no\\\/produkt\\\/nord-terrasse-200x320\\\/#primaryimage\"},\"image\":{\"@id\":\"https:\\\/\\\/vikingsauna.eu\\\/no\\\/produkt\\\/nord-terrasse-200x320\\\/#primaryimage\"},\"thumbnailUrl\":\"https:\\\/\\\/vikingsauna.eu\\\/wp-content\\\/uploads\\\/2024\\\/11\\\/Photoroom-20240223_140304-e1708761239408.png\",\"datePublished\":\"2024-11-25T12:52:52+00:00\",\"dateModified\":\"2026-03-29T14:16:48+00:00\",\"breadcrumb\":{\"@id\":\"https:\\\/\\\/vikingsauna.eu\\\/no\\\/produkt\\\/nord-terrasse-200x320\\\/#breadcrumb\"},\"inLanguage\":\"nb-NO\",\"potentialAction\":[{\"@type\":\"ReadAction\",\"target\":[\"https:\\\/\\\/vikingsauna.eu\\\/no\\\/produkt\\\/nord-terrasse-200x320\\\/\"]}]},{\"@type\":\"ImageObject\",\"inLanguage\":\"nb-NO\",\"@id\":\"https:\\\/\\\/vikingsauna.eu\\\/no\\\/produkt\\\/nord-terrasse-200x320\\\/#primaryimage\",\"url\":\"https:\\\/\\\/vikingsauna.eu\\\/wp-content\\\/uploads\\\/2024\\\/11\\\/Photoroom-20240223_140304-e1708761239408.png\",\"contentUrl\":\"https:\\\/\\\/vikingsauna.eu\\\/wp-content\\\/uploads\\\/2024\\\/11\\\/Photoroom-20240223_140304-e1708761239408.png\",\"width\":2304,\"height\":2298},{\"@type\":\"BreadcrumbList\",\"@id\":\"https:\\\/\\\/vikingsauna.eu\\\/no\\\/produkt\\\/nord-terrasse-200x320\\\/#breadcrumb\",\"itemListElement\":[{\"@type\":\"ListItem\",\"position\":1,\"name\":\"Home\",\"item\":\"https:\\\/\\\/vikingsauna.eu\\\/no\\\/\"},{\"@type\":\"ListItem\",\"position\":2,\"name\":\"Pood\",\"item\":\"https:\\\/\\\/vikingsauna.eu\\\/no\\\/pood\\\/\"},{\"@type\":\"ListItem\",\"position\":3,\"name\":\"Nord Terrasse 200\u00d7320\"}]},{\"@type\":\"WebSite\",\"@id\":\"https:\\\/\\\/vikingsauna.eu\\\/#website\",\"url\":\"https:\\\/\\\/vikingsauna.eu\\\/\",\"name\":\"VikingSauna\",\"description\":\"\",\"publisher\":{\"@id\":\"https:\\\/\\\/vikingsauna.eu\\\/#organization\"},\"potentialAction\":[{\"@type\":\"SearchAction\",\"target\":{\"@type\":\"EntryPoint\",\"urlTemplate\":\"https:\\\/\\\/vikingsauna.eu\\\/?s={search_term_string}\"},\"query-input\":{\"@type\":\"PropertyValueSpecification\",\"valueRequired\":true,\"valueName\":\"search_term_string\"}}],\"inLanguage\":\"nb-NO\"},{\"@type\":\"Organization\",\"@id\":\"https:\\\/\\\/vikingsauna.eu\\\/#organization\",\"name\":\"VikingSauna\",\"url\":\"https:\\\/\\\/vikingsauna.eu\\\/\",\"logo\":{\"@type\":\"ImageObject\",\"inLanguage\":\"nb-NO\",\"@id\":\"https:\\\/\\\/vikingsauna.eu\\\/#\\\/schema\\\/logo\\\/image\\\/\",\"url\":\"https:\\\/\\\/vikingsauna.eu\\\/wp-content\\\/uploads\\\/2024\\\/10\\\/2.png\",\"contentUrl\":\"https:\\\/\\\/vikingsauna.eu\\\/wp-content\\\/uploads\\\/2024\\\/10\\\/2.png\",\"width\":500,\"height\":500,\"caption\":\"VikingSauna\"},\"image\":{\"@id\":\"https:\\\/\\\/vikingsauna.eu\\\/#\\\/schema\\\/logo\\\/image\\\/\"},\"sameAs\":[\"https:\\\/\\\/www.facebook.com\\\/people\\\/VikingSauna\\\/61567916655491\\\/?_rdr\"]}]}<\/script>\n<!-- \/ Yoast SEO plugin. -->","yoast_head_json":{"title":"Nord Terrasse 200\u00d7320 - VikingSauna","robots":{"index":"index","follow":"follow","max-snippet":"max-snippet:-1","max-image-preview":"max-image-preview:large","max-video-preview":"max-video-preview:-1"},"canonical":"https:\/\/vikingsauna.eu\/no\/produkt\/nord-terrasse-200x320\/","og_locale":"nb_NO","og_type":"article","og_title":"Nord Terrasse 200\u00d7320 - VikingSauna","og_description":"En funksjonell badstue med terrasse, elegant designet for 3-5 personer, kombinerer stil og funksjonalitet. Denne badstuen leveres helt ferdig, slik at du umiddelbart kan oppleve roen og velv\u00e6ret ved et badstuebad p\u00e5 leveringsdagen. Vi legger stor vekt p\u00e5 \u00e5 oppfylle hver enkelt kundes individuelle dr\u00f8mmer om den perfekte badstuen. Derfor tilbyr vi ogs\u00e5 personlige l\u00f8sninger basert p\u00e5 dine spesifikke \u00f8nsker.  St\u00f8rrelse 200\u00d7320","og_url":"https:\/\/vikingsauna.eu\/no\/produkt\/nord-terrasse-200x320\/","og_site_name":"VikingSauna","article_publisher":"https:\/\/www.facebook.com\/people\/VikingSauna\/61567916655491\/?_rdr","article_modified_time":"2026-03-29T14:16:48+00:00","og_image":[{"width":1024,"height":1021,"url":"https:\/\/vikingsauna.eu\/wp-content\/uploads\/2024\/11\/Photoroom-20240223_140304-e1708761239408-1024x1021.png","type":"image\/png"}],"twitter_card":"summary_large_image","twitter_misc":{"Ansl. lesetid":"3 minutter"},"schema":{"@context":"https:\/\/schema.org","@graph":[{"@type":"WebPage","@id":"https:\/\/vikingsauna.eu\/no\/produkt\/nord-terrasse-200x320\/","url":"https:\/\/vikingsauna.eu\/no\/produkt\/nord-terrasse-200x320\/","name":"Nord Terrasse 200\u00d7320 - VikingSauna","isPartOf":{"@id":"https:\/\/vikingsauna.eu\/#website"},"primaryImageOfPage":{"@id":"https:\/\/vikingsauna.eu\/no\/produkt\/nord-terrasse-200x320\/#primaryimage"},"image":{"@id":"https:\/\/vikingsauna.eu\/no\/produkt\/nord-terrasse-200x320\/#primaryimage"},"thumbnailUrl":"https:\/\/vikingsauna.eu\/wp-content\/uploads\/2024\/11\/Photoroom-20240223_140304-e1708761239408.png","datePublished":"2024-11-25T12:52:52+00:00","dateModified":"2026-03-29T14:16:48+00:00","breadcrumb":{"@id":"https:\/\/vikingsauna.eu\/no\/produkt\/nord-terrasse-200x320\/#breadcrumb"},"inLanguage":"nb-NO","potentialAction":[{"@type":"ReadAction","target":["https:\/\/vikingsauna.eu\/no\/produkt\/nord-terrasse-200x320\/"]}]},{"@type":"ImageObject","inLanguage":"nb-NO","@id":"https:\/\/vikingsauna.eu\/no\/produkt\/nord-terrasse-200x320\/#primaryimage","url":"https:\/\/vikingsauna.eu\/wp-content\/uploads\/2024\/11\/Photoroom-20240223_140304-e1708761239408.png","contentUrl":"https:\/\/vikingsauna.eu\/wp-content\/uploads\/2024\/11\/Photoroom-20240223_140304-e1708761239408.png","width":2304,"height":2298},{"@type":"BreadcrumbList","@id":"https:\/\/vikingsauna.eu\/no\/produkt\/nord-terrasse-200x320\/#breadcrumb","itemListElement":[{"@type":"ListItem","position":1,"name":"Home","item":"https:\/\/vikingsauna.eu\/no\/"},{"@type":"ListItem","position":2,"name":"Pood","item":"https:\/\/vikingsauna.eu\/no\/pood\/"},{"@type":"ListItem","position":3,"name":"Nord Terrasse 200\u00d7320"}]},{"@type":"WebSite","@id":"https:\/\/vikingsauna.eu\/#website","url":"https:\/\/vikingsauna.eu\/","name":"VikingSauna","description":"","publisher":{"@id":"https:\/\/vikingsauna.eu\/#organization"},"potentialAction":[{"@type":"SearchAction","target":{"@type":"EntryPoint","urlTemplate":"https:\/\/vikingsauna.eu\/?s={search_term_string}"},"query-input":{"@type":"PropertyValueSpecification","valueRequired":true,"valueName":"search_term_string"}}],"inLanguage":"nb-NO"},{"@type":"Organization","@id":"https:\/\/vikingsauna.eu\/#organization","name":"VikingSauna","url":"https:\/\/vikingsauna.eu\/","logo":{"@type":"ImageObject","inLanguage":"nb-NO","@id":"https:\/\/vikingsauna.eu\/#\/schema\/logo\/image\/","url":"https:\/\/vikingsauna.eu\/wp-content\/uploads\/2024\/10\/2.png","contentUrl":"https:\/\/vikingsauna.eu\/wp-content\/uploads\/2024\/10\/2.png","width":500,"height":500,"caption":"VikingSauna"},"image":{"@id":"https:\/\/vikingsauna.eu\/#\/schema\/logo\/image\/"},"sameAs":["https:\/\/www.facebook.com\/people\/VikingSauna\/61567916655491\/?_rdr"]}]}},"uagb_featured_image_src":{"full":["https:\/\/vikingsauna.eu\/wp-content\/uploads\/2024\/11\/Photoroom-20240223_140304-e1708761239408.png",2304,2298,false],"thumbnail":["https:\/\/vikingsauna.eu\/wp-content\/uploads\/2024\/11\/Photoroom-20240223_140304-e1708761239408-150x150.png",150,150,true],"medium":["https:\/\/vikingsauna.eu\/wp-content\/uploads\/2024\/11\/Photoroom-20240223_140304-e1708761239408-300x300.png",300,300,true],"medium_large":["https:\/\/vikingsauna.eu\/wp-content\/uploads\/2024\/11\/Photoroom-20240223_140304-e1708761239408-768x766.png",768,766,true],"large":["https:\/\/vikingsauna.eu\/wp-content\/uploads\/2024\/11\/Photoroom-20240223_140304-e1708761239408-1024x1021.png",1024,1021,true],"1536x1536":["https:\/\/vikingsauna.eu\/wp-content\/uploads\/2024\/11\/Photoroom-20240223_140304-e1708761239408-1536x1532.png",1536,1532,true],"2048x2048":["https:\/\/vikingsauna.eu\/wp-content\/uploads\/2024\/11\/Photoroom-20240223_140304-e1708761239408-2048x2043.png",2048,2043,true],"woocommerce_thumbnail":["https:\/\/vikingsauna.eu\/wp-content\/uploads\/2024\/11\/Photoroom-20240223_140304-e1708761239408-500x375.png",500,375,true],"woocommerce_single":["https:\/\/vikingsauna.eu\/wp-content\/uploads\/2024\/11\/Photoroom-20240223_140304-e1708761239408-1200x1197.png",1200,1197,true],"woocommerce_gallery_thumbnail":["https:\/\/vikingsauna.eu\/wp-content\/uploads\/2024\/11\/Photoroom-20240223_140304-e1708761239408-100x100.png",100,100,true]},"uagb_author_info":{"display_name":"karinaloid","author_link":"https:\/\/vikingsauna.eu\/no\/author\/"},"uagb_comment_info":0,"uagb_excerpt":"En funksjonell badstue med terrasse, elegant designet for 3-5 personer, kombinerer stil og funksjonalitet. Denne badstuen leveres helt ferdig, slik at du umiddelbart kan oppleve roen og velv\u00e6ret ved et badstuebad p\u00e5 leveringsdagen. Vi legger stor vekt p\u00e5 \u00e5 oppfylle hver enkelt kundes individuelle dr\u00f8mmer om den perfekte badstuen. Derfor tilbyr vi ogs\u00e5 personlige l\u00f8sninger&hellip;","_links":{"self":[{"href":"https:\/\/vikingsauna.eu\/no\/wp-json\/wp\/v2\/product\/1977","targetHints":{"allow":["GET"]}}],"collection":[{"href":"https:\/\/vikingsauna.eu\/no\/wp-json\/wp\/v2\/product"}],"about":[{"href":"https:\/\/vikingsauna.eu\/no\/wp-json\/wp\/v2\/types\/product"}],"wp:featuredmedia":[{"embeddable":true,"href":"https:\/\/vikingsauna.eu\/no\/wp-json\/wp\/v2\/media\/1652"}],"wp:attachment":[{"href":"https:\/\/vikingsauna.eu\/no\/wp-json\/wp\/v2\/media?parent=1977"}],"wp:term":[{"taxonomy":"product_brand","embeddable":true,"href":"https:\/\/vikingsauna.eu\/no\/wp-json\/wp\/v2\/product_brand?post=1977"},{"taxonomy":"product_cat","embeddable":true,"href":"https:\/\/vikingsauna.eu\/no\/wp-json\/wp\/v2\/product_cat?post=1977"},{"taxonomy":"product_tag","embeddable":true,"href":"https:\/\/vikingsauna.eu\/no\/wp-json\/wp\/v2\/product_tag?post=1977"}],"curies":[{"name":"wp","href":"https:\/\/api.w.org\/{rel}","templated":true}]}}