{"id":3143,"date":"2026-02-02T18:48:11","date_gmt":"2026-02-02T16:48:11","guid":{"rendered":"https:\/\/vikingsauna.eu\/product\/til-salg-nord-comfort-200x200\/"},"modified":"2026-03-29T16:11:06","modified_gmt":"2026-03-29T14:11:06","slug":"til-salg-nord-comfort-200x200","status":"publish","type":"product","link":"https:\/\/vikingsauna.eu\/no\/produkt\/til-salg-nord-comfort-200x200\/","title":{"rendered":"TIL SALGS! Nord Comfort 200\u00d7200"},"content":{"rendered":"<p data-start=\"115\" data-end=\"156\"><strong data-start=\"115\" data-end=\"156\">TIL SALG &#8211; NORD COMFORT Badstue 200\u00d7200<\/strong><\/p>\n<p data-start=\"158\" data-end=\"568\">En h\u00e5ndlaget nordisk badstue bygget av massiv nordisk gran, designet med tanke p\u00e5 komfort, varme og tidl\u00f8s skandinavisk estetikk. NORD COMFORT er 200 \u00d7 200 cm stor og har et romslig og innbydende interi\u00f8r som innbyr til dyp avslapning. Det store panoramavinduet gir deg kontakt med den omkringliggende naturen, og fyller badstuen med naturlig lys og en rolig, \u00e5pen atmosf\u00e6re mens du nyter varmen.  <\/p>\n<h3 data-start=\"570\" data-end=\"588\">Spesifikasjoner<\/h3>\n<ul data-start=\"589\" data-end=\"735\">\n<li data-start=\"589\" data-end=\"619\">\n<p data-start=\"591\" data-end=\"619\">Vegger: 45 mm nordisk gran<\/p>\n<\/li>\n<li data-start=\"620\" data-end=\"662\">\n<p data-start=\"622\" data-end=\"662\">Gulv og tak: 28 mm nordisk gran<\/p>\n<\/li>\n<li data-start=\"663\" data-end=\"712\">\n<p data-start=\"665\" data-end=\"712\">Panoramavindu: 150 \u00d7 170 cm herdet glass<\/p>\n<\/li>\n<li data-start=\"713\" data-end=\"735\">\n<p data-start=\"715\" data-end=\"735\">St\u00f8rrelse: 200 \u00d7 200 cm<\/p>\n<\/li>\n<\/ul>\n<h3 data-start=\"737\" data-end=\"756\">Alternativer for oppvarming<\/h3>\n<ul data-start=\"757\" data-end=\"914\">\n<li data-start=\"757\" data-end=\"816\">\n<p data-start=\"759\" data-end=\"816\">Harvia elektrisk varmeapparat 9 kW &#8211; ekstra kostnad<\/p>\n<\/li>\n<li data-start=\"817\" data-end=\"914\">\n<p data-start=\"819\" data-end=\"914\">Harvia vedfyrt ovn M3 &#8211; ekstra kostnad <br data-start=\"874\" data-end=\"877\"><em data-start=\"879\" data-end=\"914\">Inkluderer skorstein og badstuestein<\/em><\/p>\n<\/li>\n<\/ul>\n<h3 data-start=\"916\" data-end=\"937\">Valgfrie oppgraderinger<\/h3>\n<ul data-start=\"938\" data-end=\"1050\">\n<li data-start=\"938\" data-end=\"968\">\n<p data-start=\"940\" data-end=\"968\">LED-belysning under benkene<\/p>\n<\/li>\n<li data-start=\"969\" data-end=\"990\">\n<p data-start=\"971\" data-end=\"990\">Innvendig belysning<\/p>\n<\/li>\n<li data-start=\"991\" data-end=\"1012\">\n<p data-start=\"993\" data-end=\"1012\">Utvendig belysning<\/p>\n<\/li>\n<li data-start=\"1013\" data-end=\"1050\">\n<p data-start=\"1015\" data-end=\"1050\">Utvendig og\/eller innvendig maling<\/p>\n<\/li>\n<\/ul>\n<p data-start=\"1052\" data-end=\"1167\"><em data-start=\"1052\" data-end=\"1167\">Prisene for oppgradering beregnes individuelt, slik at badstuen kan tilpasses dine preferanser og omgivelser.<\/em><\/p>\n<h3 data-start=\"1169\" data-end=\"1178\">Pris<\/h3>\n<p data-start=\"1195\" data-end=\"1383\">Spesialpriser er tilgjengelige for spesialtilpasset produksjon i henhold til dine spesifikasjoner &#8211; perfekt for \u00e5 skape en personlig, komfortabel badstueopplevelse og samtidig bevare klassisk nordisk design.<\/p>\n","protected":false},"excerpt":{"rendered":"<p data-start=\"115\" data-end=\"156\"><strong data-start=\"115\" data-end=\"156\">TIL SALG &#8211; NORD COMFORT Badstue 200\u00d7200<\/strong><\/p>\n<p data-start=\"158\" data-end=\"568\">En h\u00e5ndlaget nordisk badstue bygget av massiv nordisk gran, designet med tanke p\u00e5 komfort, varme og tidl\u00f8s skandinavisk estetikk. NORD COMFORT er 200 \u00d7 200 cm stor og har et romslig og innbydende interi\u00f8r som innbyr til dyp avslapning. Det store panoramavinduet gir deg kontakt med den omkringliggende naturen, og fyller badstuen med naturlig lys og en rolig, \u00e5pen atmosf\u00e6re mens du nyter varmen.  <\/p>\n<h3 data-start=\"570\" data-end=\"588\">Spesifikasjoner<\/h3>\n<ul data-start=\"589\" data-end=\"735\">\n<li data-start=\"589\" data-end=\"619\">\n<p data-start=\"591\" data-end=\"619\">Vegger: 45 mm nordisk gran<\/p>\n<\/li>\n<li data-start=\"620\" data-end=\"662\">\n<p data-start=\"622\" data-end=\"662\">Gulv og tak: 28 mm nordisk gran<\/p>\n<\/li>\n<li data-start=\"663\" data-end=\"712\">\n<p data-start=\"665\" data-end=\"712\">Panoramavindu: 150 \u00d7 170 cm herdet glass<\/p>\n<\/li>\n<li data-start=\"713\" data-end=\"735\">\n<p data-start=\"715\" data-end=\"735\">St\u00f8rrelse: 200 \u00d7 200 cm<\/p>\n<\/li>\n<\/ul>\n<h3 data-start=\"737\" data-end=\"756\">Alternativer for oppvarming<\/h3>\n<ul data-start=\"757\" data-end=\"914\">\n<li data-start=\"757\" data-end=\"816\">\n<p data-start=\"759\" data-end=\"816\">Harvia elektrisk varmeapparat 9 kW &#8211; ekstra kostnad<\/p>\n<\/li>\n<li data-start=\"817\" data-end=\"914\">\n<p data-start=\"819\" data-end=\"914\">Harvia vedfyrt ovn M3 &#8211; ekstra kostnad <br data-start=\"874\" data-end=\"877\"><em data-start=\"879\" data-end=\"914\">Inkluderer skorstein og badstuestein<\/em><\/p>\n<\/li>\n<\/ul>\n<h3 data-start=\"916\" data-end=\"937\">Valgfrie oppgraderinger<\/h3>\n<ul data-start=\"938\" data-end=\"1050\">\n<li data-start=\"938\" data-end=\"968\">\n<p data-start=\"940\" data-end=\"968\">LED-belysning under benkene<\/p>\n<\/li>\n<li data-start=\"969\" data-end=\"990\">\n<p data-start=\"971\" data-end=\"990\">Innvendig belysning<\/p>\n<\/li>\n<li data-start=\"991\" data-end=\"1012\">\n<p data-start=\"993\" data-end=\"1012\">Utvendig belysning<\/p>\n<\/li>\n<li data-start=\"1013\" data-end=\"1050\">\n<p data-start=\"1015\" data-end=\"1050\">Utvendig og\/eller innvendig maling<\/p>\n<\/li>\n<\/ul>\n<p data-start=\"1052\" data-end=\"1167\"><em data-start=\"1052\" data-end=\"1167\">Prisene for oppgradering beregnes individuelt, slik at badstuen kan tilpasses dine preferanser og omgivelser.<\/em><\/p>\n<h3 data-start=\"1169\" data-end=\"1178\">Pris<\/h3>\n<p data-start=\"1195\" data-end=\"1383\">Spesialpriser er tilgjengelige for spesialtilpasset produksjon i henhold til dine spesifikasjoner &#8211; perfekt for \u00e5 skape en personlig, komfortabel badstueopplevelse og samtidig bevare klassisk nordisk design.<\/p>\n","protected":false},"featured_media":3112,"template":"","meta":{"_uag_custom_page_level_css":"","site-sidebar-layout":"default","site-content-layout":"","ast-site-content-layout":"default","site-content-style":"default","site-sidebar-style":"default","ast-global-header-display":"","ast-banner-title-visibility":"","ast-main-header-display":"","ast-hfb-above-header-display":"","ast-hfb-below-header-display":"","ast-hfb-mobile-header-display":"","site-post-title":"","ast-breadcrumbs-content":"","ast-featured-img":"","footer-sml-layout":"","ast-disable-related-posts":"","theme-transparent-header-meta":"default","adv-header-id-meta":"","stick-header-meta":"","header-above-stick-meta":"","header-main-stick-meta":"","header-below-stick-meta":"","astra-migrate-meta-layouts":"default","ast-page-background-enabled":"default","ast-page-background-meta":{"desktop":{"background-color":"var(--ast-global-color-4)","background-image":"","background-repeat":"repeat","background-position":"center center","background-size":"auto","background-attachment":"scroll","background-type":"","background-media":"","overlay-type":"","overlay-color":"","overlay-opacity":"","overlay-gradient":""},"tablet":{"background-color":"","background-image":"","background-repeat":"repeat","background-position":"center center","background-size":"auto","background-attachment":"scroll","background-type":"","background-media":"","overlay-type":"","overlay-color":"","overlay-opacity":"","overlay-gradient":""},"mobile":{"background-color":"","background-image":"","background-repeat":"repeat","background-position":"center center","background-size":"auto","background-attachment":"scroll","background-type":"","background-media":"","overlay-type":"","overlay-color":"","overlay-opacity":"","overlay-gradient":""}},"ast-content-background-meta":{"desktop":{"background-color":"var(--ast-global-color-5)","background-image":"","background-repeat":"repeat","background-position":"center center","background-size":"auto","background-attachment":"scroll","background-type":"","background-media":"","overlay-type":"","overlay-color":"","overlay-opacity":"","overlay-gradient":""},"tablet":{"background-color":"var(--ast-global-color-5)","background-image":"","background-repeat":"repeat","background-position":"center center","background-size":"auto","background-attachment":"scroll","background-type":"","background-media":"","overlay-type":"","overlay-color":"","overlay-opacity":"","overlay-gradient":""},"mobile":{"background-color":"var(--ast-global-color-5)","background-image":"","background-repeat":"repeat","background-position":"center center","background-size":"auto","background-attachment":"scroll","background-type":"","background-media":"","overlay-type":"","overlay-color":"","overlay-opacity":"","overlay-gradient":""}}},"product_brand":[],"product_cat":[55,71],"product_tag":[],"class_list":{"0":"post-3143","1":"product","2":"type-product","3":"status-publish","4":"has-post-thumbnail","6":"product_cat-outlet","7":"product_cat-pf-category-norwegian","8":"desktop-align-left","9":"tablet-align-left","10":"mobile-align-left","12":"first","13":"instock","14":"sale","15":"shipping-taxable","16":"purchasable","17":"product-type-simple"},"yoast_head":"<!-- This site is optimized with the Yoast SEO plugin v27.3 - https:\/\/yoast.com\/product\/yoast-seo-wordpress\/ -->\n<title>TIL SALGS! Nord Comfort 200\u00d7200 - VikingSauna<\/title>\n<meta name=\"description\" content=\"NORD COMFORT tilbyr et romslig og innbydende interi\u00f8r som innbyr til dyp avslapning. Komfortabel badstueopplevelse samtidig som klassisk nordisk design bevares.\" \/>\n<meta name=\"robots\" content=\"index, follow, max-snippet:-1, max-image-preview:large, max-video-preview:-1\" \/>\n<link rel=\"canonical\" href=\"https:\/\/vikingsauna.eu\/no\/produkt\/til-salg-nord-comfort-200x200\/\" \/>\n<meta property=\"og:locale\" content=\"nb_NO\" \/>\n<meta property=\"og:type\" content=\"article\" \/>\n<meta property=\"og:title\" content=\"TIL SALGS! Nord Comfort 200\u00d7200 - VikingSauna\" \/>\n<meta property=\"og:description\" content=\"NORD COMFORT tilbyr et romslig og innbydende interi\u00f8r som innbyr til dyp avslapning. Komfortabel badstueopplevelse samtidig som klassisk nordisk design bevares.\" \/>\n<meta property=\"og:url\" content=\"https:\/\/vikingsauna.eu\/no\/produkt\/til-salg-nord-comfort-200x200\/\" \/>\n<meta property=\"og:site_name\" content=\"VikingSauna\" \/>\n<meta property=\"article:publisher\" content=\"https:\/\/www.facebook.com\/people\/VikingSauna\/61567916655491\/?_rdr\" \/>\n<meta property=\"article:modified_time\" content=\"2026-03-29T14:11:06+00:00\" \/>\n<meta property=\"og:image\" content=\"https:\/\/vikingsauna.eu\/wp-content\/uploads\/2026\/02\/849FDB9B-9401-4D42-8C15-BE7DC27A96D5-scaled.jpeg\" \/>\n\t<meta property=\"og:image:width\" content=\"1920\" \/>\n\t<meta property=\"og:image:height\" content=\"2560\" \/>\n\t<meta property=\"og:image:type\" content=\"image\/jpeg\" \/>\n<meta name=\"twitter:card\" content=\"summary_large_image\" \/>\n<meta name=\"twitter:label1\" content=\"Ansl. lesetid\" \/>\n\t<meta name=\"twitter:data1\" content=\"1 minutt\" \/>\n<script type=\"application\/ld+json\" class=\"yoast-schema-graph\">{\"@context\":\"https:\\\/\\\/schema.org\",\"@graph\":[{\"@type\":\"WebPage\",\"@id\":\"https:\\\/\\\/vikingsauna.eu\\\/no\\\/produkt\\\/til-salg-nord-comfort-200x200\\\/\",\"url\":\"https:\\\/\\\/vikingsauna.eu\\\/no\\\/produkt\\\/til-salg-nord-comfort-200x200\\\/\",\"name\":\"TIL SALGS! Nord Comfort 200\u00d7200 - VikingSauna\",\"isPartOf\":{\"@id\":\"https:\\\/\\\/vikingsauna.eu\\\/#website\"},\"primaryImageOfPage\":{\"@id\":\"https:\\\/\\\/vikingsauna.eu\\\/no\\\/produkt\\\/til-salg-nord-comfort-200x200\\\/#primaryimage\"},\"image\":{\"@id\":\"https:\\\/\\\/vikingsauna.eu\\\/no\\\/produkt\\\/til-salg-nord-comfort-200x200\\\/#primaryimage\"},\"thumbnailUrl\":\"https:\\\/\\\/vikingsauna.eu\\\/wp-content\\\/uploads\\\/2026\\\/02\\\/849FDB9B-9401-4D42-8C15-BE7DC27A96D5-scaled.jpeg\",\"datePublished\":\"2026-02-02T16:48:11+00:00\",\"dateModified\":\"2026-03-29T14:11:06+00:00\",\"description\":\"NORD COMFORT tilbyr et romslig og innbydende interi\u00f8r som innbyr til dyp avslapning. Komfortabel badstueopplevelse samtidig som klassisk nordisk design bevares.\",\"breadcrumb\":{\"@id\":\"https:\\\/\\\/vikingsauna.eu\\\/no\\\/produkt\\\/til-salg-nord-comfort-200x200\\\/#breadcrumb\"},\"inLanguage\":\"nb-NO\",\"potentialAction\":[{\"@type\":\"ReadAction\",\"target\":[\"https:\\\/\\\/vikingsauna.eu\\\/no\\\/produkt\\\/til-salg-nord-comfort-200x200\\\/\"]}]},{\"@type\":\"ImageObject\",\"inLanguage\":\"nb-NO\",\"@id\":\"https:\\\/\\\/vikingsauna.eu\\\/no\\\/produkt\\\/til-salg-nord-comfort-200x200\\\/#primaryimage\",\"url\":\"https:\\\/\\\/vikingsauna.eu\\\/wp-content\\\/uploads\\\/2026\\\/02\\\/849FDB9B-9401-4D42-8C15-BE7DC27A96D5-scaled.jpeg\",\"contentUrl\":\"https:\\\/\\\/vikingsauna.eu\\\/wp-content\\\/uploads\\\/2026\\\/02\\\/849FDB9B-9401-4D42-8C15-BE7DC27A96D5-scaled.jpeg\",\"width\":1920,\"height\":2560},{\"@type\":\"BreadcrumbList\",\"@id\":\"https:\\\/\\\/vikingsauna.eu\\\/no\\\/produkt\\\/til-salg-nord-comfort-200x200\\\/#breadcrumb\",\"itemListElement\":[{\"@type\":\"ListItem\",\"position\":1,\"name\":\"Home\",\"item\":\"https:\\\/\\\/vikingsauna.eu\\\/no\\\/\"},{\"@type\":\"ListItem\",\"position\":2,\"name\":\"Pood\",\"item\":\"https:\\\/\\\/vikingsauna.eu\\\/no\\\/pood\\\/\"},{\"@type\":\"ListItem\",\"position\":3,\"name\":\"TIL SALGS! Nord Comfort 200\u00d7200\"}]},{\"@type\":\"WebSite\",\"@id\":\"https:\\\/\\\/vikingsauna.eu\\\/#website\",\"url\":\"https:\\\/\\\/vikingsauna.eu\\\/\",\"name\":\"VikingSauna\",\"description\":\"\",\"publisher\":{\"@id\":\"https:\\\/\\\/vikingsauna.eu\\\/#organization\"},\"potentialAction\":[{\"@type\":\"SearchAction\",\"target\":{\"@type\":\"EntryPoint\",\"urlTemplate\":\"https:\\\/\\\/vikingsauna.eu\\\/?s={search_term_string}\"},\"query-input\":{\"@type\":\"PropertyValueSpecification\",\"valueRequired\":true,\"valueName\":\"search_term_string\"}}],\"inLanguage\":\"nb-NO\"},{\"@type\":\"Organization\",\"@id\":\"https:\\\/\\\/vikingsauna.eu\\\/#organization\",\"name\":\"VikingSauna\",\"url\":\"https:\\\/\\\/vikingsauna.eu\\\/\",\"logo\":{\"@type\":\"ImageObject\",\"inLanguage\":\"nb-NO\",\"@id\":\"https:\\\/\\\/vikingsauna.eu\\\/#\\\/schema\\\/logo\\\/image\\\/\",\"url\":\"https:\\\/\\\/vikingsauna.eu\\\/wp-content\\\/uploads\\\/2024\\\/10\\\/2.png\",\"contentUrl\":\"https:\\\/\\\/vikingsauna.eu\\\/wp-content\\\/uploads\\\/2024\\\/10\\\/2.png\",\"width\":500,\"height\":500,\"caption\":\"VikingSauna\"},\"image\":{\"@id\":\"https:\\\/\\\/vikingsauna.eu\\\/#\\\/schema\\\/logo\\\/image\\\/\"},\"sameAs\":[\"https:\\\/\\\/www.facebook.com\\\/people\\\/VikingSauna\\\/61567916655491\\\/?_rdr\"]}]}<\/script>\n<!-- \/ Yoast SEO plugin. -->","yoast_head_json":{"title":"TIL SALGS! Nord Comfort 200\u00d7200 - VikingSauna","description":"NORD COMFORT tilbyr et romslig og innbydende interi\u00f8r som innbyr til dyp avslapning. Komfortabel badstueopplevelse samtidig som klassisk nordisk design bevares.","robots":{"index":"index","follow":"follow","max-snippet":"max-snippet:-1","max-image-preview":"max-image-preview:large","max-video-preview":"max-video-preview:-1"},"canonical":"https:\/\/vikingsauna.eu\/no\/produkt\/til-salg-nord-comfort-200x200\/","og_locale":"nb_NO","og_type":"article","og_title":"TIL SALGS! Nord Comfort 200\u00d7200 - VikingSauna","og_description":"NORD COMFORT tilbyr et romslig og innbydende interi\u00f8r som innbyr til dyp avslapning. Komfortabel badstueopplevelse samtidig som klassisk nordisk design bevares.","og_url":"https:\/\/vikingsauna.eu\/no\/produkt\/til-salg-nord-comfort-200x200\/","og_site_name":"VikingSauna","article_publisher":"https:\/\/www.facebook.com\/people\/VikingSauna\/61567916655491\/?_rdr","article_modified_time":"2026-03-29T14:11:06+00:00","og_image":[{"width":1920,"height":2560,"url":"https:\/\/vikingsauna.eu\/wp-content\/uploads\/2026\/02\/849FDB9B-9401-4D42-8C15-BE7DC27A96D5-scaled.jpeg","type":"image\/jpeg"}],"twitter_card":"summary_large_image","twitter_misc":{"Ansl. lesetid":"1 minutt"},"schema":{"@context":"https:\/\/schema.org","@graph":[{"@type":"WebPage","@id":"https:\/\/vikingsauna.eu\/no\/produkt\/til-salg-nord-comfort-200x200\/","url":"https:\/\/vikingsauna.eu\/no\/produkt\/til-salg-nord-comfort-200x200\/","name":"TIL SALGS! Nord Comfort 200\u00d7200 - VikingSauna","isPartOf":{"@id":"https:\/\/vikingsauna.eu\/#website"},"primaryImageOfPage":{"@id":"https:\/\/vikingsauna.eu\/no\/produkt\/til-salg-nord-comfort-200x200\/#primaryimage"},"image":{"@id":"https:\/\/vikingsauna.eu\/no\/produkt\/til-salg-nord-comfort-200x200\/#primaryimage"},"thumbnailUrl":"https:\/\/vikingsauna.eu\/wp-content\/uploads\/2026\/02\/849FDB9B-9401-4D42-8C15-BE7DC27A96D5-scaled.jpeg","datePublished":"2026-02-02T16:48:11+00:00","dateModified":"2026-03-29T14:11:06+00:00","description":"NORD COMFORT tilbyr et romslig og innbydende interi\u00f8r som innbyr til dyp avslapning. Komfortabel badstueopplevelse samtidig som klassisk nordisk design bevares.","breadcrumb":{"@id":"https:\/\/vikingsauna.eu\/no\/produkt\/til-salg-nord-comfort-200x200\/#breadcrumb"},"inLanguage":"nb-NO","potentialAction":[{"@type":"ReadAction","target":["https:\/\/vikingsauna.eu\/no\/produkt\/til-salg-nord-comfort-200x200\/"]}]},{"@type":"ImageObject","inLanguage":"nb-NO","@id":"https:\/\/vikingsauna.eu\/no\/produkt\/til-salg-nord-comfort-200x200\/#primaryimage","url":"https:\/\/vikingsauna.eu\/wp-content\/uploads\/2026\/02\/849FDB9B-9401-4D42-8C15-BE7DC27A96D5-scaled.jpeg","contentUrl":"https:\/\/vikingsauna.eu\/wp-content\/uploads\/2026\/02\/849FDB9B-9401-4D42-8C15-BE7DC27A96D5-scaled.jpeg","width":1920,"height":2560},{"@type":"BreadcrumbList","@id":"https:\/\/vikingsauna.eu\/no\/produkt\/til-salg-nord-comfort-200x200\/#breadcrumb","itemListElement":[{"@type":"ListItem","position":1,"name":"Home","item":"https:\/\/vikingsauna.eu\/no\/"},{"@type":"ListItem","position":2,"name":"Pood","item":"https:\/\/vikingsauna.eu\/no\/pood\/"},{"@type":"ListItem","position":3,"name":"TIL SALGS! Nord Comfort 200\u00d7200"}]},{"@type":"WebSite","@id":"https:\/\/vikingsauna.eu\/#website","url":"https:\/\/vikingsauna.eu\/","name":"VikingSauna","description":"","publisher":{"@id":"https:\/\/vikingsauna.eu\/#organization"},"potentialAction":[{"@type":"SearchAction","target":{"@type":"EntryPoint","urlTemplate":"https:\/\/vikingsauna.eu\/?s={search_term_string}"},"query-input":{"@type":"PropertyValueSpecification","valueRequired":true,"valueName":"search_term_string"}}],"inLanguage":"nb-NO"},{"@type":"Organization","@id":"https:\/\/vikingsauna.eu\/#organization","name":"VikingSauna","url":"https:\/\/vikingsauna.eu\/","logo":{"@type":"ImageObject","inLanguage":"nb-NO","@id":"https:\/\/vikingsauna.eu\/#\/schema\/logo\/image\/","url":"https:\/\/vikingsauna.eu\/wp-content\/uploads\/2024\/10\/2.png","contentUrl":"https:\/\/vikingsauna.eu\/wp-content\/uploads\/2024\/10\/2.png","width":500,"height":500,"caption":"VikingSauna"},"image":{"@id":"https:\/\/vikingsauna.eu\/#\/schema\/logo\/image\/"},"sameAs":["https:\/\/www.facebook.com\/people\/VikingSauna\/61567916655491\/?_rdr"]}]}},"uagb_featured_image_src":{"full":["https:\/\/vikingsauna.eu\/wp-content\/uploads\/2026\/02\/849FDB9B-9401-4D42-8C15-BE7DC27A96D5-scaled.jpeg",1920,2560,false],"thumbnail":["https:\/\/vikingsauna.eu\/wp-content\/uploads\/2026\/02\/849FDB9B-9401-4D42-8C15-BE7DC27A96D5-150x150.jpeg",150,150,true],"medium":["https:\/\/vikingsauna.eu\/wp-content\/uploads\/2026\/02\/849FDB9B-9401-4D42-8C15-BE7DC27A96D5-225x300.jpeg",225,300,true],"medium_large":["https:\/\/vikingsauna.eu\/wp-content\/uploads\/2026\/02\/849FDB9B-9401-4D42-8C15-BE7DC27A96D5-768x1024.jpeg",768,1024,true],"large":["https:\/\/vikingsauna.eu\/wp-content\/uploads\/2026\/02\/849FDB9B-9401-4D42-8C15-BE7DC27A96D5-768x1024.jpeg",768,1024,true],"1536x1536":["https:\/\/vikingsauna.eu\/wp-content\/uploads\/2026\/02\/849FDB9B-9401-4D42-8C15-BE7DC27A96D5-1152x1536.jpeg",1152,1536,true],"2048x2048":["https:\/\/vikingsauna.eu\/wp-content\/uploads\/2026\/02\/849FDB9B-9401-4D42-8C15-BE7DC27A96D5-1536x2048.jpeg",1536,2048,true],"woocommerce_thumbnail":["https:\/\/vikingsauna.eu\/wp-content\/uploads\/2026\/02\/849FDB9B-9401-4D42-8C15-BE7DC27A96D5-500x375.jpeg",500,375,true],"woocommerce_single":["https:\/\/vikingsauna.eu\/wp-content\/uploads\/2026\/02\/849FDB9B-9401-4D42-8C15-BE7DC27A96D5-1200x1600.jpeg",1200,1600,true],"woocommerce_gallery_thumbnail":["https:\/\/vikingsauna.eu\/wp-content\/uploads\/2026\/02\/849FDB9B-9401-4D42-8C15-BE7DC27A96D5-100x100.jpeg",100,100,true]},"uagb_author_info":{"display_name":"Britta Bergmann","author_link":"https:\/\/vikingsauna.eu\/no\/author\/"},"uagb_comment_info":0,"uagb_excerpt":"TIL SALG - NORD COMFORT Badstue 200\u00d7200 En h\u00e5ndlaget nordisk badstue bygget av massiv nordisk gran, designet med tanke p\u00e5 komfort, varme og tidl\u00f8s skandinavisk estetikk. NORD COMFORT er 200 \u00d7 200 cm stor og har et romslig og innbydende interi\u00f8r som innbyr til dyp avslapning. Det store panoramavinduet gir deg kontakt med den omkringliggende&hellip;","_links":{"self":[{"href":"https:\/\/vikingsauna.eu\/no\/wp-json\/wp\/v2\/product\/3143","targetHints":{"allow":["GET"]}}],"collection":[{"href":"https:\/\/vikingsauna.eu\/no\/wp-json\/wp\/v2\/product"}],"about":[{"href":"https:\/\/vikingsauna.eu\/no\/wp-json\/wp\/v2\/types\/product"}],"wp:featuredmedia":[{"embeddable":true,"href":"https:\/\/vikingsauna.eu\/no\/wp-json\/wp\/v2\/media\/3112"}],"wp:attachment":[{"href":"https:\/\/vikingsauna.eu\/no\/wp-json\/wp\/v2\/media?parent=3143"}],"wp:term":[{"taxonomy":"product_brand","embeddable":true,"href":"https:\/\/vikingsauna.eu\/no\/wp-json\/wp\/v2\/product_brand?post=3143"},{"taxonomy":"product_cat","embeddable":true,"href":"https:\/\/vikingsauna.eu\/no\/wp-json\/wp\/v2\/product_cat?post=3143"},{"taxonomy":"product_tag","embeddable":true,"href":"https:\/\/vikingsauna.eu\/no\/wp-json\/wp\/v2\/product_tag?post=3143"}],"curies":[{"name":"wp","href":"https:\/\/api.w.org\/{rel}","templated":true}]}}