{"id":3146,"date":"2026-02-02T18:41:44","date_gmt":"2026-02-02T16:41:44","guid":{"rendered":"https:\/\/vikingsauna.eu\/product\/til-salgs-nord-qbe-200x200\/"},"modified":"2026-03-29T16:13:30","modified_gmt":"2026-03-29T14:13:30","slug":"til-salgs-nord-qbe-200x200","status":"publish","type":"product","link":"https:\/\/vikingsauna.eu\/no\/produkt\/til-salgs-nord-qbe-200x200\/","title":{"rendered":"TIL SALGS! Nord QBE 200&#215;200"},"content":{"rendered":"<p data-start=\"107\" data-end=\"144\"><strong data-start=\"107\" data-end=\"144\">TIL SALG &#8211; NORD QBE Sauna 200\u00d7200<\/strong><\/p>\n<p data-start=\"146\" data-end=\"599\">En kubisk, h\u00e5ndlaget nordisk badstue bygget av massiv nordisk gran &#8211; ren, moderne design uten at det g\u00e5r p\u00e5 bekostning av den autentiske badstueopplevelsen. Med sine 200 \u00d7 200 cm tilbyr NORD QBE sjener\u00f8s plass og en sterk arkitektonisk tilstedev\u00e6relse som passer s\u00f8ml\u00f8st inn i den nordiske naturen og minimalistiske omgivelser. Det store panoramavinduet \u00e5pner rommet mot omgivelsene, slik at det naturlige lyset kan samhandle med treverket mens du slapper av i varmen.  <\/p>\n<h3 data-start=\"601\" data-end=\"619\">Spesifikasjoner<\/h3>\n<ul data-start=\"620\" data-end=\"766\">\n<li data-start=\"620\" data-end=\"650\">\n<p data-start=\"622\" data-end=\"650\">Vegger: 45 mm nordisk gran<\/p>\n<\/li>\n<li data-start=\"651\" data-end=\"693\">\n<p data-start=\"653\" data-end=\"693\">Gulv og tak: 28 mm nordisk gran<\/p>\n<\/li>\n<li data-start=\"694\" data-end=\"743\">\n<p data-start=\"696\" data-end=\"743\">Panoramavindu: 150 \u00d7 170 cm herdet glass<\/p>\n<\/li>\n<li data-start=\"744\" data-end=\"766\">\n<p data-start=\"746\" data-end=\"766\">St\u00f8rrelse: 200 \u00d7 200 cm<\/p>\n<\/li>\n<\/ul>\n<h3 data-start=\"768\" data-end=\"787\">Alternativer for oppvarming<\/h3>\n<ul data-start=\"788\" data-end=\"945\">\n<li data-start=\"788\" data-end=\"847\">\n<p data-start=\"790\" data-end=\"847\">Harvia elektrisk varmeapparat 9 kW &#8211; ekstra kostnad<\/p>\n<\/li>\n<li data-start=\"848\" data-end=\"945\">\n<p data-start=\"850\" data-end=\"945\">Harvia vedfyrt ovn M3 &#8211; ekstra kostnad <br data-start=\"905\" data-end=\"908\"><em data-start=\"910\" data-end=\"945\">Inkluderer skorstein og badstuestein<\/em><\/p>\n<\/li>\n<\/ul>\n<h3 data-start=\"947\" data-end=\"968\">Valgfrie oppgraderinger<\/h3>\n<ul data-start=\"969\" data-end=\"1081\">\n<li data-start=\"969\" data-end=\"999\">\n<p data-start=\"971\" data-end=\"999\">LED-belysning under benkene<\/p>\n<\/li>\n<li data-start=\"1000\" data-end=\"1021\">\n<p data-start=\"1002\" data-end=\"1021\">Innvendig belysning<\/p>\n<\/li>\n<li data-start=\"1022\" data-end=\"1043\">\n<p data-start=\"1024\" data-end=\"1043\">Utvendig belysning<\/p>\n<\/li>\n<li data-start=\"1044\" data-end=\"1081\">\n<p data-start=\"1046\" data-end=\"1081\">Utvendig og\/eller innvendig maling<\/p>\n<\/li>\n<\/ul>\n<p data-start=\"1083\" data-end=\"1204\"><em data-start=\"1083\" data-end=\"1204\">Prisene for oppgraderinger beregnes individuelt, slik at badstuen kan skreddersys til din spesifikke stil og beliggenhet.<\/em><\/p>\n<h3 data-start=\"1206\" data-end=\"1215\">Pris<\/h3>\n<p data-start=\"1216\" data-end=\"1230\"><strong data-start=\"1216\" data-end=\"1230\">39 000 SVENSKE KRONER<\/strong><\/p>\n<p data-start=\"1232\" data-end=\"1399\">Spesialpriser er tilgjengelig for spesialtilpasset produksjon i henhold til dine spesifikasjoner &#8211; ideelt hvis du \u00f8nsker \u00e5 finjustere detaljer samtidig som du \u00f8nsker \u00e5 opprettholde en ren, nordisk design.<\/p>\n","protected":false},"excerpt":{"rendered":"<p data-start=\"107\" data-end=\"144\"><strong data-start=\"107\" data-end=\"144\">TIL SALG &#8211; NORD QBE Sauna 200\u00d7200<\/strong><\/p>\n<p data-start=\"146\" data-end=\"599\">En kubisk, h\u00e5ndlaget nordisk badstue bygget av massiv nordisk gran &#8211; ren, moderne design uten at det g\u00e5r p\u00e5 bekostning av den autentiske badstueopplevelsen. Med sine 200 \u00d7 200 cm tilbyr NORD QBE sjener\u00f8s plass og en sterk arkitektonisk tilstedev\u00e6relse som passer s\u00f8ml\u00f8st inn i den nordiske naturen og minimalistiske omgivelser. Det store panoramavinduet \u00e5pner rommet mot omgivelsene, slik at det naturlige lyset kan samhandle med treverket mens du slapper av i varmen.  <\/p>\n<h3 data-start=\"601\" data-end=\"619\">Spesifikasjoner<\/h3>\n<ul data-start=\"620\" data-end=\"766\">\n<li data-start=\"620\" data-end=\"650\">\n<p data-start=\"622\" data-end=\"650\">Vegger: 45 mm nordisk gran<\/p>\n<\/li>\n<li data-start=\"651\" data-end=\"693\">\n<p data-start=\"653\" data-end=\"693\">Gulv og tak: 28 mm nordisk gran<\/p>\n<\/li>\n<li data-start=\"694\" data-end=\"743\">\n<p data-start=\"696\" data-end=\"743\">Panoramavindu: 150 \u00d7 170 cm herdet glass<\/p>\n<\/li>\n<li data-start=\"744\" data-end=\"766\">\n<p data-start=\"746\" data-end=\"766\">St\u00f8rrelse: 200 \u00d7 200 cm<\/p>\n<\/li>\n<\/ul>\n<h3 data-start=\"768\" data-end=\"787\">Alternativer for oppvarming<\/h3>\n<ul data-start=\"788\" data-end=\"945\">\n<li data-start=\"788\" data-end=\"847\">\n<p data-start=\"790\" data-end=\"847\">Harvia elektrisk varmeapparat 9 kW &#8211; ekstra kostnad SEK 3 600<\/p>\n<\/li>\n<li data-start=\"848\" data-end=\"945\">\n<p data-start=\"850\" data-end=\"945\">Harvia vedfyrt ovn M3 &#8211; ekstra kostnad SEK 5 810<br data-start=\"905\" data-end=\"908\"><em data-start=\"910\" data-end=\"945\">Inkluderer skorstein og badstuestein<\/em><\/p>\n<\/li>\n<\/ul>\n<h3 data-start=\"947\" data-end=\"968\">Valgfrie oppgraderinger<\/h3>\n<ul data-start=\"969\" data-end=\"1081\">\n<li data-start=\"969\" data-end=\"999\">\n<p data-start=\"971\" data-end=\"999\">LED-belysning under benkene<\/p>\n<\/li>\n<li data-start=\"1000\" data-end=\"1021\">\n<p data-start=\"1002\" data-end=\"1021\">Innvendig belysning<\/p>\n<\/li>\n<li data-start=\"1022\" data-end=\"1043\">\n<p data-start=\"1024\" data-end=\"1043\">Utvendig belysning<\/p>\n<\/li>\n<li data-start=\"1044\" data-end=\"1081\">\n<p data-start=\"1046\" data-end=\"1081\">Utvendig og\/eller innvendig maling<\/p>\n<\/li>\n<\/ul>\n<p data-start=\"1083\" data-end=\"1204\"><em data-start=\"1083\" data-end=\"1204\">Prisene for oppgraderinger beregnes individuelt, slik at badstuen kan skreddersys til din spesifikke stil og beliggenhet.<\/em><\/p>\n<p data-start=\"107\" data-end=\"144\"><strong data-start=\"107\" data-end=\"144\">TIL SALG &#8211; NORD QBE Sauna 200\u00d7200<\/strong><\/p>\n<p data-start=\"146\" data-end=\"599\">En kubisk, h\u00e5ndlaget nordisk badstue bygget av massiv nordisk gran &#8211; ren, moderne design uten at det g\u00e5r p\u00e5 bekostning av den autentiske badstueopplevelsen. Med sine 200 \u00d7 200 cm tilbyr NORD QBE sjener\u00f8s plass og en sterk arkitektonisk tilstedev\u00e6relse som passer s\u00f8ml\u00f8st inn i den nordiske naturen og minimalistiske omgivelser. Det store panoramavinduet \u00e5pner rommet mot omgivelsene, slik at det naturlige lyset kan samhandle med treverket mens du slapper av i varmen.  <\/p>\n<h3 data-start=\"601\" data-end=\"619\">Spesifikasjoner<\/h3>\n<ul data-start=\"620\" data-end=\"766\">\n<li data-start=\"620\" data-end=\"650\">\n<p data-start=\"622\" data-end=\"650\">Vegger: 45 mm nordisk gran<\/p>\n<\/li>\n<li data-start=\"651\" data-end=\"693\">\n<p data-start=\"653\" data-end=\"693\">Gulv og tak: 28 mm nordisk gran<\/p>\n<\/li>\n<li data-start=\"694\" data-end=\"743\">\n<p data-start=\"696\" data-end=\"743\">Panoramavindu: 150 \u00d7 170 cm herdet glass<\/p>\n<\/li>\n<li data-start=\"744\" data-end=\"766\">\n<p data-start=\"746\" data-end=\"766\">St\u00f8rrelse: 200 \u00d7 200 cm<\/p>\n<\/li>\n<\/ul>\n<h3 data-start=\"768\" data-end=\"787\">Alternativer for oppvarming<\/h3>\n<ul data-start=\"788\" data-end=\"945\">\n<li data-start=\"788\" data-end=\"847\">\n<p data-start=\"790\" data-end=\"847\">Harvia elektrisk varmeapparat 9 kW &#8211; ekstra kostnad SEK 3 600<\/p>\n<\/li>\n<li data-start=\"848\" data-end=\"945\">\n<p data-start=\"850\" data-end=\"945\">Harvia vedfyrt ovn M3 &#8211; ekstra kostnad SEK 5 810<br data-start=\"905\" data-end=\"908\"><em data-start=\"910\" data-end=\"945\">Inkluderer skorstein og badstuestein<\/em><\/p>\n<\/li>\n<\/ul>\n<h3 data-start=\"947\" data-end=\"968\">Valgfrie oppgraderinger<\/h3>\n<ul data-start=\"969\" data-end=\"1081\">\n<li data-start=\"969\" data-end=\"999\">\n<p data-start=\"971\" data-end=\"999\">LED-belysning under benkene<\/p>\n<\/li>\n<li data-start=\"1000\" data-end=\"1021\">\n<p data-start=\"1002\" data-end=\"1021\">Innvendig belysning<\/p>\n<\/li>\n<li data-start=\"1022\" data-end=\"1043\">\n<p data-start=\"1024\" data-end=\"1043\">Utvendig belysning<\/p>\n<\/li>\n<li data-start=\"1044\" data-end=\"1081\">\n<p data-start=\"1046\" data-end=\"1081\">Utvendig og\/eller innvendig maling<\/p>\n<\/li>\n<\/ul>\n<p data-start=\"1083\" data-end=\"1204\"><em data-start=\"1083\" data-end=\"1204\">Prisene for oppgraderinger beregnes individuelt, slik at badstuen kan skreddersys til din spesifikke stil og beliggenhet.<\/em><\/p>\n<h3 data-start=\"1206\" data-end=\"1215\">Pris<\/h3>\n<p data-start=\"1232\" data-end=\"1399\">Spesialpriser er tilgjengelig for spesialtilpasset produksjon i henhold til dine spesifikasjoner &#8211; ideelt hvis du \u00f8nsker \u00e5 finjustere detaljer samtidig som du \u00f8nsker \u00e5 opprettholde en ren, nordisk design.<\/p>\n","protected":false},"featured_media":3067,"template":"","meta":{"_uag_custom_page_level_css":"","site-sidebar-layout":"default","site-content-layout":"","ast-site-content-layout":"default","site-content-style":"default","site-sidebar-style":"default","ast-global-header-display":"","ast-banner-title-visibility":"","ast-main-header-display":"","ast-hfb-above-header-display":"","ast-hfb-below-header-display":"","ast-hfb-mobile-header-display":"","site-post-title":"","ast-breadcrumbs-content":"","ast-featured-img":"","footer-sml-layout":"","ast-disable-related-posts":"","theme-transparent-header-meta":"default","adv-header-id-meta":"","stick-header-meta":"","header-above-stick-meta":"","header-main-stick-meta":"","header-below-stick-meta":"","astra-migrate-meta-layouts":"default","ast-page-background-enabled":"default","ast-page-background-meta":{"desktop":{"background-color":"var(--ast-global-color-4)","background-image":"","background-repeat":"repeat","background-position":"center center","background-size":"auto","background-attachment":"scroll","background-type":"","background-media":"","overlay-type":"","overlay-color":"","overlay-opacity":"","overlay-gradient":""},"tablet":{"background-color":"","background-image":"","background-repeat":"repeat","background-position":"center center","background-size":"auto","background-attachment":"scroll","background-type":"","background-media":"","overlay-type":"","overlay-color":"","overlay-opacity":"","overlay-gradient":""},"mobile":{"background-color":"","background-image":"","background-repeat":"repeat","background-position":"center center","background-size":"auto","background-attachment":"scroll","background-type":"","background-media":"","overlay-type":"","overlay-color":"","overlay-opacity":"","overlay-gradient":""}},"ast-content-background-meta":{"desktop":{"background-color":"var(--ast-global-color-5)","background-image":"","background-repeat":"repeat","background-position":"center center","background-size":"auto","background-attachment":"scroll","background-type":"","background-media":"","overlay-type":"","overlay-color":"","overlay-opacity":"","overlay-gradient":""},"tablet":{"background-color":"var(--ast-global-color-5)","background-image":"","background-repeat":"repeat","background-position":"center center","background-size":"auto","background-attachment":"scroll","background-type":"","background-media":"","overlay-type":"","overlay-color":"","overlay-opacity":"","overlay-gradient":""},"mobile":{"background-color":"var(--ast-global-color-5)","background-image":"","background-repeat":"repeat","background-position":"center center","background-size":"auto","background-attachment":"scroll","background-type":"","background-media":"","overlay-type":"","overlay-color":"","overlay-opacity":"","overlay-gradient":""}}},"product_brand":[],"product_cat":[55,71],"product_tag":[],"class_list":{"0":"post-3146","1":"product","2":"type-product","3":"status-publish","4":"has-post-thumbnail","6":"product_cat-outlet","7":"product_cat-pf-category-norwegian","8":"desktop-align-left","9":"tablet-align-left","10":"mobile-align-left","12":"first","13":"instock","14":"sale","15":"shipping-taxable","16":"purchasable","17":"product-type-simple"},"yoast_head":"<!-- This site is optimized with the Yoast SEO plugin v27.3 - https:\/\/yoast.com\/product\/yoast-seo-wordpress\/ -->\n<title>TIL SALGS! Nord QBE 200x200 - VikingSauna<\/title>\n<meta name=\"description\" content=\"NORD QBE tilbyr sjener\u00f8s plass og en sterk arkitektonisk tilstedev\u00e6relse som passer s\u00f8ml\u00f8st inn i nordisk natur og minimalistiske omgivelser.\" \/>\n<meta name=\"robots\" content=\"index, follow, max-snippet:-1, max-image-preview:large, max-video-preview:-1\" \/>\n<link rel=\"canonical\" href=\"https:\/\/vikingsauna.eu\/no\/produkt\/til-salgs-nord-qbe-200x200\/\" \/>\n<meta property=\"og:locale\" content=\"nb_NO\" \/>\n<meta property=\"og:type\" content=\"article\" \/>\n<meta property=\"og:title\" content=\"TIL SALGS! Nord QBE 200x200 - VikingSauna\" \/>\n<meta property=\"og:description\" content=\"NORD QBE tilbyr sjener\u00f8s plass og en sterk arkitektonisk tilstedev\u00e6relse som passer s\u00f8ml\u00f8st inn i nordisk natur og minimalistiske omgivelser.\" \/>\n<meta property=\"og:url\" content=\"https:\/\/vikingsauna.eu\/no\/produkt\/til-salgs-nord-qbe-200x200\/\" \/>\n<meta property=\"og:site_name\" content=\"VikingSauna\" \/>\n<meta property=\"article:publisher\" content=\"https:\/\/www.facebook.com\/people\/VikingSauna\/61567916655491\/?_rdr\" \/>\n<meta property=\"article:modified_time\" content=\"2026-03-29T14:13:30+00:00\" \/>\n<meta property=\"og:image\" content=\"https:\/\/vikingsauna.eu\/wp-content\/uploads\/2026\/02\/702AFBA7-439A-4B11-97E2-622E34BDF89F-scaled.jpeg\" \/>\n\t<meta property=\"og:image:width\" content=\"1920\" \/>\n\t<meta property=\"og:image:height\" content=\"2560\" \/>\n\t<meta property=\"og:image:type\" content=\"image\/jpeg\" \/>\n<meta name=\"twitter:card\" content=\"summary_large_image\" \/>\n<meta name=\"twitter:label1\" content=\"Ansl. lesetid\" \/>\n\t<meta name=\"twitter:data1\" content=\"1 minutt\" \/>\n<script type=\"application\/ld+json\" class=\"yoast-schema-graph\">{\"@context\":\"https:\\\/\\\/schema.org\",\"@graph\":[{\"@type\":\"WebPage\",\"@id\":\"https:\\\/\\\/vikingsauna.eu\\\/no\\\/produkt\\\/til-salgs-nord-qbe-200x200\\\/\",\"url\":\"https:\\\/\\\/vikingsauna.eu\\\/no\\\/produkt\\\/til-salgs-nord-qbe-200x200\\\/\",\"name\":\"TIL SALGS! Nord QBE 200x200 - VikingSauna\",\"isPartOf\":{\"@id\":\"https:\\\/\\\/vikingsauna.eu\\\/#website\"},\"primaryImageOfPage\":{\"@id\":\"https:\\\/\\\/vikingsauna.eu\\\/no\\\/produkt\\\/til-salgs-nord-qbe-200x200\\\/#primaryimage\"},\"image\":{\"@id\":\"https:\\\/\\\/vikingsauna.eu\\\/no\\\/produkt\\\/til-salgs-nord-qbe-200x200\\\/#primaryimage\"},\"thumbnailUrl\":\"https:\\\/\\\/vikingsauna.eu\\\/wp-content\\\/uploads\\\/2026\\\/02\\\/702AFBA7-439A-4B11-97E2-622E34BDF89F-scaled.jpeg\",\"datePublished\":\"2026-02-02T16:41:44+00:00\",\"dateModified\":\"2026-03-29T14:13:30+00:00\",\"description\":\"NORD QBE tilbyr sjener\u00f8s plass og en sterk arkitektonisk tilstedev\u00e6relse som passer s\u00f8ml\u00f8st inn i nordisk natur og minimalistiske omgivelser.\",\"breadcrumb\":{\"@id\":\"https:\\\/\\\/vikingsauna.eu\\\/no\\\/produkt\\\/til-salgs-nord-qbe-200x200\\\/#breadcrumb\"},\"inLanguage\":\"nb-NO\",\"potentialAction\":[{\"@type\":\"ReadAction\",\"target\":[\"https:\\\/\\\/vikingsauna.eu\\\/no\\\/produkt\\\/til-salgs-nord-qbe-200x200\\\/\"]}]},{\"@type\":\"ImageObject\",\"inLanguage\":\"nb-NO\",\"@id\":\"https:\\\/\\\/vikingsauna.eu\\\/no\\\/produkt\\\/til-salgs-nord-qbe-200x200\\\/#primaryimage\",\"url\":\"https:\\\/\\\/vikingsauna.eu\\\/wp-content\\\/uploads\\\/2026\\\/02\\\/702AFBA7-439A-4B11-97E2-622E34BDF89F-scaled.jpeg\",\"contentUrl\":\"https:\\\/\\\/vikingsauna.eu\\\/wp-content\\\/uploads\\\/2026\\\/02\\\/702AFBA7-439A-4B11-97E2-622E34BDF89F-scaled.jpeg\",\"width\":1920,\"height\":2560},{\"@type\":\"BreadcrumbList\",\"@id\":\"https:\\\/\\\/vikingsauna.eu\\\/no\\\/produkt\\\/til-salgs-nord-qbe-200x200\\\/#breadcrumb\",\"itemListElement\":[{\"@type\":\"ListItem\",\"position\":1,\"name\":\"Home\",\"item\":\"https:\\\/\\\/vikingsauna.eu\\\/no\\\/\"},{\"@type\":\"ListItem\",\"position\":2,\"name\":\"Pood\",\"item\":\"https:\\\/\\\/vikingsauna.eu\\\/no\\\/pood\\\/\"},{\"@type\":\"ListItem\",\"position\":3,\"name\":\"TIL SALGS! Nord QBE 200&#215;200\"}]},{\"@type\":\"WebSite\",\"@id\":\"https:\\\/\\\/vikingsauna.eu\\\/#website\",\"url\":\"https:\\\/\\\/vikingsauna.eu\\\/\",\"name\":\"VikingSauna\",\"description\":\"\",\"publisher\":{\"@id\":\"https:\\\/\\\/vikingsauna.eu\\\/#organization\"},\"potentialAction\":[{\"@type\":\"SearchAction\",\"target\":{\"@type\":\"EntryPoint\",\"urlTemplate\":\"https:\\\/\\\/vikingsauna.eu\\\/?s={search_term_string}\"},\"query-input\":{\"@type\":\"PropertyValueSpecification\",\"valueRequired\":true,\"valueName\":\"search_term_string\"}}],\"inLanguage\":\"nb-NO\"},{\"@type\":\"Organization\",\"@id\":\"https:\\\/\\\/vikingsauna.eu\\\/#organization\",\"name\":\"VikingSauna\",\"url\":\"https:\\\/\\\/vikingsauna.eu\\\/\",\"logo\":{\"@type\":\"ImageObject\",\"inLanguage\":\"nb-NO\",\"@id\":\"https:\\\/\\\/vikingsauna.eu\\\/#\\\/schema\\\/logo\\\/image\\\/\",\"url\":\"https:\\\/\\\/vikingsauna.eu\\\/wp-content\\\/uploads\\\/2024\\\/10\\\/2.png\",\"contentUrl\":\"https:\\\/\\\/vikingsauna.eu\\\/wp-content\\\/uploads\\\/2024\\\/10\\\/2.png\",\"width\":500,\"height\":500,\"caption\":\"VikingSauna\"},\"image\":{\"@id\":\"https:\\\/\\\/vikingsauna.eu\\\/#\\\/schema\\\/logo\\\/image\\\/\"},\"sameAs\":[\"https:\\\/\\\/www.facebook.com\\\/people\\\/VikingSauna\\\/61567916655491\\\/?_rdr\"]}]}<\/script>\n<!-- \/ Yoast SEO plugin. -->","yoast_head_json":{"title":"TIL SALGS! Nord QBE 200x200 - VikingSauna","description":"NORD QBE tilbyr sjener\u00f8s plass og en sterk arkitektonisk tilstedev\u00e6relse som passer s\u00f8ml\u00f8st inn i nordisk natur og minimalistiske omgivelser.","robots":{"index":"index","follow":"follow","max-snippet":"max-snippet:-1","max-image-preview":"max-image-preview:large","max-video-preview":"max-video-preview:-1"},"canonical":"https:\/\/vikingsauna.eu\/no\/produkt\/til-salgs-nord-qbe-200x200\/","og_locale":"nb_NO","og_type":"article","og_title":"TIL SALGS! Nord QBE 200x200 - VikingSauna","og_description":"NORD QBE tilbyr sjener\u00f8s plass og en sterk arkitektonisk tilstedev\u00e6relse som passer s\u00f8ml\u00f8st inn i nordisk natur og minimalistiske omgivelser.","og_url":"https:\/\/vikingsauna.eu\/no\/produkt\/til-salgs-nord-qbe-200x200\/","og_site_name":"VikingSauna","article_publisher":"https:\/\/www.facebook.com\/people\/VikingSauna\/61567916655491\/?_rdr","article_modified_time":"2026-03-29T14:13:30+00:00","og_image":[{"width":1920,"height":2560,"url":"https:\/\/vikingsauna.eu\/wp-content\/uploads\/2026\/02\/702AFBA7-439A-4B11-97E2-622E34BDF89F-scaled.jpeg","type":"image\/jpeg"}],"twitter_card":"summary_large_image","twitter_misc":{"Ansl. lesetid":"1 minutt"},"schema":{"@context":"https:\/\/schema.org","@graph":[{"@type":"WebPage","@id":"https:\/\/vikingsauna.eu\/no\/produkt\/til-salgs-nord-qbe-200x200\/","url":"https:\/\/vikingsauna.eu\/no\/produkt\/til-salgs-nord-qbe-200x200\/","name":"TIL SALGS! Nord QBE 200x200 - VikingSauna","isPartOf":{"@id":"https:\/\/vikingsauna.eu\/#website"},"primaryImageOfPage":{"@id":"https:\/\/vikingsauna.eu\/no\/produkt\/til-salgs-nord-qbe-200x200\/#primaryimage"},"image":{"@id":"https:\/\/vikingsauna.eu\/no\/produkt\/til-salgs-nord-qbe-200x200\/#primaryimage"},"thumbnailUrl":"https:\/\/vikingsauna.eu\/wp-content\/uploads\/2026\/02\/702AFBA7-439A-4B11-97E2-622E34BDF89F-scaled.jpeg","datePublished":"2026-02-02T16:41:44+00:00","dateModified":"2026-03-29T14:13:30+00:00","description":"NORD QBE tilbyr sjener\u00f8s plass og en sterk arkitektonisk tilstedev\u00e6relse som passer s\u00f8ml\u00f8st inn i nordisk natur og minimalistiske omgivelser.","breadcrumb":{"@id":"https:\/\/vikingsauna.eu\/no\/produkt\/til-salgs-nord-qbe-200x200\/#breadcrumb"},"inLanguage":"nb-NO","potentialAction":[{"@type":"ReadAction","target":["https:\/\/vikingsauna.eu\/no\/produkt\/til-salgs-nord-qbe-200x200\/"]}]},{"@type":"ImageObject","inLanguage":"nb-NO","@id":"https:\/\/vikingsauna.eu\/no\/produkt\/til-salgs-nord-qbe-200x200\/#primaryimage","url":"https:\/\/vikingsauna.eu\/wp-content\/uploads\/2026\/02\/702AFBA7-439A-4B11-97E2-622E34BDF89F-scaled.jpeg","contentUrl":"https:\/\/vikingsauna.eu\/wp-content\/uploads\/2026\/02\/702AFBA7-439A-4B11-97E2-622E34BDF89F-scaled.jpeg","width":1920,"height":2560},{"@type":"BreadcrumbList","@id":"https:\/\/vikingsauna.eu\/no\/produkt\/til-salgs-nord-qbe-200x200\/#breadcrumb","itemListElement":[{"@type":"ListItem","position":1,"name":"Home","item":"https:\/\/vikingsauna.eu\/no\/"},{"@type":"ListItem","position":2,"name":"Pood","item":"https:\/\/vikingsauna.eu\/no\/pood\/"},{"@type":"ListItem","position":3,"name":"TIL SALGS! Nord QBE 200&#215;200"}]},{"@type":"WebSite","@id":"https:\/\/vikingsauna.eu\/#website","url":"https:\/\/vikingsauna.eu\/","name":"VikingSauna","description":"","publisher":{"@id":"https:\/\/vikingsauna.eu\/#organization"},"potentialAction":[{"@type":"SearchAction","target":{"@type":"EntryPoint","urlTemplate":"https:\/\/vikingsauna.eu\/?s={search_term_string}"},"query-input":{"@type":"PropertyValueSpecification","valueRequired":true,"valueName":"search_term_string"}}],"inLanguage":"nb-NO"},{"@type":"Organization","@id":"https:\/\/vikingsauna.eu\/#organization","name":"VikingSauna","url":"https:\/\/vikingsauna.eu\/","logo":{"@type":"ImageObject","inLanguage":"nb-NO","@id":"https:\/\/vikingsauna.eu\/#\/schema\/logo\/image\/","url":"https:\/\/vikingsauna.eu\/wp-content\/uploads\/2024\/10\/2.png","contentUrl":"https:\/\/vikingsauna.eu\/wp-content\/uploads\/2024\/10\/2.png","width":500,"height":500,"caption":"VikingSauna"},"image":{"@id":"https:\/\/vikingsauna.eu\/#\/schema\/logo\/image\/"},"sameAs":["https:\/\/www.facebook.com\/people\/VikingSauna\/61567916655491\/?_rdr"]}]}},"uagb_featured_image_src":{"full":["https:\/\/vikingsauna.eu\/wp-content\/uploads\/2026\/02\/702AFBA7-439A-4B11-97E2-622E34BDF89F-scaled.jpeg",1920,2560,false],"thumbnail":["https:\/\/vikingsauna.eu\/wp-content\/uploads\/2026\/02\/702AFBA7-439A-4B11-97E2-622E34BDF89F-150x150.jpeg",150,150,true],"medium":["https:\/\/vikingsauna.eu\/wp-content\/uploads\/2026\/02\/702AFBA7-439A-4B11-97E2-622E34BDF89F-225x300.jpeg",225,300,true],"medium_large":["https:\/\/vikingsauna.eu\/wp-content\/uploads\/2026\/02\/702AFBA7-439A-4B11-97E2-622E34BDF89F-768x1024.jpeg",768,1024,true],"large":["https:\/\/vikingsauna.eu\/wp-content\/uploads\/2026\/02\/702AFBA7-439A-4B11-97E2-622E34BDF89F-768x1024.jpeg",768,1024,true],"1536x1536":["https:\/\/vikingsauna.eu\/wp-content\/uploads\/2026\/02\/702AFBA7-439A-4B11-97E2-622E34BDF89F-1152x1536.jpeg",1152,1536,true],"2048x2048":["https:\/\/vikingsauna.eu\/wp-content\/uploads\/2026\/02\/702AFBA7-439A-4B11-97E2-622E34BDF89F-1536x2048.jpeg",1536,2048,true],"woocommerce_thumbnail":["https:\/\/vikingsauna.eu\/wp-content\/uploads\/2026\/02\/702AFBA7-439A-4B11-97E2-622E34BDF89F-500x375.jpeg",500,375,true],"woocommerce_single":["https:\/\/vikingsauna.eu\/wp-content\/uploads\/2026\/02\/702AFBA7-439A-4B11-97E2-622E34BDF89F-1200x1600.jpeg",1200,1600,true],"woocommerce_gallery_thumbnail":["https:\/\/vikingsauna.eu\/wp-content\/uploads\/2026\/02\/702AFBA7-439A-4B11-97E2-622E34BDF89F-100x100.jpeg",100,100,true]},"uagb_author_info":{"display_name":"Britta Bergmann","author_link":"https:\/\/vikingsauna.eu\/no\/author\/"},"uagb_comment_info":0,"uagb_excerpt":"TIL SALG - NORD QBE Sauna 200\u00d7200 En kubisk, h\u00e5ndlaget nordisk badstue bygget av massiv nordisk gran - ren, moderne design uten at det g\u00e5r p\u00e5 bekostning av den autentiske badstueopplevelsen. Med sine 200 \u00d7 200 cm tilbyr NORD QBE sjener\u00f8s plass og en sterk arkitektonisk tilstedev\u00e6relse som passer s\u00f8ml\u00f8st inn i den nordiske naturen&hellip;","_links":{"self":[{"href":"https:\/\/vikingsauna.eu\/no\/wp-json\/wp\/v2\/product\/3146","targetHints":{"allow":["GET"]}}],"collection":[{"href":"https:\/\/vikingsauna.eu\/no\/wp-json\/wp\/v2\/product"}],"about":[{"href":"https:\/\/vikingsauna.eu\/no\/wp-json\/wp\/v2\/types\/product"}],"wp:featuredmedia":[{"embeddable":true,"href":"https:\/\/vikingsauna.eu\/no\/wp-json\/wp\/v2\/media\/3067"}],"wp:attachment":[{"href":"https:\/\/vikingsauna.eu\/no\/wp-json\/wp\/v2\/media?parent=3146"}],"wp:term":[{"taxonomy":"product_brand","embeddable":true,"href":"https:\/\/vikingsauna.eu\/no\/wp-json\/wp\/v2\/product_brand?post=3146"},{"taxonomy":"product_cat","embeddable":true,"href":"https:\/\/vikingsauna.eu\/no\/wp-json\/wp\/v2\/product_cat?post=3146"},{"taxonomy":"product_tag","embeddable":true,"href":"https:\/\/vikingsauna.eu\/no\/wp-json\/wp\/v2\/product_tag?post=3146"}],"curies":[{"name":"wp","href":"https:\/\/api.w.org\/{rel}","templated":true}]}}