{"id":3152,"date":"2025-12-17T16:12:34","date_gmt":"2025-12-17T14:12:34","guid":{"rendered":"https:\/\/vikingsauna.eu\/product\/super-pris-nord-qbe-200x200\/"},"modified":"2025-12-17T16:12:34","modified_gmt":"2025-12-17T14:12:34","slug":"super-pris-nord-qbe-200x200","status":"publish","type":"product","link":"https:\/\/vikingsauna.eu\/no\/produkt\/super-pris-nord-qbe-200x200\/","title":{"rendered":"SUPER PRIS! NORD QBE 200&#215;200"},"content":{"rendered":"<h2 data-start=\"154\" data-end=\"188\">Sauna Nord QBE 200\u00d7200 &#8211; OUTLET<\/h2>\n<p data-start=\"190\" data-end=\"224\"><strong data-start=\"190\" data-end=\"224\">Kompakt kraft. Nordisk komfort. <\/strong><\/p>\n<p data-start=\"226\" data-end=\"471\"><strong data-start=\"230\" data-end=\"250\">Nord QBE 200\u00d7200<\/strong> er en perfekt balansert badstue designet for deg som \u00f8nsker autentisk varme i et kompakt format. Denne modellen er ideell for <strong data-start=\"358\" data-end=\"373\">3-5 personer<\/strong>, og gir en ekte nordisk badstueopplevelse med moderne detaljer og slitesterk konstruksjon. <\/p>\n<p data-start=\"473\" data-end=\"717\">Badstuen er <strong data-start=\"485\" data-end=\"517\">kledd i dyp svart utvendig kledning<\/strong>, og smelter uanstrengt inn i naturen samtidig som den gir et dristig arkitektonisk uttrykk. <strong data-start=\"610\" data-end=\"641\">Panoramavinduet p\u00e5 150\u00d7170 cm<\/strong> bringer naturen inn i badstuen og skaper en rolig og oppslukende atmosf\u00e6re. <\/p>\n<p data-start=\"719\" data-end=\"943\">Myk <strong data-start=\"724\" data-end=\"756\">LED-belysning under benken<\/strong> bidrar til avslapping og gir et varmt, moderne preg. <strong data-start=\"812\" data-end=\"830\">D\u00f8ren p\u00e5 venstre side<\/strong> er laget av <strong data-start=\"842\" data-end=\"860\">herdet glass<\/strong> og gir sikker og funksjonell tilgang, samtidig som den opprettholder et rent og \u00e5pent interi\u00f8r. <\/p>\n<h3 data-start=\"945\" data-end=\"961\">Viktige funksjoner<\/h3>\n<ul data-start=\"962\" data-end=\"1178\">\n<li data-start=\"962\" data-end=\"986\">\n<p data-start=\"964\" data-end=\"986\">St\u00f8rrelse: <strong data-start=\"970\" data-end=\"986\">200 \u00d7 200 cm<\/strong><\/p>\n<\/li>\n<li data-start=\"987\" data-end=\"1014\">\n<p data-start=\"989\" data-end=\"1014\">Kapasitet: <strong data-start=\"999\" data-end=\"1014\">3-5 personer<\/strong><\/p>\n<\/li>\n<li data-start=\"1015\" data-end=\"1042\">\n<p data-start=\"1017\" data-end=\"1042\">Utvendig farge: <strong data-start=\"1033\" data-end=\"1042\">Svart<\/strong><\/p>\n<\/li>\n<li data-start=\"1043\" data-end=\"1078\">\n<p data-start=\"1045\" data-end=\"1078\"><strong data-start=\"1045\" data-end=\"1078\">Panoramavindu 150 \u00d7 170 cm<\/strong><\/p>\n<\/li>\n<li data-start=\"1079\" data-end=\"1107\">\n<p data-start=\"1081\" data-end=\"1107\"><strong data-start=\"1081\" data-end=\"1107\">LED-lys under benken<\/strong><\/p>\n<\/li>\n<li data-start=\"1108\" data-end=\"1146\">\n<p data-start=\"1110\" data-end=\"1146\"><strong data-start=\"1110\" data-end=\"1146\">D\u00f8r plassert p\u00e5 venstre side<\/strong><\/p>\n<\/li>\n<li data-start=\"1147\" data-end=\"1178\">\n<p data-start=\"1149\" data-end=\"1178\"><strong data-start=\"1149\" data-end=\"1178\">Badstued\u00f8r i herdet glass<\/strong><\/p>\n<\/li>\n<\/ul>\n<h3 data-start=\"1180\" data-end=\"1198\">Alternativer for varmeapparat<\/h3>\n<p data-start=\"1199\" data-end=\"1238\">Velg den varmen som passer til ritualet ditt:<\/p>\n<ul data-start=\"1239\" data-end=\"1452\">\n<li data-start=\"1239\" data-end=\"1348\">\n<p data-start=\"1241\" data-end=\"1348\"><strong data-start=\"1241\" data-end=\"1263\">Vedfyrt ovn<\/strong>: <em data-start=\"1265\" data-end=\"1276\">Harvia M3<\/em><br data-start=\"1276\" data-end=\"1279\">Inkluderer badstusteiner og skorstein for en tradisjonell, kraftig varme.<\/p>\n<\/li>\n<li data-start=\"1349\" data-end=\"1452\">\n<p data-start=\"1351\" data-end=\"1452\"><strong data-start=\"1351\" data-end=\"1369\">Elektrisk komfyr<\/strong>: <em data-start=\"1371\" data-end=\"1393\">Harvia Cilindro PC90<\/em><br data-start=\"1393\" data-end=\"1396\">Inkluderer badstuesteiner for ren, uanstrengt drift.<\/p>\n<\/li>\n<\/ul>\n<p data-start=\"1454\" data-end=\"1549\"><strong data-start=\"1454\" data-end=\"1494\">OUTLET TILBUD &#8211; begrenset tilgjengelighet.<\/strong><br data-start=\"1494\" data-end=\"1497\">Premium Viking-design. Redusert pris. Ingen kompromisser.  <\/p>\n","protected":false},"excerpt":{"rendered":"<p data-start=\"190\" data-end=\"224\"><strong data-start=\"190\" data-end=\"224\">Kompakt kraft. Nordisk komfort. <\/strong><\/p>\n<p data-start=\"226\" data-end=\"471\"><strong data-start=\"230\" data-end=\"250\">Nord QBE 200\u00d7200<\/strong> er en perfekt balansert badstue designet for deg som \u00f8nsker autentisk varme i et kompakt format. Denne modellen er ideell for <strong data-start=\"358\" data-end=\"373\">3-5 personer<\/strong>, og gir en ekte nordisk badstueopplevelse med moderne detaljer og slitesterk konstruksjon. <\/p>\n<p data-start=\"473\" data-end=\"717\">Badstuen er <strong data-start=\"485\" data-end=\"517\">kledd i dyp svart utvendig kledning<\/strong>, og smelter uanstrengt inn i naturen samtidig som den gir et dristig arkitektonisk uttrykk. <strong data-start=\"610\" data-end=\"641\">Panoramavinduet p\u00e5 150\u00d7170 cm<\/strong> bringer naturen inn i badstuen og skaper en rolig og oppslukende atmosf\u00e6re. <\/p>\n<p data-start=\"719\" data-end=\"943\">Myk <strong data-start=\"724\" data-end=\"756\">LED-belysning under benken<\/strong> bidrar til avslapping og gir et varmt, moderne preg. <strong data-start=\"812\" data-end=\"830\">D\u00f8ren p\u00e5 venstre side<\/strong> er laget av <strong data-start=\"842\" data-end=\"860\">herdet glass<\/strong> og gir sikker og funksjonell tilgang, samtidig som den opprettholder et rent og \u00e5pent interi\u00f8r. <\/p>\n","protected":false},"featured_media":2926,"template":"","meta":{"_uag_custom_page_level_css":"","site-sidebar-layout":"default","site-content-layout":"","ast-site-content-layout":"default","site-content-style":"default","site-sidebar-style":"default","ast-global-header-display":"","ast-banner-title-visibility":"","ast-main-header-display":"","ast-hfb-above-header-display":"","ast-hfb-below-header-display":"","ast-hfb-mobile-header-display":"","site-post-title":"","ast-breadcrumbs-content":"","ast-featured-img":"","footer-sml-layout":"","ast-disable-related-posts":"","theme-transparent-header-meta":"default","adv-header-id-meta":"","stick-header-meta":"","header-above-stick-meta":"","header-main-stick-meta":"","header-below-stick-meta":"","astra-migrate-meta-layouts":"default","ast-page-background-enabled":"default","ast-page-background-meta":{"desktop":{"background-color":"var(--ast-global-color-4)","background-image":"","background-repeat":"repeat","background-position":"center center","background-size":"auto","background-attachment":"scroll","background-type":"","background-media":"","overlay-type":"","overlay-color":"","overlay-opacity":"","overlay-gradient":""},"tablet":{"background-color":"","background-image":"","background-repeat":"repeat","background-position":"center center","background-size":"auto","background-attachment":"scroll","background-type":"","background-media":"","overlay-type":"","overlay-color":"","overlay-opacity":"","overlay-gradient":""},"mobile":{"background-color":"","background-image":"","background-repeat":"repeat","background-position":"center center","background-size":"auto","background-attachment":"scroll","background-type":"","background-media":"","overlay-type":"","overlay-color":"","overlay-opacity":"","overlay-gradient":""}},"ast-content-background-meta":{"desktop":{"background-color":"var(--ast-global-color-5)","background-image":"","background-repeat":"repeat","background-position":"center center","background-size":"auto","background-attachment":"scroll","background-type":"","background-media":"","overlay-type":"","overlay-color":"","overlay-opacity":"","overlay-gradient":""},"tablet":{"background-color":"var(--ast-global-color-5)","background-image":"","background-repeat":"repeat","background-position":"center center","background-size":"auto","background-attachment":"scroll","background-type":"","background-media":"","overlay-type":"","overlay-color":"","overlay-opacity":"","overlay-gradient":""},"mobile":{"background-color":"var(--ast-global-color-5)","background-image":"","background-repeat":"repeat","background-position":"center center","background-size":"auto","background-attachment":"scroll","background-type":"","background-media":"","overlay-type":"","overlay-color":"","overlay-opacity":"","overlay-gradient":""}}},"product_brand":[],"product_cat":[55,71,48],"product_tag":[],"class_list":{"0":"post-3152","1":"product","2":"type-product","3":"status-publish","4":"has-post-thumbnail","6":"product_cat-outlet","7":"product_cat-pf-category-norwegian","8":"product_cat-uncategorized-no","9":"desktop-align-left","10":"tablet-align-left","11":"mobile-align-left","13":"first","14":"instock","15":"sale","16":"shipping-taxable","17":"purchasable","18":"product-type-simple"},"yoast_head":"<!-- This site is optimized with the Yoast SEO plugin v27.3 - https:\/\/yoast.com\/product\/yoast-seo-wordpress\/ -->\n<title>SUPER PRIS! NORD QBE 200x200 - VikingSauna<\/title>\n<meta name=\"robots\" content=\"index, follow, max-snippet:-1, max-image-preview:large, max-video-preview:-1\" \/>\n<link rel=\"canonical\" href=\"https:\/\/vikingsauna.eu\/no\/produkt\/super-pris-nord-qbe-200x200\/\" \/>\n<meta property=\"og:locale\" content=\"nb_NO\" \/>\n<meta property=\"og:type\" content=\"article\" \/>\n<meta property=\"og:title\" content=\"SUPER PRIS! NORD QBE 200x200 - VikingSauna\" \/>\n<meta property=\"og:description\" content=\"Kompakt kraft. Nordisk komfort. Nord QBE 200\u00d7200 er en perfekt balansert badstue designet for deg som \u00f8nsker autentisk varme i et kompakt format. Denne modellen er ideell for 3-5 personer, og gir en ekte nordisk badstueopplevelse med moderne detaljer og slitesterk konstruksjon. Badstuen er kledd i dyp svart utvendig kledning, og smelter uanstrengt inn i naturen samtidig som den gir et dristig arkitektonisk uttrykk. Panoramavinduet p\u00e5 150\u00d7170 cm bringer naturen inn i badstuen og skaper en rolig og oppslukende atmosf\u00e6re. Myk LED-belysning under benken bidrar til avslapping og gir et varmt, moderne preg. D\u00f8ren p\u00e5 venstre side er laget av herdet glass og gir sikker og funksjonell tilgang, samtidig som den opprettholder et rent og \u00e5pent interi\u00f8r.\" \/>\n<meta property=\"og:url\" content=\"https:\/\/vikingsauna.eu\/no\/produkt\/super-pris-nord-qbe-200x200\/\" \/>\n<meta property=\"og:site_name\" content=\"VikingSauna\" \/>\n<meta property=\"article:publisher\" content=\"https:\/\/www.facebook.com\/people\/VikingSauna\/61567916655491\/?_rdr\" \/>\n<meta property=\"og:image\" content=\"https:\/\/vikingsauna.eu\/wp-content\/uploads\/2025\/12\/IMG_5459-765x1024.png\" \/>\n\t<meta property=\"og:image:width\" content=\"765\" \/>\n\t<meta property=\"og:image:height\" content=\"1024\" \/>\n\t<meta property=\"og:image:type\" content=\"image\/png\" \/>\n<meta name=\"twitter:card\" content=\"summary_large_image\" \/>\n<meta name=\"twitter:label1\" content=\"Ansl. lesetid\" \/>\n\t<meta name=\"twitter:data1\" content=\"1 minutt\" \/>\n<script type=\"application\/ld+json\" class=\"yoast-schema-graph\">{\"@context\":\"https:\\\/\\\/schema.org\",\"@graph\":[{\"@type\":\"WebPage\",\"@id\":\"https:\\\/\\\/vikingsauna.eu\\\/no\\\/produkt\\\/super-pris-nord-qbe-200x200\\\/\",\"url\":\"https:\\\/\\\/vikingsauna.eu\\\/no\\\/produkt\\\/super-pris-nord-qbe-200x200\\\/\",\"name\":\"SUPER PRIS! NORD QBE 200x200 - VikingSauna\",\"isPartOf\":{\"@id\":\"https:\\\/\\\/vikingsauna.eu\\\/#website\"},\"primaryImageOfPage\":{\"@id\":\"https:\\\/\\\/vikingsauna.eu\\\/no\\\/produkt\\\/super-pris-nord-qbe-200x200\\\/#primaryimage\"},\"image\":{\"@id\":\"https:\\\/\\\/vikingsauna.eu\\\/no\\\/produkt\\\/super-pris-nord-qbe-200x200\\\/#primaryimage\"},\"thumbnailUrl\":\"https:\\\/\\\/vikingsauna.eu\\\/wp-content\\\/uploads\\\/2025\\\/12\\\/IMG_5459.png\",\"datePublished\":\"2025-12-17T14:12:34+00:00\",\"breadcrumb\":{\"@id\":\"https:\\\/\\\/vikingsauna.eu\\\/no\\\/produkt\\\/super-pris-nord-qbe-200x200\\\/#breadcrumb\"},\"inLanguage\":\"nb-NO\",\"potentialAction\":[{\"@type\":\"ReadAction\",\"target\":[\"https:\\\/\\\/vikingsauna.eu\\\/no\\\/produkt\\\/super-pris-nord-qbe-200x200\\\/\"]}]},{\"@type\":\"ImageObject\",\"inLanguage\":\"nb-NO\",\"@id\":\"https:\\\/\\\/vikingsauna.eu\\\/no\\\/produkt\\\/super-pris-nord-qbe-200x200\\\/#primaryimage\",\"url\":\"https:\\\/\\\/vikingsauna.eu\\\/wp-content\\\/uploads\\\/2025\\\/12\\\/IMG_5459.png\",\"contentUrl\":\"https:\\\/\\\/vikingsauna.eu\\\/wp-content\\\/uploads\\\/2025\\\/12\\\/IMG_5459.png\",\"width\":896,\"height\":1200},{\"@type\":\"BreadcrumbList\",\"@id\":\"https:\\\/\\\/vikingsauna.eu\\\/no\\\/produkt\\\/super-pris-nord-qbe-200x200\\\/#breadcrumb\",\"itemListElement\":[{\"@type\":\"ListItem\",\"position\":1,\"name\":\"Home\",\"item\":\"https:\\\/\\\/vikingsauna.eu\\\/no\\\/\"},{\"@type\":\"ListItem\",\"position\":2,\"name\":\"Pood\",\"item\":\"https:\\\/\\\/vikingsauna.eu\\\/no\\\/pood\\\/\"},{\"@type\":\"ListItem\",\"position\":3,\"name\":\"SUPER PRIS! NORD QBE 200&#215;200\"}]},{\"@type\":\"WebSite\",\"@id\":\"https:\\\/\\\/vikingsauna.eu\\\/#website\",\"url\":\"https:\\\/\\\/vikingsauna.eu\\\/\",\"name\":\"VikingSauna\",\"description\":\"\",\"publisher\":{\"@id\":\"https:\\\/\\\/vikingsauna.eu\\\/#organization\"},\"potentialAction\":[{\"@type\":\"SearchAction\",\"target\":{\"@type\":\"EntryPoint\",\"urlTemplate\":\"https:\\\/\\\/vikingsauna.eu\\\/?s={search_term_string}\"},\"query-input\":{\"@type\":\"PropertyValueSpecification\",\"valueRequired\":true,\"valueName\":\"search_term_string\"}}],\"inLanguage\":\"nb-NO\"},{\"@type\":\"Organization\",\"@id\":\"https:\\\/\\\/vikingsauna.eu\\\/#organization\",\"name\":\"VikingSauna\",\"url\":\"https:\\\/\\\/vikingsauna.eu\\\/\",\"logo\":{\"@type\":\"ImageObject\",\"inLanguage\":\"nb-NO\",\"@id\":\"https:\\\/\\\/vikingsauna.eu\\\/#\\\/schema\\\/logo\\\/image\\\/\",\"url\":\"https:\\\/\\\/vikingsauna.eu\\\/wp-content\\\/uploads\\\/2024\\\/10\\\/2.png\",\"contentUrl\":\"https:\\\/\\\/vikingsauna.eu\\\/wp-content\\\/uploads\\\/2024\\\/10\\\/2.png\",\"width\":500,\"height\":500,\"caption\":\"VikingSauna\"},\"image\":{\"@id\":\"https:\\\/\\\/vikingsauna.eu\\\/#\\\/schema\\\/logo\\\/image\\\/\"},\"sameAs\":[\"https:\\\/\\\/www.facebook.com\\\/people\\\/VikingSauna\\\/61567916655491\\\/?_rdr\"]}]}<\/script>\n<!-- \/ Yoast SEO plugin. -->","yoast_head_json":{"title":"SUPER PRIS! NORD QBE 200x200 - VikingSauna","robots":{"index":"index","follow":"follow","max-snippet":"max-snippet:-1","max-image-preview":"max-image-preview:large","max-video-preview":"max-video-preview:-1"},"canonical":"https:\/\/vikingsauna.eu\/no\/produkt\/super-pris-nord-qbe-200x200\/","og_locale":"nb_NO","og_type":"article","og_title":"SUPER PRIS! NORD QBE 200x200 - VikingSauna","og_description":"Kompakt kraft. Nordisk komfort. Nord QBE 200\u00d7200 er en perfekt balansert badstue designet for deg som \u00f8nsker autentisk varme i et kompakt format. Denne modellen er ideell for 3-5 personer, og gir en ekte nordisk badstueopplevelse med moderne detaljer og slitesterk konstruksjon. Badstuen er kledd i dyp svart utvendig kledning, og smelter uanstrengt inn i naturen samtidig som den gir et dristig arkitektonisk uttrykk. Panoramavinduet p\u00e5 150\u00d7170 cm bringer naturen inn i badstuen og skaper en rolig og oppslukende atmosf\u00e6re. Myk LED-belysning under benken bidrar til avslapping og gir et varmt, moderne preg. D\u00f8ren p\u00e5 venstre side er laget av herdet glass og gir sikker og funksjonell tilgang, samtidig som den opprettholder et rent og \u00e5pent interi\u00f8r.","og_url":"https:\/\/vikingsauna.eu\/no\/produkt\/super-pris-nord-qbe-200x200\/","og_site_name":"VikingSauna","article_publisher":"https:\/\/www.facebook.com\/people\/VikingSauna\/61567916655491\/?_rdr","og_image":[{"width":765,"height":1024,"url":"https:\/\/vikingsauna.eu\/wp-content\/uploads\/2025\/12\/IMG_5459-765x1024.png","type":"image\/png"}],"twitter_card":"summary_large_image","twitter_misc":{"Ansl. lesetid":"1 minutt"},"schema":{"@context":"https:\/\/schema.org","@graph":[{"@type":"WebPage","@id":"https:\/\/vikingsauna.eu\/no\/produkt\/super-pris-nord-qbe-200x200\/","url":"https:\/\/vikingsauna.eu\/no\/produkt\/super-pris-nord-qbe-200x200\/","name":"SUPER PRIS! NORD QBE 200x200 - VikingSauna","isPartOf":{"@id":"https:\/\/vikingsauna.eu\/#website"},"primaryImageOfPage":{"@id":"https:\/\/vikingsauna.eu\/no\/produkt\/super-pris-nord-qbe-200x200\/#primaryimage"},"image":{"@id":"https:\/\/vikingsauna.eu\/no\/produkt\/super-pris-nord-qbe-200x200\/#primaryimage"},"thumbnailUrl":"https:\/\/vikingsauna.eu\/wp-content\/uploads\/2025\/12\/IMG_5459.png","datePublished":"2025-12-17T14:12:34+00:00","breadcrumb":{"@id":"https:\/\/vikingsauna.eu\/no\/produkt\/super-pris-nord-qbe-200x200\/#breadcrumb"},"inLanguage":"nb-NO","potentialAction":[{"@type":"ReadAction","target":["https:\/\/vikingsauna.eu\/no\/produkt\/super-pris-nord-qbe-200x200\/"]}]},{"@type":"ImageObject","inLanguage":"nb-NO","@id":"https:\/\/vikingsauna.eu\/no\/produkt\/super-pris-nord-qbe-200x200\/#primaryimage","url":"https:\/\/vikingsauna.eu\/wp-content\/uploads\/2025\/12\/IMG_5459.png","contentUrl":"https:\/\/vikingsauna.eu\/wp-content\/uploads\/2025\/12\/IMG_5459.png","width":896,"height":1200},{"@type":"BreadcrumbList","@id":"https:\/\/vikingsauna.eu\/no\/produkt\/super-pris-nord-qbe-200x200\/#breadcrumb","itemListElement":[{"@type":"ListItem","position":1,"name":"Home","item":"https:\/\/vikingsauna.eu\/no\/"},{"@type":"ListItem","position":2,"name":"Pood","item":"https:\/\/vikingsauna.eu\/no\/pood\/"},{"@type":"ListItem","position":3,"name":"SUPER PRIS! NORD QBE 200&#215;200"}]},{"@type":"WebSite","@id":"https:\/\/vikingsauna.eu\/#website","url":"https:\/\/vikingsauna.eu\/","name":"VikingSauna","description":"","publisher":{"@id":"https:\/\/vikingsauna.eu\/#organization"},"potentialAction":[{"@type":"SearchAction","target":{"@type":"EntryPoint","urlTemplate":"https:\/\/vikingsauna.eu\/?s={search_term_string}"},"query-input":{"@type":"PropertyValueSpecification","valueRequired":true,"valueName":"search_term_string"}}],"inLanguage":"nb-NO"},{"@type":"Organization","@id":"https:\/\/vikingsauna.eu\/#organization","name":"VikingSauna","url":"https:\/\/vikingsauna.eu\/","logo":{"@type":"ImageObject","inLanguage":"nb-NO","@id":"https:\/\/vikingsauna.eu\/#\/schema\/logo\/image\/","url":"https:\/\/vikingsauna.eu\/wp-content\/uploads\/2024\/10\/2.png","contentUrl":"https:\/\/vikingsauna.eu\/wp-content\/uploads\/2024\/10\/2.png","width":500,"height":500,"caption":"VikingSauna"},"image":{"@id":"https:\/\/vikingsauna.eu\/#\/schema\/logo\/image\/"},"sameAs":["https:\/\/www.facebook.com\/people\/VikingSauna\/61567916655491\/?_rdr"]}]}},"uagb_featured_image_src":{"full":["https:\/\/vikingsauna.eu\/wp-content\/uploads\/2025\/12\/IMG_5459.png",896,1200,false],"thumbnail":["https:\/\/vikingsauna.eu\/wp-content\/uploads\/2025\/12\/IMG_5459-150x150.png",150,150,true],"medium":["https:\/\/vikingsauna.eu\/wp-content\/uploads\/2025\/12\/IMG_5459-224x300.png",224,300,true],"medium_large":["https:\/\/vikingsauna.eu\/wp-content\/uploads\/2025\/12\/IMG_5459-768x1029.png",768,1029,true],"large":["https:\/\/vikingsauna.eu\/wp-content\/uploads\/2025\/12\/IMG_5459-765x1024.png",765,1024,true],"1536x1536":["https:\/\/vikingsauna.eu\/wp-content\/uploads\/2025\/12\/IMG_5459.png",896,1200,false],"2048x2048":["https:\/\/vikingsauna.eu\/wp-content\/uploads\/2025\/12\/IMG_5459.png",896,1200,false],"woocommerce_thumbnail":["https:\/\/vikingsauna.eu\/wp-content\/uploads\/2025\/12\/IMG_5459-500x375.png",500,375,true],"woocommerce_single":["https:\/\/vikingsauna.eu\/wp-content\/uploads\/2025\/12\/IMG_5459.png",896,1200,false],"woocommerce_gallery_thumbnail":["https:\/\/vikingsauna.eu\/wp-content\/uploads\/2025\/12\/IMG_5459-100x100.png",100,100,true]},"uagb_author_info":{"display_name":"karinaloid","author_link":"https:\/\/vikingsauna.eu\/no\/author\/"},"uagb_comment_info":0,"uagb_excerpt":"Kompakt kraft. Nordisk komfort. Nord QBE 200\u00d7200 er en perfekt balansert badstue designet for deg som \u00f8nsker autentisk varme i et kompakt format. Denne modellen er ideell for 3-5 personer, og gir en ekte nordisk badstueopplevelse med moderne detaljer og slitesterk konstruksjon. Badstuen er kledd i dyp svart utvendig kledning, og smelter uanstrengt inn i&hellip;","_links":{"self":[{"href":"https:\/\/vikingsauna.eu\/no\/wp-json\/wp\/v2\/product\/3152","targetHints":{"allow":["GET"]}}],"collection":[{"href":"https:\/\/vikingsauna.eu\/no\/wp-json\/wp\/v2\/product"}],"about":[{"href":"https:\/\/vikingsauna.eu\/no\/wp-json\/wp\/v2\/types\/product"}],"wp:featuredmedia":[{"embeddable":true,"href":"https:\/\/vikingsauna.eu\/no\/wp-json\/wp\/v2\/media\/2926"}],"wp:attachment":[{"href":"https:\/\/vikingsauna.eu\/no\/wp-json\/wp\/v2\/media?parent=3152"}],"wp:term":[{"taxonomy":"product_brand","embeddable":true,"href":"https:\/\/vikingsauna.eu\/no\/wp-json\/wp\/v2\/product_brand?post=3152"},{"taxonomy":"product_cat","embeddable":true,"href":"https:\/\/vikingsauna.eu\/no\/wp-json\/wp\/v2\/product_cat?post=3152"},{"taxonomy":"product_tag","embeddable":true,"href":"https:\/\/vikingsauna.eu\/no\/wp-json\/wp\/v2\/product_tag?post=3152"}],"curies":[{"name":"wp","href":"https:\/\/api.w.org\/{rel}","templated":true}]}}